{"id":5462,"date":"2025-05-29T17:49:30","date_gmt":"2025-05-29T17:49:30","guid":{"rendered":"https:\/\/viamorenno.com.br\/?post_type=product&#038;p=5462"},"modified":"2026-02-02T18:56:05","modified_gmt":"2026-02-02T18:56:05","slug":"vestido-sylvie","status":"publish","type":"product","link":"https:\/\/viamorenno.com.br\/en\/product\/vestido-sylvie\/","title":{"rendered":"Vestido Sylvie"},"content":{"rendered":"<p>Conjunto de vestido 2 pe\u00e7as.<\/p>\n<p>Vestido lady like tweed premium sem elastano sem manga, no modelo regata larga. Possui gola &#8216;O&#8217; e aplica\u00e7\u00e3o de bot\u00f5es n\u00e3o funcionais no busto. Saia no modelo god\u00ea com detalhes de pregas. Possui z\u00edper nas costas. Casaco na renda guipir de algod\u00e3o em compos\u00ea com o mesmo tweed do vestido, com aplica\u00e7\u00e3o de bot\u00e3o funcional na gola na manga 3\/8 levemente bufante. Possui aplica\u00e7\u00e3o de lapelas fakes com detalhe de bot\u00e3o n\u00e3o funcional e barrado da pr\u00f3pia renda na manga e no casaco.<\/p>\n<p>Tamanhos<\/p>\n<p>P Veste 38<\/p>\n<p>M Veste 40<\/p>\n<p>G Veste 42<\/p>","protected":false},"excerpt":{"rendered":"<p>Conjunto de vestido 2 pe\u00e7as. Vestido lady like tweed premium sem elastano sem manga, no modelo regata larga. Possui gola &#8216;O&#8217; e aplica\u00e7\u00e3o de bot\u00f5es n\u00e3o funcionais no busto. Saia no modelo god\u00ea com detalhes de pregas. Possui z\u00edper nas costas. Casaco na renda guipir de algod\u00e3o em compos\u00ea com o mesmo tweed do vestido, [&hellip;]<\/p>\n","protected":false},"featured_media":6639,"comment_status":"open","ping_status":"closed","template":"","meta":{"_joinchat":[]},"product_brand":[],"product_cat":[116],"product_tag":[],"class_list":{"0":"post-5462","1":"product","2":"type-product","3":"status-publish","4":"has-post-thumbnail","6":"product_cat-vestidos","8":"first","9":"instock","10":"shipping-taxable","11":"purchasable","12":"product-type-variable"},"_links":{"self":[{"href":"https:\/\/viamorenno.com.br\/en\/wp-json\/wp\/v2\/product\/5462","targetHints":{"allow":["GET"]}}],"collection":[{"href":"https:\/\/viamorenno.com.br\/en\/wp-json\/wp\/v2\/product"}],"about":[{"href":"https:\/\/viamorenno.com.br\/en\/wp-json\/wp\/v2\/types\/product"}],"replies":[{"embeddable":true,"href":"https:\/\/viamorenno.com.br\/en\/wp-json\/wp\/v2\/comments?post=5462"}],"version-history":[{"count":0,"href":"https:\/\/viamorenno.com.br\/en\/wp-json\/wp\/v2\/product\/5462\/revisions"}],"wp:featuredmedia":[{"embeddable":true,"href":"https:\/\/viamorenno.com.br\/en\/wp-json\/wp\/v2\/media\/6639"}],"wp:attachment":[{"href":"https:\/\/viamorenno.com.br\/en\/wp-json\/wp\/v2\/media?parent=5462"}],"wp:term":[{"taxonomy":"product_brand","embeddable":true,"href":"https:\/\/viamorenno.com.br\/en\/wp-json\/wp\/v2\/product_brand?post=5462"},{"taxonomy":"product_cat","embeddable":true,"href":"https:\/\/viamorenno.com.br\/en\/wp-json\/wp\/v2\/product_cat?post=5462"},{"taxonomy":"product_tag","embeddable":true,"href":"https:\/\/viamorenno.com.br\/en\/wp-json\/wp\/v2\/product_tag?post=5462"}],"curies":[{"name":"wp","href":"https:\/\/api.w.org\/{rel}","templated":true}]}}