{"id":5505,"date":"2025-06-12T14:36:51","date_gmt":"2025-06-12T14:36:51","guid":{"rendered":"https:\/\/viamorenno.com.br\/?post_type=product&#038;p=5505"},"modified":"2026-01-27T14:59:39","modified_gmt":"2026-01-27T14:59:39","slug":"vestido-indrig","status":"publish","type":"product","link":"https:\/\/viamorenno.com.br\/en\/product\/vestido-indrig\/","title":{"rendered":"Vestido Ingrid"},"content":{"rendered":"<p>Vestido no modelo tubinho no tecido veludo 3D. Possui manga curta levemente bufante e possui decote cora\u00e7\u00e3o. Acompanha faixa para amarra\u00e7\u00e3o na cintura de sedinha e broche opcional de flor. Saia no modelo tubinho com mini fenda frontal. Possui z\u00edper nas costas. Possui forro.<\/p>\n<p>Tamanhos e Medidas:<\/p>\n<p>Tamanho PP:\u00a0 \u00a0Busto: 88\u00a0 Cintura: 70\u00a0 \u00a0Quadril: 96\u00a0 Comprimento: 100<\/p>\n<p>Tamanho G:\u00a0 \u00a0 \u00a0 Busto: 100\u00a0 Cintura: 82\u00a0 \u00a0Quadril: 108\u00a0 Comprimento: 103<\/p>\n<p>&nbsp;<\/p>","protected":false},"excerpt":{"rendered":"<p>Vestido no modelo tubinho no tecido veludo 3D. Possui manga curta levemente bufante e possui decote cora\u00e7\u00e3o. Acompanha faixa para amarra\u00e7\u00e3o na cintura de sedinha e broche opcional de flor. Saia no modelo tubinho com mini fenda frontal. Possui z\u00edper nas costas. Possui forro. Tamanhos e Medidas: Tamanho PP:\u00a0 \u00a0Busto: 88\u00a0 Cintura: 70\u00a0 \u00a0Quadril: 96\u00a0 [&hellip;]<\/p>\n","protected":false},"featured_media":5506,"comment_status":"open","ping_status":"closed","template":"","meta":{"_joinchat":[]},"product_brand":[],"product_cat":[116],"product_tag":[],"class_list":{"0":"post-5505","1":"product","2":"type-product","3":"status-publish","4":"has-post-thumbnail","6":"product_cat-vestidos","8":"first","9":"instock","10":"shipping-taxable","11":"purchasable","12":"product-type-variable"},"_links":{"self":[{"href":"https:\/\/viamorenno.com.br\/en\/wp-json\/wp\/v2\/product\/5505","targetHints":{"allow":["GET"]}}],"collection":[{"href":"https:\/\/viamorenno.com.br\/en\/wp-json\/wp\/v2\/product"}],"about":[{"href":"https:\/\/viamorenno.com.br\/en\/wp-json\/wp\/v2\/types\/product"}],"replies":[{"embeddable":true,"href":"https:\/\/viamorenno.com.br\/en\/wp-json\/wp\/v2\/comments?post=5505"}],"version-history":[{"count":0,"href":"https:\/\/viamorenno.com.br\/en\/wp-json\/wp\/v2\/product\/5505\/revisions"}],"wp:featuredmedia":[{"embeddable":true,"href":"https:\/\/viamorenno.com.br\/en\/wp-json\/wp\/v2\/media\/5506"}],"wp:attachment":[{"href":"https:\/\/viamorenno.com.br\/en\/wp-json\/wp\/v2\/media?parent=5505"}],"wp:term":[{"taxonomy":"product_brand","embeddable":true,"href":"https:\/\/viamorenno.com.br\/en\/wp-json\/wp\/v2\/product_brand?post=5505"},{"taxonomy":"product_cat","embeddable":true,"href":"https:\/\/viamorenno.com.br\/en\/wp-json\/wp\/v2\/product_cat?post=5505"},{"taxonomy":"product_tag","embeddable":true,"href":"https:\/\/viamorenno.com.br\/en\/wp-json\/wp\/v2\/product_tag?post=5505"}],"curies":[{"name":"wp","href":"https:\/\/api.w.org\/{rel}","templated":true}]}}