{"id":5510,"date":"2025-06-12T15:37:54","date_gmt":"2025-06-12T15:37:54","guid":{"rendered":"https:\/\/viamorenno.com.br\/?post_type=product&#038;p=5510"},"modified":"2026-03-23T17:08:39","modified_gmt":"2026-03-23T17:08:39","slug":"vestido-alice","status":"publish","type":"product","link":"https:\/\/viamorenno.com.br\/en\/product\/vestido-alice\/","title":{"rendered":"Vestido Alice"},"content":{"rendered":"<p>Vestido no tecido de alfaiataria xadrez. Possui gola padre com bot\u00f5es encapados e funcionais aplicados na frente do vestido. Possui manga curto levemente bufante com punho fechado. Acompanha cinto de couro com fivela dourada. Possui aplica\u00e7\u00e3o de babado no mesmo tecido da pe\u00e7a. N\u00e3o possui z\u00edper. Possui forro<\/p>\n<p>Tamanhos e Medidas:<\/p>\n<p>Tamanho PP:\u00a0 \u00a0Busto:88\u00a0 \u00a0Cintura: 74\u00a0 \u00a0Quadril: 98\u00a0 \u00a0 \u00a0Comprimento: 99<\/p>\n<p>&nbsp;<\/p>","protected":false},"excerpt":{"rendered":"<p>Vestido no tecido de alfaiataria xadrez. Possui gola padre com bot\u00f5es encapados e funcionais aplicados na frente do vestido. Possui manga curto levemente bufante com punho fechado. Acompanha cinto de couro com fivela dourada. Possui aplica\u00e7\u00e3o de babado no mesmo tecido da pe\u00e7a. N\u00e3o possui z\u00edper. Possui forro Tamanhos e Medidas: Tamanho PP:\u00a0 \u00a0Busto:88\u00a0 \u00a0Cintura: [&hellip;]<\/p>\n","protected":false},"featured_media":6636,"comment_status":"open","ping_status":"closed","template":"","meta":{"_joinchat":[]},"product_brand":[],"product_cat":[116],"product_tag":[],"class_list":{"0":"post-5510","1":"product","2":"type-product","3":"status-publish","4":"has-post-thumbnail","6":"product_cat-vestidos","8":"first","9":"instock","10":"shipping-taxable","11":"purchasable","12":"product-type-variable"},"_links":{"self":[{"href":"https:\/\/viamorenno.com.br\/en\/wp-json\/wp\/v2\/product\/5510","targetHints":{"allow":["GET"]}}],"collection":[{"href":"https:\/\/viamorenno.com.br\/en\/wp-json\/wp\/v2\/product"}],"about":[{"href":"https:\/\/viamorenno.com.br\/en\/wp-json\/wp\/v2\/types\/product"}],"replies":[{"embeddable":true,"href":"https:\/\/viamorenno.com.br\/en\/wp-json\/wp\/v2\/comments?post=5510"}],"version-history":[{"count":0,"href":"https:\/\/viamorenno.com.br\/en\/wp-json\/wp\/v2\/product\/5510\/revisions"}],"wp:featuredmedia":[{"embeddable":true,"href":"https:\/\/viamorenno.com.br\/en\/wp-json\/wp\/v2\/media\/6636"}],"wp:attachment":[{"href":"https:\/\/viamorenno.com.br\/en\/wp-json\/wp\/v2\/media?parent=5510"}],"wp:term":[{"taxonomy":"product_brand","embeddable":true,"href":"https:\/\/viamorenno.com.br\/en\/wp-json\/wp\/v2\/product_brand?post=5510"},{"taxonomy":"product_cat","embeddable":true,"href":"https:\/\/viamorenno.com.br\/en\/wp-json\/wp\/v2\/product_cat?post=5510"},{"taxonomy":"product_tag","embeddable":true,"href":"https:\/\/viamorenno.com.br\/en\/wp-json\/wp\/v2\/product_tag?post=5510"}],"curies":[{"name":"wp","href":"https:\/\/api.w.org\/{rel}","templated":true}]}}