{"id":5591,"date":"2025-06-29T03:05:06","date_gmt":"2025-06-29T03:05:06","guid":{"rendered":"https:\/\/viamorenno.com.br\/?post_type=product&#038;p=5591"},"modified":"2026-03-13T18:22:47","modified_gmt":"2026-03-13T18:22:47","slug":"vestido-damares","status":"publish","type":"product","link":"https:\/\/viamorenno.com.br\/en\/product\/vestido-damares\/","title":{"rendered":"Conjunto Damares"},"content":{"rendered":"<p>Salopete no tecido de Tweed com decote quadrado e possui al\u00e7a regata. Saia no modelo evas\u00ea com aplica\u00e7\u00e3o de 1 maria em pregas. N\u00e3o possui z\u00edper. Acompanha cinto de couro com fivela dourada. Camisa separada no tecido Crepe Premium com manga longa levemente bufante el\u00e1stico no punho. Possui gola com pontas para amarra\u00e7\u00e3o. N\u00e3o possui forro.<\/p>\n<p>Tamanhos e Medidas:<\/p>\n<p>P Busto: 92\u00a0 \u00a0 \u00a0Cintura: 74\u00a0 \u00a0 \u00a0Quadril: 102\u00a0 \u00a0 \u00a0 Comprimento: 105<\/p>\n<p>M Busto: 96\u00a0 \u00a0 Cintura: 78\u00a0 \u00a0 \u00a0Quadril: 106\u00a0 \u00a0 \u00a0Comprimento: 106<\/p>\n<p>G Busto: 100\u00a0 \u00a0Cintura: 82\u00a0 \u00a0 \u00a0Quadril: 110\u00a0 \u00a0 \u00a0Comprimento: 107<\/p>\n<p>&nbsp;<\/p>","protected":false},"excerpt":{"rendered":"<p>Salopete no tecido de Tweed com decote quadrado e possui al\u00e7a regata. Saia no modelo evas\u00ea com aplica\u00e7\u00e3o de 1 maria em pregas. N\u00e3o possui z\u00edper. Acompanha cinto de couro com fivela dourada. Camisa separada no tecido Crepe Premium com manga longa levemente bufante el\u00e1stico no punho. Possui gola com pontas para amarra\u00e7\u00e3o. N\u00e3o possui [&hellip;]<\/p>\n","protected":false},"featured_media":6634,"comment_status":"open","ping_status":"closed","template":"","meta":{"_joinchat":[]},"product_brand":[],"product_cat":[117,116],"product_tag":[],"class_list":{"0":"post-5591","1":"product","2":"type-product","3":"status-publish","4":"has-post-thumbnail","6":"product_cat-vestido-curto","7":"product_cat-vestidos","9":"first","10":"instock","11":"shipping-taxable","12":"purchasable","13":"product-type-variable"},"_links":{"self":[{"href":"https:\/\/viamorenno.com.br\/en\/wp-json\/wp\/v2\/product\/5591","targetHints":{"allow":["GET"]}}],"collection":[{"href":"https:\/\/viamorenno.com.br\/en\/wp-json\/wp\/v2\/product"}],"about":[{"href":"https:\/\/viamorenno.com.br\/en\/wp-json\/wp\/v2\/types\/product"}],"replies":[{"embeddable":true,"href":"https:\/\/viamorenno.com.br\/en\/wp-json\/wp\/v2\/comments?post=5591"}],"version-history":[{"count":0,"href":"https:\/\/viamorenno.com.br\/en\/wp-json\/wp\/v2\/product\/5591\/revisions"}],"wp:featuredmedia":[{"embeddable":true,"href":"https:\/\/viamorenno.com.br\/en\/wp-json\/wp\/v2\/media\/6634"}],"wp:attachment":[{"href":"https:\/\/viamorenno.com.br\/en\/wp-json\/wp\/v2\/media?parent=5591"}],"wp:term":[{"taxonomy":"product_brand","embeddable":true,"href":"https:\/\/viamorenno.com.br\/en\/wp-json\/wp\/v2\/product_brand?post=5591"},{"taxonomy":"product_cat","embeddable":true,"href":"https:\/\/viamorenno.com.br\/en\/wp-json\/wp\/v2\/product_cat?post=5591"},{"taxonomy":"product_tag","embeddable":true,"href":"https:\/\/viamorenno.com.br\/en\/wp-json\/wp\/v2\/product_tag?post=5591"}],"curies":[{"name":"wp","href":"https:\/\/api.w.org\/{rel}","templated":true}]}}