{"id":5618,"date":"2025-07-01T12:12:25","date_gmt":"2025-07-01T12:12:25","guid":{"rendered":"https:\/\/viamorenno.com.br\/?post_type=product&#038;p=5618"},"modified":"2025-11-06T13:56:03","modified_gmt":"2025-11-06T13:56:03","slug":"vestido-julietta","status":"publish","type":"product","link":"https:\/\/viamorenno.com.br\/en\/product\/vestido-julietta\/","title":{"rendered":"Vestido Julietta"},"content":{"rendered":"<p>Vestido modelo Salopete, mangas no tecido de tricoline e vestido no tecido de Linho de Algod\u00e3o. Possui aplica\u00e7\u00e3o de bot\u00f5es funcionais na gola. Possui manga princesa com detalhe em bordado. Saia no modelo god\u00ea. Possui ziper. Possui forro.<\/p>\n<p>Tamanhos e Medidas:<\/p>\n<p>P Busto: 92\u00a0 \u00a0 Cintura: 74\u00a0 \u00a0 \u00a0Quadril: God\u00ea\u00a0 \u00a0 \u00a0 Comprimento: 116.<\/p>\n<p>&nbsp;<\/p>\n<p>&nbsp;<\/p>","protected":false},"excerpt":{"rendered":"<p>Vestido modelo Salopete, mangas no tecido de tricoline e vestido no tecido de Linho de Algod\u00e3o. Possui aplica\u00e7\u00e3o de bot\u00f5es funcionais na gola. Possui manga princesa com detalhe em bordado. Saia no modelo god\u00ea. Possui ziper. Possui forro. Tamanhos e Medidas: P Busto: 92\u00a0 \u00a0 Cintura: 74\u00a0 \u00a0 \u00a0Quadril: God\u00ea\u00a0 \u00a0 \u00a0 Comprimento: 116. &nbsp; [&hellip;]<\/p>\n","protected":false},"featured_media":6619,"comment_status":"open","ping_status":"closed","template":"","meta":{"_joinchat":[]},"product_brand":[],"product_cat":[210,116],"product_tag":[],"class_list":{"0":"post-5618","1":"product","2":"type-product","3":"status-publish","4":"has-post-thumbnail","6":"product_cat-vestido-midi","7":"product_cat-vestidos","9":"first","10":"instock","11":"shipping-taxable","12":"purchasable","13":"product-type-variable"},"_links":{"self":[{"href":"https:\/\/viamorenno.com.br\/en\/wp-json\/wp\/v2\/product\/5618","targetHints":{"allow":["GET"]}}],"collection":[{"href":"https:\/\/viamorenno.com.br\/en\/wp-json\/wp\/v2\/product"}],"about":[{"href":"https:\/\/viamorenno.com.br\/en\/wp-json\/wp\/v2\/types\/product"}],"replies":[{"embeddable":true,"href":"https:\/\/viamorenno.com.br\/en\/wp-json\/wp\/v2\/comments?post=5618"}],"version-history":[{"count":0,"href":"https:\/\/viamorenno.com.br\/en\/wp-json\/wp\/v2\/product\/5618\/revisions"}],"wp:featuredmedia":[{"embeddable":true,"href":"https:\/\/viamorenno.com.br\/en\/wp-json\/wp\/v2\/media\/6619"}],"wp:attachment":[{"href":"https:\/\/viamorenno.com.br\/en\/wp-json\/wp\/v2\/media?parent=5618"}],"wp:term":[{"taxonomy":"product_brand","embeddable":true,"href":"https:\/\/viamorenno.com.br\/en\/wp-json\/wp\/v2\/product_brand?post=5618"},{"taxonomy":"product_cat","embeddable":true,"href":"https:\/\/viamorenno.com.br\/en\/wp-json\/wp\/v2\/product_cat?post=5618"},{"taxonomy":"product_tag","embeddable":true,"href":"https:\/\/viamorenno.com.br\/en\/wp-json\/wp\/v2\/product_tag?post=5618"}],"curies":[{"name":"wp","href":"https:\/\/api.w.org\/{rel}","templated":true}]}}