{"id":5624,"date":"2025-07-01T12:21:11","date_gmt":"2025-07-01T12:21:11","guid":{"rendered":"https:\/\/viamorenno.com.br\/?post_type=product&#038;p=5624"},"modified":"2025-11-06T14:24:35","modified_gmt":"2025-11-06T14:24:35","slug":"vestido-lavine","status":"publish","type":"product","link":"https:\/\/viamorenno.com.br\/en\/product\/vestido-lavine\/","title":{"rendered":"Vestido Lavine"},"content":{"rendered":"<p>Vestido modelo salopete. Vestido modelo tubinho no tecido de tweed com gola e manga no tricoline. Pussui gola boneca com bot\u00e3o encapado funcional. Possui manga com detalhe de bordado maquinetado e aplica\u00e7\u00e3o de el\u00e1stico. Possui forro.<\/p>\n<p>Tamanhos e Medidas:<\/p>\n<p>EXG Busto: 108\u00a0 \u00a0Cintura: 90\u00a0 Quadril: 118\u00a0 \u00a0 \u00a0Comprimento: 104.<\/p>\n<p>&nbsp;<\/p>","protected":false},"excerpt":{"rendered":"<p>Vestido modelo salopete. Vestido modelo tubinho no tecido de tweed com gola e manga no tricoline. Pussui gola boneca com bot\u00e3o encapado funcional. Possui manga com detalhe de bordado maquinetado e aplica\u00e7\u00e3o de el\u00e1stico. Possui forro. Tamanhos e Medidas: EXG Busto: 108\u00a0 \u00a0Cintura: 90\u00a0 Quadril: 118\u00a0 \u00a0 \u00a0Comprimento: 104. &nbsp;<\/p>","protected":false},"featured_media":6630,"comment_status":"open","ping_status":"closed","template":"","meta":{"_joinchat":[]},"product_brand":[],"product_cat":[116],"product_tag":[],"class_list":{"0":"post-5624","1":"product","2":"type-product","3":"status-publish","4":"has-post-thumbnail","6":"product_cat-vestidos","8":"first","9":"instock","10":"shipping-taxable","11":"purchasable","12":"product-type-variable"},"_links":{"self":[{"href":"https:\/\/viamorenno.com.br\/en\/wp-json\/wp\/v2\/product\/5624","targetHints":{"allow":["GET"]}}],"collection":[{"href":"https:\/\/viamorenno.com.br\/en\/wp-json\/wp\/v2\/product"}],"about":[{"href":"https:\/\/viamorenno.com.br\/en\/wp-json\/wp\/v2\/types\/product"}],"replies":[{"embeddable":true,"href":"https:\/\/viamorenno.com.br\/en\/wp-json\/wp\/v2\/comments?post=5624"}],"version-history":[{"count":0,"href":"https:\/\/viamorenno.com.br\/en\/wp-json\/wp\/v2\/product\/5624\/revisions"}],"wp:featuredmedia":[{"embeddable":true,"href":"https:\/\/viamorenno.com.br\/en\/wp-json\/wp\/v2\/media\/6630"}],"wp:attachment":[{"href":"https:\/\/viamorenno.com.br\/en\/wp-json\/wp\/v2\/media?parent=5624"}],"wp:term":[{"taxonomy":"product_brand","embeddable":true,"href":"https:\/\/viamorenno.com.br\/en\/wp-json\/wp\/v2\/product_brand?post=5624"},{"taxonomy":"product_cat","embeddable":true,"href":"https:\/\/viamorenno.com.br\/en\/wp-json\/wp\/v2\/product_cat?post=5624"},{"taxonomy":"product_tag","embeddable":true,"href":"https:\/\/viamorenno.com.br\/en\/wp-json\/wp\/v2\/product_tag?post=5624"}],"curies":[{"name":"wp","href":"https:\/\/api.w.org\/{rel}","templated":true}]}}