{"id":5664,"date":"2025-07-01T20:49:36","date_gmt":"2025-07-01T20:49:36","guid":{"rendered":"https:\/\/viamorenno.com.br\/?post_type=product&#038;p=5664"},"modified":"2025-10-18T18:49:16","modified_gmt":"2025-10-18T18:49:16","slug":"conjunto-elisabete","status":"publish","type":"product","link":"https:\/\/viamorenno.com.br\/en\/product\/conjunto-elisabete\/","title":{"rendered":"Conjunto Elisabete"},"content":{"rendered":"<p>Conjunto 2 pe\u00e7as. Vestido no modelo tubinho na malha Crepe New Prene. Casaquinho tweed com fios brilhosos, bot\u00f5es n\u00e3o funcionais aplicados no busto e aplica\u00e7\u00e3o de fita de veludo para amarra\u00e7\u00e3o. Possui lapelas fakes com bot\u00e3o n\u00e3o funcional aplicado. Possui forro.<\/p>\n<p>Tamanhos e Medidas:<\/p>\n<p>M Busto: 96\u00a0 \u00a0Cintura: 78\u00a0 \u00a0 \u00a0 \u00a0Quadril: 106\u00a0 \u00a0 Comprimento: 104<\/p>\n<p>&nbsp;<\/p>","protected":false},"excerpt":{"rendered":"<p>Conjunto 2 pe\u00e7as. Vestido no modelo tubinho na malha Crepe New Prene. Casaquinho tweed com fios brilhosos, bot\u00f5es n\u00e3o funcionais aplicados no busto e aplica\u00e7\u00e3o de fita de veludo para amarra\u00e7\u00e3o. Possui lapelas fakes com bot\u00e3o n\u00e3o funcional aplicado. Possui forro. Tamanhos e Medidas: M Busto: 96\u00a0 \u00a0Cintura: 78\u00a0 \u00a0 \u00a0 \u00a0Quadril: 106\u00a0 \u00a0 Comprimento: [&hellip;]<\/p>\n","protected":false},"featured_media":5675,"comment_status":"open","ping_status":"closed","template":"","meta":{"_joinchat":[]},"product_brand":[],"product_cat":[116],"product_tag":[],"class_list":{"0":"post-5664","1":"product","2":"type-product","3":"status-publish","4":"has-post-thumbnail","6":"product_cat-vestidos","8":"first","9":"instock","10":"shipping-taxable","11":"purchasable","12":"product-type-variable"},"_links":{"self":[{"href":"https:\/\/viamorenno.com.br\/en\/wp-json\/wp\/v2\/product\/5664","targetHints":{"allow":["GET"]}}],"collection":[{"href":"https:\/\/viamorenno.com.br\/en\/wp-json\/wp\/v2\/product"}],"about":[{"href":"https:\/\/viamorenno.com.br\/en\/wp-json\/wp\/v2\/types\/product"}],"replies":[{"embeddable":true,"href":"https:\/\/viamorenno.com.br\/en\/wp-json\/wp\/v2\/comments?post=5664"}],"version-history":[{"count":0,"href":"https:\/\/viamorenno.com.br\/en\/wp-json\/wp\/v2\/product\/5664\/revisions"}],"wp:featuredmedia":[{"embeddable":true,"href":"https:\/\/viamorenno.com.br\/en\/wp-json\/wp\/v2\/media\/5675"}],"wp:attachment":[{"href":"https:\/\/viamorenno.com.br\/en\/wp-json\/wp\/v2\/media?parent=5664"}],"wp:term":[{"taxonomy":"product_brand","embeddable":true,"href":"https:\/\/viamorenno.com.br\/en\/wp-json\/wp\/v2\/product_brand?post=5664"},{"taxonomy":"product_cat","embeddable":true,"href":"https:\/\/viamorenno.com.br\/en\/wp-json\/wp\/v2\/product_cat?post=5664"},{"taxonomy":"product_tag","embeddable":true,"href":"https:\/\/viamorenno.com.br\/en\/wp-json\/wp\/v2\/product_tag?post=5664"}],"curies":[{"name":"wp","href":"https:\/\/api.w.org\/{rel}","templated":true}]}}