{"id":5731,"date":"2025-07-11T18:19:29","date_gmt":"2025-07-11T18:19:29","guid":{"rendered":"https:\/\/viamorenno.com.br\/?post_type=product&#038;p=5731"},"modified":"2025-08-15T19:04:20","modified_gmt":"2025-08-15T19:04:20","slug":"conjunto-liz","status":"publish","type":"product","link":"https:\/\/viamorenno.com.br\/en\/product\/conjunto-liz\/","title":{"rendered":"Conjunto Liz"},"content":{"rendered":"<p>Conjunto Liz, conjunto 2 pe\u00e7as. Camisa cropped em Cambraia bordada com gola em la\u00e7o e manga longa levemente bufante com aplica\u00e7\u00e3o de bot\u00f5es funcionais no punho. Vestido no modelo tubinho tomara que caia na alfaiataria lisa com decote de cora\u00e7\u00e3o. Possui z\u00edper nas costas.<\/p>\n<p>Tamanhos e Medidas:<\/p>\n<p>PP Busto: 88\u00a0 \u00a0 \u00a0 \u00a0Cintura: 70\u00a0 \u00a0 \u00a0Quadril: 98\u00a0 \u00a0 \u00a0Comprimento: 104<\/p>\n<p>GG Busto: 104\u00a0 \u00a0 \u00a0 \u00a0 Cintura: 86\u00a0 \u00a0 Quadril: 112\u00a0 \u00a0 Comprimento: 108<\/p>\n<p>&nbsp;<\/p>","protected":false},"excerpt":{"rendered":"<p>Conjunto Liz, conjunto 2 pe\u00e7as. Camisa cropped em Cambraia bordada com gola em la\u00e7o e manga longa levemente bufante com aplica\u00e7\u00e3o de bot\u00f5es funcionais no punho. Vestido no modelo tubinho tomara que caia na alfaiataria lisa com decote de cora\u00e7\u00e3o. Possui z\u00edper nas costas. Tamanhos e Medidas: PP Busto: 88\u00a0 \u00a0 \u00a0 \u00a0Cintura: 70\u00a0 \u00a0 [&hellip;]<\/p>\n","protected":false},"featured_media":6009,"comment_status":"open","ping_status":"closed","template":"","meta":{"_joinchat":[]},"product_brand":[],"product_cat":[210,116],"product_tag":[],"class_list":{"0":"post-5731","1":"product","2":"type-product","3":"status-publish","4":"has-post-thumbnail","6":"product_cat-vestido-midi","7":"product_cat-vestidos","9":"first","10":"instock","11":"shipping-taxable","12":"purchasable","13":"product-type-variable"},"_links":{"self":[{"href":"https:\/\/viamorenno.com.br\/en\/wp-json\/wp\/v2\/product\/5731","targetHints":{"allow":["GET"]}}],"collection":[{"href":"https:\/\/viamorenno.com.br\/en\/wp-json\/wp\/v2\/product"}],"about":[{"href":"https:\/\/viamorenno.com.br\/en\/wp-json\/wp\/v2\/types\/product"}],"replies":[{"embeddable":true,"href":"https:\/\/viamorenno.com.br\/en\/wp-json\/wp\/v2\/comments?post=5731"}],"version-history":[{"count":0,"href":"https:\/\/viamorenno.com.br\/en\/wp-json\/wp\/v2\/product\/5731\/revisions"}],"wp:featuredmedia":[{"embeddable":true,"href":"https:\/\/viamorenno.com.br\/en\/wp-json\/wp\/v2\/media\/6009"}],"wp:attachment":[{"href":"https:\/\/viamorenno.com.br\/en\/wp-json\/wp\/v2\/media?parent=5731"}],"wp:term":[{"taxonomy":"product_brand","embeddable":true,"href":"https:\/\/viamorenno.com.br\/en\/wp-json\/wp\/v2\/product_brand?post=5731"},{"taxonomy":"product_cat","embeddable":true,"href":"https:\/\/viamorenno.com.br\/en\/wp-json\/wp\/v2\/product_cat?post=5731"},{"taxonomy":"product_tag","embeddable":true,"href":"https:\/\/viamorenno.com.br\/en\/wp-json\/wp\/v2\/product_tag?post=5731"}],"curies":[{"name":"wp","href":"https:\/\/api.w.org\/{rel}","templated":true}]}}