{"id":5884,"date":"2025-07-21T20:19:31","date_gmt":"2025-07-21T20:19:31","guid":{"rendered":"https:\/\/viamorenno.com.br\/?post_type=product&#038;p=5884"},"modified":"2025-11-14T18:20:35","modified_gmt":"2025-11-14T18:20:35","slug":"conjunto-luana","status":"publish","type":"product","link":"https:\/\/viamorenno.com.br\/en\/product\/conjunto-luana\/","title":{"rendered":"Conjunto Luana"},"content":{"rendered":"<p>Look elegante no tecido de Tweed. Possui casaco cropped com detalhe de renda gripir. Gola &#8220;O&#8221; com detalhe de bot\u00e3o funcional. A blusa no tecido canelado traz leveza. Composto por saia no modelo god\u00ea. Possui z\u00edper.<\/p>\n<p>Tamanhos e Medidas:<\/p>\n<p>&nbsp;<\/p>\n<p>P Busto: 94\u00a0 \u00a0 Cintura: 74\u00a0 \u00a0 \u00a0Quadril: God\u00ea\u00a0 \u00a0Comprimento: 60<\/p>\n<p>M Busto: 98\u00a0 \u00a0Cintura: 78\u00a0 \u00a0 \u00a0Quadril: God\u00ea\u00a0 \u00a0 Comprimento: 61<\/p>\n<p>G\u00a0 Busto: 102\u00a0 \u00a0Cintura: 82\u00a0 \u00a0 Quadril: Good\u00ea\u00a0 \u00a0 Comprimento: 62<\/p>\n<p>GG Busto: 106\u00a0 \u00a0 Cintura: 86\u00a0 \u00a0 Quadril: God\u00ea\u00a0 \u00a0 Comprimento: 63<\/p>","protected":false},"excerpt":{"rendered":"<p>Look elegante no tecido de Tweed. Possui casaco cropped com detalhe de renda gripir. Gola &#8220;O&#8221; com detalhe de bot\u00e3o funcional. A blusa no tecido canelado traz leveza. Composto por saia no modelo god\u00ea. Possui z\u00edper. Tamanhos e Medidas: &nbsp; P Busto: 94\u00a0 \u00a0 Cintura: 74\u00a0 \u00a0 \u00a0Quadril: God\u00ea\u00a0 \u00a0Comprimento: 60 M Busto: 98\u00a0 \u00a0Cintura: [&hellip;]<\/p>\n","protected":false},"featured_media":5886,"comment_status":"open","ping_status":"closed","template":"","meta":{"_joinchat":[]},"product_brand":[],"product_cat":[105],"product_tag":[],"class_list":{"0":"post-5884","1":"product","2":"type-product","3":"status-publish","4":"has-post-thumbnail","6":"product_cat-conjuntos","8":"first","9":"instock","10":"shipping-taxable","11":"purchasable","12":"product-type-variable"},"_links":{"self":[{"href":"https:\/\/viamorenno.com.br\/en\/wp-json\/wp\/v2\/product\/5884","targetHints":{"allow":["GET"]}}],"collection":[{"href":"https:\/\/viamorenno.com.br\/en\/wp-json\/wp\/v2\/product"}],"about":[{"href":"https:\/\/viamorenno.com.br\/en\/wp-json\/wp\/v2\/types\/product"}],"replies":[{"embeddable":true,"href":"https:\/\/viamorenno.com.br\/en\/wp-json\/wp\/v2\/comments?post=5884"}],"version-history":[{"count":0,"href":"https:\/\/viamorenno.com.br\/en\/wp-json\/wp\/v2\/product\/5884\/revisions"}],"wp:featuredmedia":[{"embeddable":true,"href":"https:\/\/viamorenno.com.br\/en\/wp-json\/wp\/v2\/media\/5886"}],"wp:attachment":[{"href":"https:\/\/viamorenno.com.br\/en\/wp-json\/wp\/v2\/media?parent=5884"}],"wp:term":[{"taxonomy":"product_brand","embeddable":true,"href":"https:\/\/viamorenno.com.br\/en\/wp-json\/wp\/v2\/product_brand?post=5884"},{"taxonomy":"product_cat","embeddable":true,"href":"https:\/\/viamorenno.com.br\/en\/wp-json\/wp\/v2\/product_cat?post=5884"},{"taxonomy":"product_tag","embeddable":true,"href":"https:\/\/viamorenno.com.br\/en\/wp-json\/wp\/v2\/product_tag?post=5884"}],"curies":[{"name":"wp","href":"https:\/\/api.w.org\/{rel}","templated":true}]}}