{"id":5906,"date":"2025-07-21T20:30:05","date_gmt":"2025-07-21T20:30:05","guid":{"rendered":"https:\/\/viamorenno.com.br\/?post_type=product&#038;p=5906"},"modified":"2025-10-20T18:40:02","modified_gmt":"2025-10-20T18:40:02","slug":"conjunto-livia","status":"publish","type":"product","link":"https:\/\/viamorenno.com.br\/en\/product\/conjunto-livia\/","title":{"rendered":"Conjunto L\u00edvia"},"content":{"rendered":"<p>Conjunto em alfaiataria premium com acabamento sofisticado. Colete regata forrado. Acompanha bot\u00f5es encapados com bordas douradas funcionais. Com camisa no tecido cedinha com bot\u00f5es funcionais. Faixa para amarra\u00e7\u00e3o opcional. Saia no modelo god\u00ea, midi com z\u00edper.<\/p>\n<p>Tamanhos e Medidas:<\/p>\n<p>G Busto: 104\u00a0 \u00a0 \u00a0 Cintura: 82\u00a0 \u00a0 Quadril: God\u00ea\u00a0 \u00a0 \u00a0Comprimento: 123.<\/p>","protected":false},"excerpt":{"rendered":"<p>Conjunto em alfaiataria premium com acabamento sofisticado. Colete regata forrado. Acompanha bot\u00f5es encapados com bordas douradas funcionais. Com camisa no tecido cedinha com bot\u00f5es funcionais. Faixa para amarra\u00e7\u00e3o opcional. Saia no modelo god\u00ea, midi com z\u00edper. Tamanhos e Medidas: G Busto: 104\u00a0 \u00a0 \u00a0 Cintura: 82\u00a0 \u00a0 Quadril: God\u00ea\u00a0 \u00a0 \u00a0Comprimento: 123.<\/p>","protected":false},"featured_media":6000,"comment_status":"open","ping_status":"closed","template":"","meta":{"_joinchat":[]},"product_brand":[],"product_cat":[105],"product_tag":[],"class_list":{"0":"post-5906","1":"product","2":"type-product","3":"status-publish","4":"has-post-thumbnail","6":"product_cat-conjuntos","8":"first","9":"instock","10":"shipping-taxable","11":"purchasable","12":"product-type-variable"},"_links":{"self":[{"href":"https:\/\/viamorenno.com.br\/en\/wp-json\/wp\/v2\/product\/5906","targetHints":{"allow":["GET"]}}],"collection":[{"href":"https:\/\/viamorenno.com.br\/en\/wp-json\/wp\/v2\/product"}],"about":[{"href":"https:\/\/viamorenno.com.br\/en\/wp-json\/wp\/v2\/types\/product"}],"replies":[{"embeddable":true,"href":"https:\/\/viamorenno.com.br\/en\/wp-json\/wp\/v2\/comments?post=5906"}],"version-history":[{"count":0,"href":"https:\/\/viamorenno.com.br\/en\/wp-json\/wp\/v2\/product\/5906\/revisions"}],"wp:featuredmedia":[{"embeddable":true,"href":"https:\/\/viamorenno.com.br\/en\/wp-json\/wp\/v2\/media\/6000"}],"wp:attachment":[{"href":"https:\/\/viamorenno.com.br\/en\/wp-json\/wp\/v2\/media?parent=5906"}],"wp:term":[{"taxonomy":"product_brand","embeddable":true,"href":"https:\/\/viamorenno.com.br\/en\/wp-json\/wp\/v2\/product_brand?post=5906"},{"taxonomy":"product_cat","embeddable":true,"href":"https:\/\/viamorenno.com.br\/en\/wp-json\/wp\/v2\/product_cat?post=5906"},{"taxonomy":"product_tag","embeddable":true,"href":"https:\/\/viamorenno.com.br\/en\/wp-json\/wp\/v2\/product_tag?post=5906"}],"curies":[{"name":"wp","href":"https:\/\/api.w.org\/{rel}","templated":true}]}}