{"id":5917,"date":"2025-07-21T20:46:57","date_gmt":"2025-07-21T20:46:57","guid":{"rendered":"https:\/\/viamorenno.com.br\/?post_type=product&#038;p=5917"},"modified":"2025-08-11T18:15:02","modified_gmt":"2025-08-11T18:15:02","slug":"conjunto-melinda","status":"publish","type":"product","link":"https:\/\/viamorenno.com.br\/en\/product\/conjunto-melinda\/","title":{"rendered":"Conjunto Melinda"},"content":{"rendered":"<p>Conjunto Melinda<br \/>\nPuro charme com um toque retr\u00f4 que encanta!<\/p>\n<p>O vestido em alfaiataria xadrez modelo tomara que caia \u00e9 um verdadeiro destaque!<br \/>\nAcompanha cropped com gola colarinho, trazendo um ar rom\u00e2ntico e elegante.\u00a0Manga longa com babadinhos nos ombros<br \/>\nBot\u00f5es funcionais<br \/>\nSaia god\u00ea com pregas macho<br \/>\nPossui z\u00edper lateral<br \/>\nSem forro.<\/p>\n<p>Um look delicado e cheio de presen\u00e7a, perfeito.<\/p>\n<p>Tamanhos e Medidas:<\/p>\n<p>P Busto: 92\u00a0 \u00a0 \u00a0Cintura: 74\u00a0 \u00a0 \u00a0 Quadril: God\u00ea\u00a0 \u00a0 \u00a0 Comprimento: 115<\/p>\n<p>G Busto: 100\u00a0 \u00a0 Cintura: 82\u00a0 \u00a0 Quadril: God\u00ea\u00a0 \u00a0 \u00a0 \u00a0Comprimento: 117<\/p>","protected":false},"excerpt":{"rendered":"<p>Conjunto Melinda Puro charme com um toque retr\u00f4 que encanta! O vestido em alfaiataria xadrez modelo tomara que caia \u00e9 um verdadeiro destaque! Acompanha cropped com gola colarinho, trazendo um ar rom\u00e2ntico e elegante.\u00a0Manga longa com babadinhos nos ombros Bot\u00f5es funcionais Saia god\u00ea com pregas macho Possui z\u00edper lateral Sem forro. Um look delicado e [&hellip;]<\/p>\n","protected":false},"featured_media":6007,"comment_status":"open","ping_status":"closed","template":"","meta":{"_joinchat":[]},"product_brand":[],"product_cat":[116],"product_tag":[],"class_list":{"0":"post-5917","1":"product","2":"type-product","3":"status-publish","4":"has-post-thumbnail","6":"product_cat-vestidos","8":"first","9":"instock","10":"shipping-taxable","11":"purchasable","12":"product-type-variable"},"_links":{"self":[{"href":"https:\/\/viamorenno.com.br\/en\/wp-json\/wp\/v2\/product\/5917","targetHints":{"allow":["GET"]}}],"collection":[{"href":"https:\/\/viamorenno.com.br\/en\/wp-json\/wp\/v2\/product"}],"about":[{"href":"https:\/\/viamorenno.com.br\/en\/wp-json\/wp\/v2\/types\/product"}],"replies":[{"embeddable":true,"href":"https:\/\/viamorenno.com.br\/en\/wp-json\/wp\/v2\/comments?post=5917"}],"version-history":[{"count":0,"href":"https:\/\/viamorenno.com.br\/en\/wp-json\/wp\/v2\/product\/5917\/revisions"}],"wp:featuredmedia":[{"embeddable":true,"href":"https:\/\/viamorenno.com.br\/en\/wp-json\/wp\/v2\/media\/6007"}],"wp:attachment":[{"href":"https:\/\/viamorenno.com.br\/en\/wp-json\/wp\/v2\/media?parent=5917"}],"wp:term":[{"taxonomy":"product_brand","embeddable":true,"href":"https:\/\/viamorenno.com.br\/en\/wp-json\/wp\/v2\/product_brand?post=5917"},{"taxonomy":"product_cat","embeddable":true,"href":"https:\/\/viamorenno.com.br\/en\/wp-json\/wp\/v2\/product_cat?post=5917"},{"taxonomy":"product_tag","embeddable":true,"href":"https:\/\/viamorenno.com.br\/en\/wp-json\/wp\/v2\/product_tag?post=5917"}],"curies":[{"name":"wp","href":"https:\/\/api.w.org\/{rel}","templated":true}]}}