{"id":5933,"date":"2025-07-23T15:45:23","date_gmt":"2025-07-23T15:45:23","guid":{"rendered":"https:\/\/viamorenno.com.br\/?post_type=product&#038;p=5933"},"modified":"2025-12-01T18:25:10","modified_gmt":"2025-12-01T18:25:10","slug":"conjunto-mirian","status":"publish","type":"product","link":"https:\/\/viamorenno.com.br\/en\/product\/conjunto-mirian\/","title":{"rendered":"Conjunto Mirian"},"content":{"rendered":"<p>Conjunto Miriam<br \/>\nLook moderno e confort\u00e1vel para o seu dia a dia!<\/p>\n<p>Conjunto de 2 pe\u00e7as em malha lanzinha. O cropped tem gola \u201cO\u201d e detalhe de bordado maquinado no busto, com mangas levemente bufantes e el\u00e1stico no punho. A cintura do cropped tamb\u00e9m tem aplica\u00e7\u00e3o de el\u00e1stico, garantindo ajuste perfeito.\u00a0 A saia modelo tubinho possui last\u00e9x na tala, cord\u00e3o fake para amarra\u00e7\u00e3o, bolsos frontais funcionais e mini fendas laterais. Modelo com forro, super confort\u00e1vel e estiloso!<\/p>\n<p>Tamanhos e Medidas:<\/p>\n<p>G Busto: 92\u00a0 \u00a0 \u00a0Cintura: 80\u00a0 \u00a0Quadril: 108\u00a0 \u00a0 \u00a0 \u00a0 \u00a0Comprimento: 72<\/p>\n<p>&nbsp;<\/p>\n<p>&nbsp;<\/p>","protected":false},"excerpt":{"rendered":"<p>Conjunto Miriam Look moderno e confort\u00e1vel para o seu dia a dia! Conjunto de 2 pe\u00e7as em malha lanzinha. O cropped tem gola \u201cO\u201d e detalhe de bordado maquinado no busto, com mangas levemente bufantes e el\u00e1stico no punho. A cintura do cropped tamb\u00e9m tem aplica\u00e7\u00e3o de el\u00e1stico, garantindo ajuste perfeito.\u00a0 A saia modelo tubinho [&hellip;]<\/p>\n","protected":false},"featured_media":5936,"comment_status":"open","ping_status":"closed","template":"","meta":{"_joinchat":[]},"product_brand":[],"product_cat":[105],"product_tag":[],"class_list":{"0":"post-5933","1":"product","2":"type-product","3":"status-publish","4":"has-post-thumbnail","6":"product_cat-conjuntos","8":"first","9":"instock","10":"shipping-taxable","11":"purchasable","12":"product-type-variable"},"_links":{"self":[{"href":"https:\/\/viamorenno.com.br\/en\/wp-json\/wp\/v2\/product\/5933","targetHints":{"allow":["GET"]}}],"collection":[{"href":"https:\/\/viamorenno.com.br\/en\/wp-json\/wp\/v2\/product"}],"about":[{"href":"https:\/\/viamorenno.com.br\/en\/wp-json\/wp\/v2\/types\/product"}],"replies":[{"embeddable":true,"href":"https:\/\/viamorenno.com.br\/en\/wp-json\/wp\/v2\/comments?post=5933"}],"version-history":[{"count":0,"href":"https:\/\/viamorenno.com.br\/en\/wp-json\/wp\/v2\/product\/5933\/revisions"}],"wp:featuredmedia":[{"embeddable":true,"href":"https:\/\/viamorenno.com.br\/en\/wp-json\/wp\/v2\/media\/5936"}],"wp:attachment":[{"href":"https:\/\/viamorenno.com.br\/en\/wp-json\/wp\/v2\/media?parent=5933"}],"wp:term":[{"taxonomy":"product_brand","embeddable":true,"href":"https:\/\/viamorenno.com.br\/en\/wp-json\/wp\/v2\/product_brand?post=5933"},{"taxonomy":"product_cat","embeddable":true,"href":"https:\/\/viamorenno.com.br\/en\/wp-json\/wp\/v2\/product_cat?post=5933"},{"taxonomy":"product_tag","embeddable":true,"href":"https:\/\/viamorenno.com.br\/en\/wp-json\/wp\/v2\/product_tag?post=5933"}],"curies":[{"name":"wp","href":"https:\/\/api.w.org\/{rel}","templated":true}]}}