{"id":5938,"date":"2025-07-23T16:11:39","date_gmt":"2025-07-23T16:11:39","guid":{"rendered":"https:\/\/viamorenno.com.br\/?post_type=product&#038;p=5938"},"modified":"2025-10-07T19:29:49","modified_gmt":"2025-10-07T19:29:49","slug":"vestido-cecilia-2","status":"publish","type":"product","link":"https:\/\/viamorenno.com.br\/en\/product\/vestido-cecilia-2\/","title":{"rendered":"Vestido Cec\u00edlia"},"content":{"rendered":"<p>Vestido Cec\u00edlia<\/p>\n<p>Um charme que nunca sai de moda!<br \/>\nO vestido Lady Like em crepe Marrocos com estampa de cerejas \u00e9 puro amor!<br \/>\nCom decote quadrado, pregas thomas no busto e mangas bufantes, ele traz o equil\u00edbrio perfeito entre romantismo e eleg\u00e2ncia.<br \/>\nA saia god\u00ea e a faixa de amarra\u00e7\u00e3o completam o visual com um toque ainda mais feminino e delicado!<\/p>\n<p>Tamanhos e Medidas:<\/p>\n<p>G Busto: 100\u00a0 \u00a0 Cintura: 82\u00a0 \u00a0 \u00a0Quadril: God\u00ea\u00a0 \u00a0 \u00a0 Comprimento: 102<\/p>\n<p>&nbsp;<\/p>","protected":false},"excerpt":{"rendered":"<p>Vestido Cec\u00edlia Um charme que nunca sai de moda! O vestido Lady Like em crepe Marrocos com estampa de cerejas \u00e9 puro amor! Com decote quadrado, pregas thomas no busto e mangas bufantes, ele traz o equil\u00edbrio perfeito entre romantismo e eleg\u00e2ncia. A saia god\u00ea e a faixa de amarra\u00e7\u00e3o completam o visual com um [&hellip;]<\/p>\n","protected":false},"featured_media":5939,"comment_status":"open","ping_status":"closed","template":"","meta":{"_joinchat":[]},"product_brand":[],"product_cat":[116],"product_tag":[],"class_list":{"0":"post-5938","1":"product","2":"type-product","3":"status-publish","4":"has-post-thumbnail","6":"product_cat-vestidos","8":"first","9":"instock","10":"shipping-taxable","11":"purchasable","12":"product-type-variable"},"_links":{"self":[{"href":"https:\/\/viamorenno.com.br\/en\/wp-json\/wp\/v2\/product\/5938","targetHints":{"allow":["GET"]}}],"collection":[{"href":"https:\/\/viamorenno.com.br\/en\/wp-json\/wp\/v2\/product"}],"about":[{"href":"https:\/\/viamorenno.com.br\/en\/wp-json\/wp\/v2\/types\/product"}],"replies":[{"embeddable":true,"href":"https:\/\/viamorenno.com.br\/en\/wp-json\/wp\/v2\/comments?post=5938"}],"version-history":[{"count":0,"href":"https:\/\/viamorenno.com.br\/en\/wp-json\/wp\/v2\/product\/5938\/revisions"}],"wp:featuredmedia":[{"embeddable":true,"href":"https:\/\/viamorenno.com.br\/en\/wp-json\/wp\/v2\/media\/5939"}],"wp:attachment":[{"href":"https:\/\/viamorenno.com.br\/en\/wp-json\/wp\/v2\/media?parent=5938"}],"wp:term":[{"taxonomy":"product_brand","embeddable":true,"href":"https:\/\/viamorenno.com.br\/en\/wp-json\/wp\/v2\/product_brand?post=5938"},{"taxonomy":"product_cat","embeddable":true,"href":"https:\/\/viamorenno.com.br\/en\/wp-json\/wp\/v2\/product_cat?post=5938"},{"taxonomy":"product_tag","embeddable":true,"href":"https:\/\/viamorenno.com.br\/en\/wp-json\/wp\/v2\/product_tag?post=5938"}],"curies":[{"name":"wp","href":"https:\/\/api.w.org\/{rel}","templated":true}]}}