{"id":6088,"date":"2025-08-21T21:05:50","date_gmt":"2025-08-21T21:05:50","guid":{"rendered":"https:\/\/viamorenno.com.br\/?post_type=product&#038;p=6088"},"modified":"2026-02-26T19:01:32","modified_gmt":"2026-02-26T19:01:32","slug":"vestido-2","status":"publish","type":"product","link":"https:\/\/viamorenno.com.br\/en\/product\/vestido-2\/","title":{"rendered":"Vestido Polly"},"content":{"rendered":"<p>Um modelo lady like no tecido cambraia de algod\u00e3o, cheio de charme e feminilidade.<br \/>\nAplica\u00e7\u00e3o de la\u00e7o no ombro<br \/>\nManga duo bufante com bot\u00f5es funcionais (destac\u00e1vel)<br \/>\nDecote quadrado com detalhe de recorte<br \/>\nAcompanha la\u00e7o para cabelo<br \/>\nSaia evas\u00ea com 1 marias e barrado no pr\u00f3prio tecido<br \/>\nZ\u00edper nas costas. Possui forro<\/p>\n<p>Tabela de medidas<br \/>\n\u2022 PP: Busto 88 | Cintura 70 | Comprimento 104<\/p>\n<p>Um vestido elegante, delicado e perfeito para valorizar sua feminilidade!<\/p>","protected":false},"excerpt":{"rendered":"<p>Um modelo lady like no tecido cambraia de algod\u00e3o, cheio de charme e feminilidade. Aplica\u00e7\u00e3o de la\u00e7o no ombro Manga duo bufante com bot\u00f5es funcionais (destac\u00e1vel) Decote quadrado com detalhe de recorte Acompanha la\u00e7o para cabelo Saia evas\u00ea com 1 marias e barrado no pr\u00f3prio tecido Z\u00edper nas costas. Possui forro Tabela de medidas \u2022 [&hellip;]<\/p>\n","protected":false},"featured_media":6507,"comment_status":"open","ping_status":"closed","template":"","meta":{"_joinchat":[]},"product_brand":[],"product_cat":[117,116],"product_tag":[],"class_list":{"0":"post-6088","1":"product","2":"type-product","3":"status-publish","4":"has-post-thumbnail","6":"product_cat-vestido-curto","7":"product_cat-vestidos","9":"first","10":"instock","11":"shipping-taxable","12":"purchasable","13":"product-type-variable"},"_links":{"self":[{"href":"https:\/\/viamorenno.com.br\/en\/wp-json\/wp\/v2\/product\/6088","targetHints":{"allow":["GET"]}}],"collection":[{"href":"https:\/\/viamorenno.com.br\/en\/wp-json\/wp\/v2\/product"}],"about":[{"href":"https:\/\/viamorenno.com.br\/en\/wp-json\/wp\/v2\/types\/product"}],"replies":[{"embeddable":true,"href":"https:\/\/viamorenno.com.br\/en\/wp-json\/wp\/v2\/comments?post=6088"}],"version-history":[{"count":0,"href":"https:\/\/viamorenno.com.br\/en\/wp-json\/wp\/v2\/product\/6088\/revisions"}],"wp:featuredmedia":[{"embeddable":true,"href":"https:\/\/viamorenno.com.br\/en\/wp-json\/wp\/v2\/media\/6507"}],"wp:attachment":[{"href":"https:\/\/viamorenno.com.br\/en\/wp-json\/wp\/v2\/media?parent=6088"}],"wp:term":[{"taxonomy":"product_brand","embeddable":true,"href":"https:\/\/viamorenno.com.br\/en\/wp-json\/wp\/v2\/product_brand?post=6088"},{"taxonomy":"product_cat","embeddable":true,"href":"https:\/\/viamorenno.com.br\/en\/wp-json\/wp\/v2\/product_cat?post=6088"},{"taxonomy":"product_tag","embeddable":true,"href":"https:\/\/viamorenno.com.br\/en\/wp-json\/wp\/v2\/product_tag?post=6088"}],"curies":[{"name":"wp","href":"https:\/\/api.w.org\/{rel}","templated":true}]}}