{"id":6109,"date":"2025-08-25T19:27:25","date_gmt":"2025-08-25T19:27:25","guid":{"rendered":"https:\/\/viamorenno.com.br\/?post_type=product&#038;p=6109"},"modified":"2025-08-25T19:27:25","modified_gmt":"2025-08-25T19:27:25","slug":"vestido-luna","status":"publish","type":"product","link":"https:\/\/viamorenno.com.br\/en\/product\/vestido-luna\/","title":{"rendered":"Vestido Luna"},"content":{"rendered":"<p>Vestido lady like no modelo chemise na sedinha estampada. Possui gola boneca e aplica\u00e7\u00e3o de bot\u00f5es funcionais em toda a frente do vestido. Possui manga princesa com el\u00e1stico no punho.<br \/>\nAcompanha cinto de couro com fivela dourada.<br \/>\nSaia no modelo god\u00ea. N\u00e3o possui z\u00edper. Possui forro \u00e0 parte.<\/p>\n<p>Tamanhos e Medidas:<\/p>\n<p>G\u00a0 \u00a0 Busto: 100\u00a0 \u00a0 \u00a0Cintura: 81\u00a0 \u00a0 \u00a0Quadril: Evas\u00ea\u00a0 \u00a0 \u00a0Comprimento: 107<\/p>","protected":false},"excerpt":{"rendered":"<p>Vestido lady like no modelo chemise na sedinha estampada. Possui gola boneca e aplica\u00e7\u00e3o de bot\u00f5es funcionais em toda a frente do vestido. Possui manga princesa com el\u00e1stico no punho. Acompanha cinto de couro com fivela dourada. Saia no modelo god\u00ea. N\u00e3o possui z\u00edper. Possui forro \u00e0 parte. Tamanhos e Medidas: G\u00a0 \u00a0 Busto: 100\u00a0 [&hellip;]<\/p>\n","protected":false},"featured_media":6110,"comment_status":"open","ping_status":"closed","template":"","meta":{"_joinchat":[]},"product_brand":[],"product_cat":[117,116],"product_tag":[],"class_list":{"0":"post-6109","1":"product","2":"type-product","3":"status-publish","4":"has-post-thumbnail","6":"product_cat-vestido-curto","7":"product_cat-vestidos","9":"first","10":"instock","11":"shipping-taxable","12":"purchasable","13":"product-type-variable"},"_links":{"self":[{"href":"https:\/\/viamorenno.com.br\/en\/wp-json\/wp\/v2\/product\/6109","targetHints":{"allow":["GET"]}}],"collection":[{"href":"https:\/\/viamorenno.com.br\/en\/wp-json\/wp\/v2\/product"}],"about":[{"href":"https:\/\/viamorenno.com.br\/en\/wp-json\/wp\/v2\/types\/product"}],"replies":[{"embeddable":true,"href":"https:\/\/viamorenno.com.br\/en\/wp-json\/wp\/v2\/comments?post=6109"}],"version-history":[{"count":0,"href":"https:\/\/viamorenno.com.br\/en\/wp-json\/wp\/v2\/product\/6109\/revisions"}],"wp:featuredmedia":[{"embeddable":true,"href":"https:\/\/viamorenno.com.br\/en\/wp-json\/wp\/v2\/media\/6110"}],"wp:attachment":[{"href":"https:\/\/viamorenno.com.br\/en\/wp-json\/wp\/v2\/media?parent=6109"}],"wp:term":[{"taxonomy":"product_brand","embeddable":true,"href":"https:\/\/viamorenno.com.br\/en\/wp-json\/wp\/v2\/product_brand?post=6109"},{"taxonomy":"product_cat","embeddable":true,"href":"https:\/\/viamorenno.com.br\/en\/wp-json\/wp\/v2\/product_cat?post=6109"},{"taxonomy":"product_tag","embeddable":true,"href":"https:\/\/viamorenno.com.br\/en\/wp-json\/wp\/v2\/product_tag?post=6109"}],"curies":[{"name":"wp","href":"https:\/\/api.w.org\/{rel}","templated":true}]}}