{"id":6117,"date":"2025-08-25T20:56:39","date_gmt":"2025-08-25T20:56:39","guid":{"rendered":"https:\/\/viamorenno.com.br\/?post_type=product&#038;p=6117"},"modified":"2026-04-06T14:59:27","modified_gmt":"2026-04-06T14:59:27","slug":"vestido-helena","status":"publish","type":"product","link":"https:\/\/viamorenno.com.br\/en\/product\/vestido-helena\/","title":{"rendered":"Vestido Helena"},"content":{"rendered":"<p>Vestido Helena<br \/>\nVestido na cambraia de algod\u00e3o trabalhada no modelo chemise. Possui gola boneca e aplica\u00e7\u00e3o de bot\u00f5es funcionais em toda a frente do vestido. Possui manga bufante com detalhe de bordado maquinetado e el\u00e1stico no punho. Saia no modelo god\u00ea com aplica\u00e7\u00e3o de bolsos laterais funcionais. Possui forro \u00e0 parte.<\/p>\n<p>Tamanhos e Medidas:<\/p>\n<p>Tamanhos e Medidas<br \/>\nM\u00a0 \u00a0Busto: 96\u00a0 \u00a0 Cintura: 78\u00a0 \u00a0 \u00a0Quadril: God\u00ea\u00a0 \u00a0 \u00a0 Comprimento: 111<br \/>\nG\u00a0 \u00a0Busto: 100\u00a0 \u00a0Cintura: 82\u00a0 \u00a0 \u00a0Quadril: God\u00ea\u00a0 \u00a0 \u00a0 Comprimento: 112<\/p>\n<p>&nbsp;<\/p>\n<p>&nbsp;<\/p>","protected":false},"excerpt":{"rendered":"<p>[contact-form][contact-field label=&#8221;Nome&#8221; type=&#8221;name&#8221;  required=&#8221;true&#8221; \/][contact-field label=&#8221;E-mail&#8221; type=&#8221;email&#8221; required=&#8221;true&#8221; \/][contact-field label=&#8221;Site&#8221; type=&#8221;url&#8221; \/][contact-field label=&#8221;Mensagem&#8221; type=&#8221;textarea&#8221; \/][\/contact-form]<\/p>\n","protected":false},"featured_media":6118,"comment_status":"open","ping_status":"closed","template":"","meta":{"_joinchat":[]},"product_brand":[],"product_cat":[393,373,374,117,116],"product_tag":[],"class_list":{"0":"post-6117","1":"product","2":"type-product","3":"status-publish","4":"has-post-thumbnail","6":"product_cat-black-friday","7":"product_cat-trico-modal","8":"product_cat-trico-modal-trico-modal","9":"product_cat-vestido-curto","10":"product_cat-vestidos","12":"first","13":"outofstock","14":"sale","15":"shipping-taxable","16":"purchasable","17":"product-type-variable"},"_links":{"self":[{"href":"https:\/\/viamorenno.com.br\/en\/wp-json\/wp\/v2\/product\/6117","targetHints":{"allow":["GET"]}}],"collection":[{"href":"https:\/\/viamorenno.com.br\/en\/wp-json\/wp\/v2\/product"}],"about":[{"href":"https:\/\/viamorenno.com.br\/en\/wp-json\/wp\/v2\/types\/product"}],"replies":[{"embeddable":true,"href":"https:\/\/viamorenno.com.br\/en\/wp-json\/wp\/v2\/comments?post=6117"}],"version-history":[{"count":0,"href":"https:\/\/viamorenno.com.br\/en\/wp-json\/wp\/v2\/product\/6117\/revisions"}],"wp:featuredmedia":[{"embeddable":true,"href":"https:\/\/viamorenno.com.br\/en\/wp-json\/wp\/v2\/media\/6118"}],"wp:attachment":[{"href":"https:\/\/viamorenno.com.br\/en\/wp-json\/wp\/v2\/media?parent=6117"}],"wp:term":[{"taxonomy":"product_brand","embeddable":true,"href":"https:\/\/viamorenno.com.br\/en\/wp-json\/wp\/v2\/product_brand?post=6117"},{"taxonomy":"product_cat","embeddable":true,"href":"https:\/\/viamorenno.com.br\/en\/wp-json\/wp\/v2\/product_cat?post=6117"},{"taxonomy":"product_tag","embeddable":true,"href":"https:\/\/viamorenno.com.br\/en\/wp-json\/wp\/v2\/product_tag?post=6117"}],"curies":[{"name":"wp","href":"https:\/\/api.w.org\/{rel}","templated":true}]}}