{"id":6221,"date":"2025-09-05T19:55:09","date_gmt":"2025-09-05T19:55:09","guid":{"rendered":"https:\/\/viamorenno.com.br\/?post_type=product&#038;p=6221"},"modified":"2026-02-03T20:45:07","modified_gmt":"2026-02-03T20:45:07","slug":"vestido-renata","status":"publish","type":"product","link":"https:\/\/viamorenno.com.br\/en\/product\/vestido-renata\/","title":{"rendered":"Vestido Renata"},"content":{"rendered":"<p>Vestido Lady Like \u2013 Crepe Bordado Bailarina<br \/>\n\u2022 Decote V alto com falso transpasse<br \/>\n\u2022 Manga com franzido no ombro<br \/>\n\u2022 Aplica\u00e7\u00e3o de la\u00e7o no ombro<br \/>\n\u2022 Etiqueta de metal personalizada<br \/>\n\u2022 Recortes no corpo<br \/>\n\u2022 Duas marias franzidas<br \/>\n\u2022 Forrado.<\/p>","protected":false},"excerpt":{"rendered":"<p>Vestido Lady Like \u2013 Crepe Bordado Bailarina \u2022 Decote V alto com falso transpasse \u2022 Manga com franzido no ombro \u2022 Aplica\u00e7\u00e3o de la\u00e7o no ombro \u2022 Etiqueta de metal personalizada \u2022 Recortes no corpo \u2022 Duas marias franzidas \u2022 Forrado.<\/p>","protected":false},"featured_media":6223,"comment_status":"open","ping_status":"closed","template":"","meta":{"_joinchat":[]},"product_brand":[],"product_cat":[117,116],"product_tag":[],"class_list":{"0":"post-6221","1":"product","2":"type-product","3":"status-publish","4":"has-post-thumbnail","6":"product_cat-vestido-curto","7":"product_cat-vestidos","9":"first","10":"instock","11":"shipping-taxable","12":"purchasable","13":"product-type-variable"},"_links":{"self":[{"href":"https:\/\/viamorenno.com.br\/en\/wp-json\/wp\/v2\/product\/6221","targetHints":{"allow":["GET"]}}],"collection":[{"href":"https:\/\/viamorenno.com.br\/en\/wp-json\/wp\/v2\/product"}],"about":[{"href":"https:\/\/viamorenno.com.br\/en\/wp-json\/wp\/v2\/types\/product"}],"replies":[{"embeddable":true,"href":"https:\/\/viamorenno.com.br\/en\/wp-json\/wp\/v2\/comments?post=6221"}],"version-history":[{"count":0,"href":"https:\/\/viamorenno.com.br\/en\/wp-json\/wp\/v2\/product\/6221\/revisions"}],"wp:featuredmedia":[{"embeddable":true,"href":"https:\/\/viamorenno.com.br\/en\/wp-json\/wp\/v2\/media\/6223"}],"wp:attachment":[{"href":"https:\/\/viamorenno.com.br\/en\/wp-json\/wp\/v2\/media?parent=6221"}],"wp:term":[{"taxonomy":"product_brand","embeddable":true,"href":"https:\/\/viamorenno.com.br\/en\/wp-json\/wp\/v2\/product_brand?post=6221"},{"taxonomy":"product_cat","embeddable":true,"href":"https:\/\/viamorenno.com.br\/en\/wp-json\/wp\/v2\/product_cat?post=6221"},{"taxonomy":"product_tag","embeddable":true,"href":"https:\/\/viamorenno.com.br\/en\/wp-json\/wp\/v2\/product_tag?post=6221"}],"curies":[{"name":"wp","href":"https:\/\/api.w.org\/{rel}","templated":true}]}}