{"id":6242,"date":"2025-09-05T20:36:14","date_gmt":"2025-09-05T20:36:14","guid":{"rendered":"https:\/\/viamorenno.com.br\/?post_type=product&#038;p=6242"},"modified":"2026-03-14T17:51:06","modified_gmt":"2026-03-14T17:51:06","slug":"vestido-flora","status":"publish","type":"product","link":"https:\/\/viamorenno.com.br\/en\/product\/vestido-flora\/","title":{"rendered":"Vestido Flora"},"content":{"rendered":"<p>Vestido Flora<br \/>\nLady Like, delicado e super feminino!<\/p>\n<p>Feito em cambrai de algod\u00e3o estampado, possui decote quadrado, detalhe em fita de veludo no busto e mangas bufantes com la\u00e7o charmoso. A cintura em lastex valoriza a silhueta, enquanto a saia em modelo god\u00ea com tr\u00eas marias traz movimento e romantismo.\u00a0 Al\u00e9m disso, possui forro para garantir conforto e qualidade.<\/p>\n<p>Tamanho E Medidas:<\/p>\n<p>P\u00a0 \u00a0 \u00a0Busto: 92\u00a0 \u00a0 \u00a0 \u00a0Cintura: Last\u00e9x\u00a0 \u00a0 \u00a0 \u00a0Quadril: Evas\u00ea\u00a0 \u00a0 \u00a0Comprimento: 105<\/p>","protected":false},"excerpt":{"rendered":"<p>Vestido Flora Lady Like, delicado e super feminino! Feito em cambrai de algod\u00e3o estampado, possui decote quadrado, detalhe em fita de veludo no busto e mangas bufantes com la\u00e7o charmoso. A cintura em lastex valoriza a silhueta, enquanto a saia em modelo god\u00ea com tr\u00eas marias traz movimento e romantismo.\u00a0 Al\u00e9m disso, possui forro para [&hellip;]<\/p>\n","protected":false},"featured_media":6669,"comment_status":"open","ping_status":"closed","template":"","meta":{"_joinchat":[]},"product_brand":[],"product_cat":[117,116],"product_tag":[],"class_list":{"0":"post-6242","1":"product","2":"type-product","3":"status-publish","4":"has-post-thumbnail","6":"product_cat-vestido-curto","7":"product_cat-vestidos","9":"first","10":"instock","11":"sale","12":"shipping-taxable","13":"purchasable","14":"product-type-variable"},"_links":{"self":[{"href":"https:\/\/viamorenno.com.br\/en\/wp-json\/wp\/v2\/product\/6242","targetHints":{"allow":["GET"]}}],"collection":[{"href":"https:\/\/viamorenno.com.br\/en\/wp-json\/wp\/v2\/product"}],"about":[{"href":"https:\/\/viamorenno.com.br\/en\/wp-json\/wp\/v2\/types\/product"}],"replies":[{"embeddable":true,"href":"https:\/\/viamorenno.com.br\/en\/wp-json\/wp\/v2\/comments?post=6242"}],"version-history":[{"count":0,"href":"https:\/\/viamorenno.com.br\/en\/wp-json\/wp\/v2\/product\/6242\/revisions"}],"wp:featuredmedia":[{"embeddable":true,"href":"https:\/\/viamorenno.com.br\/en\/wp-json\/wp\/v2\/media\/6669"}],"wp:attachment":[{"href":"https:\/\/viamorenno.com.br\/en\/wp-json\/wp\/v2\/media?parent=6242"}],"wp:term":[{"taxonomy":"product_brand","embeddable":true,"href":"https:\/\/viamorenno.com.br\/en\/wp-json\/wp\/v2\/product_brand?post=6242"},{"taxonomy":"product_cat","embeddable":true,"href":"https:\/\/viamorenno.com.br\/en\/wp-json\/wp\/v2\/product_cat?post=6242"},{"taxonomy":"product_tag","embeddable":true,"href":"https:\/\/viamorenno.com.br\/en\/wp-json\/wp\/v2\/product_tag?post=6242"}],"curies":[{"name":"wp","href":"https:\/\/api.w.org\/{rel}","templated":true}]}}