{"id":6248,"date":"2025-09-05T20:43:56","date_gmt":"2025-09-05T20:43:56","guid":{"rendered":"https:\/\/viamorenno.com.br\/?post_type=product&#038;p=6248"},"modified":"2025-11-27T20:04:56","modified_gmt":"2025-11-27T20:04:56","slug":"conjunto-sofia","status":"publish","type":"product","link":"https:\/\/viamorenno.com.br\/en\/product\/conjunto-sofia\/","title":{"rendered":"Conjunto Sofia"},"content":{"rendered":"<p>Conjunto Sofia<\/p>\n<p>Um charme delicado para os dias mais leves!<br \/>\nEsse conjunto \u00e9 composto por 2 pe\u00e7as:<\/p>\n<p>Salopete funcional em sedinha estampada com decote cora\u00e7\u00e3o, al\u00e7as fixas e saia god\u00ea que valoriza a silhueta. Acompanha cinto de couro com fivela dourada para dar aquele toque especial. Possui forro e z\u00edper nas costas.<br \/>\nCamisa em tricoline liso, com gola boneca e aplica\u00e7\u00e3o de p\u00e9rolas, al\u00e9m de bot\u00f5es funcionais. As mangas p\u00e9talas trazem um acabamento rom\u00e2ntico com detalhe em p\u00e9rolas.<\/p>\n<p>Tamanhos e Medidas:<\/p>\n<p>G\u00a0 \u00a0 Busto: 100\u00a0 \u00a0 \u00a0Cintura: 82\u00a0 \u00a0 \u00a0 \u00a0Quadril: God\u00ea\u00a0 \u00a0 \u00a0Comprimento: 102<\/p>","protected":false},"excerpt":{"rendered":"<p>Conjunto Sofia Um charme delicado para os dias mais leves! Esse conjunto \u00e9 composto por 2 pe\u00e7as: Salopete funcional em sedinha estampada com decote cora\u00e7\u00e3o, al\u00e7as fixas e saia god\u00ea que valoriza a silhueta. Acompanha cinto de couro com fivela dourada para dar aquele toque especial. Possui forro e z\u00edper nas costas. Camisa em tricoline [&hellip;]<\/p>\n","protected":false},"featured_media":6505,"comment_status":"open","ping_status":"closed","template":"","meta":{"_joinchat":[]},"product_brand":[],"product_cat":[117,116],"product_tag":[],"class_list":{"0":"post-6248","1":"product","2":"type-product","3":"status-publish","4":"has-post-thumbnail","6":"product_cat-vestido-curto","7":"product_cat-vestidos","9":"first","10":"instock","11":"shipping-taxable","12":"purchasable","13":"product-type-variable"},"_links":{"self":[{"href":"https:\/\/viamorenno.com.br\/en\/wp-json\/wp\/v2\/product\/6248","targetHints":{"allow":["GET"]}}],"collection":[{"href":"https:\/\/viamorenno.com.br\/en\/wp-json\/wp\/v2\/product"}],"about":[{"href":"https:\/\/viamorenno.com.br\/en\/wp-json\/wp\/v2\/types\/product"}],"replies":[{"embeddable":true,"href":"https:\/\/viamorenno.com.br\/en\/wp-json\/wp\/v2\/comments?post=6248"}],"version-history":[{"count":0,"href":"https:\/\/viamorenno.com.br\/en\/wp-json\/wp\/v2\/product\/6248\/revisions"}],"wp:featuredmedia":[{"embeddable":true,"href":"https:\/\/viamorenno.com.br\/en\/wp-json\/wp\/v2\/media\/6505"}],"wp:attachment":[{"href":"https:\/\/viamorenno.com.br\/en\/wp-json\/wp\/v2\/media?parent=6248"}],"wp:term":[{"taxonomy":"product_brand","embeddable":true,"href":"https:\/\/viamorenno.com.br\/en\/wp-json\/wp\/v2\/product_brand?post=6248"},{"taxonomy":"product_cat","embeddable":true,"href":"https:\/\/viamorenno.com.br\/en\/wp-json\/wp\/v2\/product_cat?post=6248"},{"taxonomy":"product_tag","embeddable":true,"href":"https:\/\/viamorenno.com.br\/en\/wp-json\/wp\/v2\/product_tag?post=6248"}],"curies":[{"name":"wp","href":"https:\/\/api.w.org\/{rel}","templated":true}]}}