{"id":6254,"date":"2025-09-05T20:53:36","date_gmt":"2025-09-05T20:53:36","guid":{"rendered":"https:\/\/viamorenno.com.br\/?post_type=product&#038;p=6254"},"modified":"2026-01-16T20:34:19","modified_gmt":"2026-01-16T20:34:19","slug":"vestido-clara","status":"publish","type":"product","link":"https:\/\/viamorenno.com.br\/en\/product\/vestido-clara\/","title":{"rendered":"Vestido Clara"},"content":{"rendered":"<p>Vestido Clara<br \/>\nVestido confym no tecido linho de malha. Possui gola alta e manga no modelo muscle tee. Vestido no modelo cintura alta e acompanha cinto de couro com fivela. Saia no modelo tubinho com aplica\u00e7\u00e3o de 1 maria god\u00ea. N\u00e3o possui z\u00edper. Possui forro.<\/p>","protected":false},"excerpt":{"rendered":"<p>Vestido Clara Vestido confym no tecido linho de malha. Possui gola alta e manga no modelo muscle tee. Vestido no modelo cintura alta e acompanha cinto de couro com fivela. Saia no modelo tubinho com aplica\u00e7\u00e3o de 1 maria god\u00ea. N\u00e3o possui z\u00edper. Possui forro.<\/p>","protected":false},"featured_media":6709,"comment_status":"open","ping_status":"closed","template":"","meta":{"_joinchat":[]},"product_brand":[],"product_cat":[210,116],"product_tag":[],"class_list":{"0":"post-6254","1":"product","2":"type-product","3":"status-publish","4":"has-post-thumbnail","6":"product_cat-vestido-midi","7":"product_cat-vestidos","9":"first","10":"instock","11":"shipping-taxable","12":"purchasable","13":"product-type-variable"},"_links":{"self":[{"href":"https:\/\/viamorenno.com.br\/en\/wp-json\/wp\/v2\/product\/6254","targetHints":{"allow":["GET"]}}],"collection":[{"href":"https:\/\/viamorenno.com.br\/en\/wp-json\/wp\/v2\/product"}],"about":[{"href":"https:\/\/viamorenno.com.br\/en\/wp-json\/wp\/v2\/types\/product"}],"replies":[{"embeddable":true,"href":"https:\/\/viamorenno.com.br\/en\/wp-json\/wp\/v2\/comments?post=6254"}],"version-history":[{"count":0,"href":"https:\/\/viamorenno.com.br\/en\/wp-json\/wp\/v2\/product\/6254\/revisions"}],"wp:featuredmedia":[{"embeddable":true,"href":"https:\/\/viamorenno.com.br\/en\/wp-json\/wp\/v2\/media\/6709"}],"wp:attachment":[{"href":"https:\/\/viamorenno.com.br\/en\/wp-json\/wp\/v2\/media?parent=6254"}],"wp:term":[{"taxonomy":"product_brand","embeddable":true,"href":"https:\/\/viamorenno.com.br\/en\/wp-json\/wp\/v2\/product_brand?post=6254"},{"taxonomy":"product_cat","embeddable":true,"href":"https:\/\/viamorenno.com.br\/en\/wp-json\/wp\/v2\/product_cat?post=6254"},{"taxonomy":"product_tag","embeddable":true,"href":"https:\/\/viamorenno.com.br\/en\/wp-json\/wp\/v2\/product_tag?post=6254"}],"curies":[{"name":"wp","href":"https:\/\/api.w.org\/{rel}","templated":true}]}}