{"id":6307,"date":"2025-09-11T21:49:58","date_gmt":"2025-09-11T21:49:58","guid":{"rendered":"https:\/\/viamorenno.com.br\/?post_type=product&#038;p=6307"},"modified":"2026-03-23T17:00:45","modified_gmt":"2026-03-23T17:00:45","slug":"vestido-geovana","status":"publish","type":"product","link":"https:\/\/viamorenno.com.br\/en\/product\/vestido-geovana\/","title":{"rendered":"Vestido Geovana"},"content":{"rendered":"<p>Vestido tubinho no tecido canelado, com as mangas no tecido de tule. Na gola faz uma amarra\u00e7\u00e3o de la\u00e7o.<\/p>\n<p>14<\/p>\n<p>16<\/p>\n<p>P Veste 38<\/p>\n<p>M Veste 40<\/p>\n<p>G Veste 42<\/p>\n<p>GG Veste 44.<\/p>","protected":false},"excerpt":{"rendered":"<p>Vestido tubinho no tecido canelado, com as mangas no tecido de tule. Na gola faz uma amarra\u00e7\u00e3o de la\u00e7o. 14 16 P Veste 38 M Veste 40 G Veste 42 GG Veste 44.<\/p>","protected":false},"featured_media":6706,"comment_status":"open","ping_status":"closed","template":"","meta":{"_joinchat":[]},"product_brand":[],"product_cat":[295,210,116],"product_tag":[],"class_list":{"0":"post-6307","1":"product","2":"type-product","3":"status-publish","4":"has-post-thumbnail","6":"product_cat-leoparda","7":"product_cat-vestido-midi","8":"product_cat-vestidos","10":"first","11":"instock","12":"shipping-taxable","13":"purchasable","14":"product-type-variable"},"_links":{"self":[{"href":"https:\/\/viamorenno.com.br\/en\/wp-json\/wp\/v2\/product\/6307","targetHints":{"allow":["GET"]}}],"collection":[{"href":"https:\/\/viamorenno.com.br\/en\/wp-json\/wp\/v2\/product"}],"about":[{"href":"https:\/\/viamorenno.com.br\/en\/wp-json\/wp\/v2\/types\/product"}],"replies":[{"embeddable":true,"href":"https:\/\/viamorenno.com.br\/en\/wp-json\/wp\/v2\/comments?post=6307"}],"version-history":[{"count":0,"href":"https:\/\/viamorenno.com.br\/en\/wp-json\/wp\/v2\/product\/6307\/revisions"}],"wp:featuredmedia":[{"embeddable":true,"href":"https:\/\/viamorenno.com.br\/en\/wp-json\/wp\/v2\/media\/6706"}],"wp:attachment":[{"href":"https:\/\/viamorenno.com.br\/en\/wp-json\/wp\/v2\/media?parent=6307"}],"wp:term":[{"taxonomy":"product_brand","embeddable":true,"href":"https:\/\/viamorenno.com.br\/en\/wp-json\/wp\/v2\/product_brand?post=6307"},{"taxonomy":"product_cat","embeddable":true,"href":"https:\/\/viamorenno.com.br\/en\/wp-json\/wp\/v2\/product_cat?post=6307"},{"taxonomy":"product_tag","embeddable":true,"href":"https:\/\/viamorenno.com.br\/en\/wp-json\/wp\/v2\/product_tag?post=6307"}],"curies":[{"name":"wp","href":"https:\/\/api.w.org\/{rel}","templated":true}]}}