{"id":6324,"date":"2025-09-20T14:05:49","date_gmt":"2025-09-20T14:05:49","guid":{"rendered":"https:\/\/viamorenno.com.br\/?post_type=product&#038;p=6324"},"modified":"2025-12-13T15:40:59","modified_gmt":"2025-12-13T15:40:59","slug":"vestido-josy","status":"publish","type":"product","link":"https:\/\/viamorenno.com.br\/en\/product\/vestido-josy\/","title":{"rendered":"Vestido Josy"},"content":{"rendered":"<p>Vestido Josy<br \/>\nVestido no modelo tubinho no tecido de linho cru com elastano. Possui decote quadrado e manga bufante com detalhe de bordado Richelieu. Possui aplica\u00e7\u00e3o de bot\u00f5es n\u00e3o funcionais no busto. Saia no modelo tubinho com detalhe de mini fenda. Possui z\u00edper nas costas. Possui forro.<\/p>\n<p>Tamanhos e Medidas<\/p>\n<p>P\u00a0 \u00a0 \u00a0Busto: 96\u00a0 \u00a0 \u00a0 \u00a0 \u00a0Cintura: 74\u00a0 \u00a0 \u00a0 \u00a0Quadril: 104\u00a0 \u00a0 Comprimento: 110<\/p>\n<p>GG\u00a0 \u00a0Busto: 108\u00a0 \u00a0 \u00a0 Cintura: 86\u00a0 \u00a0 \u00a0 Quadril 116\u00a0 \u00a0 \u00a0Comprimento: 113<\/p>\n<p>G1\u00a0 \u00a0 Busto: 114\u00a0 \u00a0 \u00a0 \u00a0Cintura: 93\u00a0 \u00a0 \u00a0 Quadril: 125\u00a0 \u00a0 Comprimento: 110<\/p>\n<p>G2\u00a0 \u00a0 Busto: 118\u00a0 \u00a0 \u00a0 Cintura: 97\u00a0 \u00a0 \u00a0 \u00a0Quadril: 129\u00a0 \u00a0 Comprimento: 111<\/p>\n<p>G3\u00a0 \u00a0 \u00a0Busto: 122\u00a0 \u00a0 \u00a0Cintura: 101\u00a0 \u00a0 \u00a0 Quadril: 133\u00a0 \u00a0 Comprimento: 112<\/p>","protected":false},"excerpt":{"rendered":"<p>Vestido Josy Vestido no modelo tubinho no tecido de linho cru com elastano. Possui decote quadrado e manga bufante com detalhe de bordado Richelieu. Possui aplica\u00e7\u00e3o de bot\u00f5es n\u00e3o funcionais no busto. Saia no modelo tubinho com detalhe de mini fenda. Possui z\u00edper nas costas. Possui forro. Tamanhos e Medidas P\u00a0 \u00a0 \u00a0Busto: 96\u00a0 \u00a0 [&hellip;]<\/p>\n","protected":false},"featured_media":6676,"comment_status":"open","ping_status":"closed","template":"","meta":{"_joinchat":[]},"product_brand":[],"product_cat":[116],"product_tag":[],"class_list":{"0":"post-6324","1":"product","2":"type-product","3":"status-publish","4":"has-post-thumbnail","6":"product_cat-vestidos","8":"first","9":"instock","10":"shipping-taxable","11":"purchasable","12":"product-type-variable"},"_links":{"self":[{"href":"https:\/\/viamorenno.com.br\/en\/wp-json\/wp\/v2\/product\/6324","targetHints":{"allow":["GET"]}}],"collection":[{"href":"https:\/\/viamorenno.com.br\/en\/wp-json\/wp\/v2\/product"}],"about":[{"href":"https:\/\/viamorenno.com.br\/en\/wp-json\/wp\/v2\/types\/product"}],"replies":[{"embeddable":true,"href":"https:\/\/viamorenno.com.br\/en\/wp-json\/wp\/v2\/comments?post=6324"}],"version-history":[{"count":0,"href":"https:\/\/viamorenno.com.br\/en\/wp-json\/wp\/v2\/product\/6324\/revisions"}],"wp:featuredmedia":[{"embeddable":true,"href":"https:\/\/viamorenno.com.br\/en\/wp-json\/wp\/v2\/media\/6676"}],"wp:attachment":[{"href":"https:\/\/viamorenno.com.br\/en\/wp-json\/wp\/v2\/media?parent=6324"}],"wp:term":[{"taxonomy":"product_brand","embeddable":true,"href":"https:\/\/viamorenno.com.br\/en\/wp-json\/wp\/v2\/product_brand?post=6324"},{"taxonomy":"product_cat","embeddable":true,"href":"https:\/\/viamorenno.com.br\/en\/wp-json\/wp\/v2\/product_cat?post=6324"},{"taxonomy":"product_tag","embeddable":true,"href":"https:\/\/viamorenno.com.br\/en\/wp-json\/wp\/v2\/product_tag?post=6324"}],"curies":[{"name":"wp","href":"https:\/\/api.w.org\/{rel}","templated":true}]}}