{"id":6329,"date":"2025-09-20T14:26:36","date_gmt":"2025-09-20T14:26:36","guid":{"rendered":"https:\/\/viamorenno.com.br\/?post_type=product&#038;p=6329"},"modified":"2025-11-22T18:43:26","modified_gmt":"2025-11-22T18:43:26","slug":"conjunto-alicia","status":"publish","type":"product","link":"https:\/\/viamorenno.com.br\/en\/product\/conjunto-alicia\/","title":{"rendered":"Conjunto Al\u00edcia"},"content":{"rendered":"<p>Conjunto 2 pe\u00e7as no tricoline listrado e detalhes de bordado maquinetado. Possui decote quadrado e mangas bufantes com aplica\u00e7\u00e3o de babado no ombro e el\u00e1stico no punho, aplica\u00e7\u00e3o de bot\u00f5es n\u00e3o funcionais no busto. Possui z\u00edper nas costas do cropped. Saia no modelo evas\u00ea com aplica\u00e7\u00e3o de z\u00edper e bot\u00e3o funcional frontal. Possui bolsos funcionais. Possui forro nas costas da saia.<\/p>\n<p>Tamanhos e Medidas:<\/p>\n<p>G\u00a0 Busto 104\u00a0 \u00a0 \u00a0 \u00a0Cintura 82\u00a0 \u00a0 \u00a0Quadril evas\u00ea\u00a0 \u00a0 \u00a0 \u00a0Comprimento 67.<\/p>\n<p>&nbsp;<\/p>","protected":false},"excerpt":{"rendered":"<p>Conjunto 2 pe\u00e7as no tricoline listrado e detalhes de bordado maquinetado. Possui decote quadrado e mangas bufantes com aplica\u00e7\u00e3o de babado no ombro e el\u00e1stico no punho, aplica\u00e7\u00e3o de bot\u00f5es n\u00e3o funcionais no busto. Possui z\u00edper nas costas do cropped. Saia no modelo evas\u00ea com aplica\u00e7\u00e3o de z\u00edper e bot\u00e3o funcional frontal. Possui bolsos funcionais. [&hellip;]<\/p>\n","protected":false},"featured_media":6705,"comment_status":"open","ping_status":"closed","template":"","meta":{"_joinchat":[]},"product_brand":[],"product_cat":[15],"product_tag":[],"class_list":{"0":"post-6329","1":"product","2":"type-product","3":"status-publish","4":"has-post-thumbnail","6":"product_cat-sem-categoria","8":"first","9":"instock","10":"shipping-taxable","11":"purchasable","12":"product-type-variable"},"_links":{"self":[{"href":"https:\/\/viamorenno.com.br\/en\/wp-json\/wp\/v2\/product\/6329","targetHints":{"allow":["GET"]}}],"collection":[{"href":"https:\/\/viamorenno.com.br\/en\/wp-json\/wp\/v2\/product"}],"about":[{"href":"https:\/\/viamorenno.com.br\/en\/wp-json\/wp\/v2\/types\/product"}],"replies":[{"embeddable":true,"href":"https:\/\/viamorenno.com.br\/en\/wp-json\/wp\/v2\/comments?post=6329"}],"version-history":[{"count":0,"href":"https:\/\/viamorenno.com.br\/en\/wp-json\/wp\/v2\/product\/6329\/revisions"}],"wp:featuredmedia":[{"embeddable":true,"href":"https:\/\/viamorenno.com.br\/en\/wp-json\/wp\/v2\/media\/6705"}],"wp:attachment":[{"href":"https:\/\/viamorenno.com.br\/en\/wp-json\/wp\/v2\/media?parent=6329"}],"wp:term":[{"taxonomy":"product_brand","embeddable":true,"href":"https:\/\/viamorenno.com.br\/en\/wp-json\/wp\/v2\/product_brand?post=6329"},{"taxonomy":"product_cat","embeddable":true,"href":"https:\/\/viamorenno.com.br\/en\/wp-json\/wp\/v2\/product_cat?post=6329"},{"taxonomy":"product_tag","embeddable":true,"href":"https:\/\/viamorenno.com.br\/en\/wp-json\/wp\/v2\/product_tag?post=6329"}],"curies":[{"name":"wp","href":"https:\/\/api.w.org\/{rel}","templated":true}]}}