{"id":6464,"date":"2025-10-07T18:32:47","date_gmt":"2025-10-07T18:32:47","guid":{"rendered":"https:\/\/viamorenno.com.br\/?post_type=product&#038;p=6464"},"modified":"2026-02-26T19:00:30","modified_gmt":"2026-02-26T19:00:30","slug":"conjunto-andreia","status":"publish","type":"product","link":"https:\/\/viamorenno.com.br\/en\/product\/conjunto-andreia\/","title":{"rendered":"Conjunto Andreia"},"content":{"rendered":"<p>Conjunto 2 pe\u00e7as no modelo salopete funcional tomara que caia.<br \/>\nSalopete no tecido de alfaiataria no modelo tomara que caia.<br \/>\nSaia no modelo god\u00ea com pregas f\u00eameas.<br \/>\nCropped na sedinha estampada com gola colarim e bot\u00f5es funcionais.<br \/>\nPossui manga princesa com detalhes de pregas com punho fechado.<br \/>\nPossui z\u00edper nas costas.<\/p>\n<p>Tamanhos e Medidas:<\/p>\n<p>M\u00a0 \u00a0 Busto: 98\u00a0 \u00a0 \u00a0 Cintura: 78\u00a0 \u00a0 \u00a0 \u00a0 Quadril: God\u00ea\u00a0 \u00a0 \u00a0Comprimento: 116<\/p>","protected":false},"excerpt":{"rendered":"<p>Conjunto 2 pe\u00e7as no modelo salopete funcional tomara que caia. Salopete no tecido de alfaiataria no modelo tomara que caia. Saia no modelo god\u00ea com pregas f\u00eameas. Cropped na sedinha estampada com gola colarim e bot\u00f5es funcionais. Possui manga princesa com detalhes de pregas com punho fechado. Possui z\u00edper nas costas. Tamanhos e Medidas: M\u00a0 [&hellip;]<\/p>\n","protected":false},"featured_media":6465,"comment_status":"open","ping_status":"closed","template":"","meta":{"_joinchat":[]},"product_brand":[],"product_cat":[116],"product_tag":[],"class_list":{"0":"post-6464","1":"product","2":"type-product","3":"status-publish","4":"has-post-thumbnail","6":"product_cat-vestidos","8":"first","9":"instock","10":"shipping-taxable","11":"purchasable","12":"product-type-variable"},"_links":{"self":[{"href":"https:\/\/viamorenno.com.br\/en\/wp-json\/wp\/v2\/product\/6464","targetHints":{"allow":["GET"]}}],"collection":[{"href":"https:\/\/viamorenno.com.br\/en\/wp-json\/wp\/v2\/product"}],"about":[{"href":"https:\/\/viamorenno.com.br\/en\/wp-json\/wp\/v2\/types\/product"}],"replies":[{"embeddable":true,"href":"https:\/\/viamorenno.com.br\/en\/wp-json\/wp\/v2\/comments?post=6464"}],"version-history":[{"count":0,"href":"https:\/\/viamorenno.com.br\/en\/wp-json\/wp\/v2\/product\/6464\/revisions"}],"wp:featuredmedia":[{"embeddable":true,"href":"https:\/\/viamorenno.com.br\/en\/wp-json\/wp\/v2\/media\/6465"}],"wp:attachment":[{"href":"https:\/\/viamorenno.com.br\/en\/wp-json\/wp\/v2\/media?parent=6464"}],"wp:term":[{"taxonomy":"product_brand","embeddable":true,"href":"https:\/\/viamorenno.com.br\/en\/wp-json\/wp\/v2\/product_brand?post=6464"},{"taxonomy":"product_cat","embeddable":true,"href":"https:\/\/viamorenno.com.br\/en\/wp-json\/wp\/v2\/product_cat?post=6464"},{"taxonomy":"product_tag","embeddable":true,"href":"https:\/\/viamorenno.com.br\/en\/wp-json\/wp\/v2\/product_tag?post=6464"}],"curies":[{"name":"wp","href":"https:\/\/api.w.org\/{rel}","templated":true}]}}