{"id":6470,"date":"2025-10-07T18:48:04","date_gmt":"2025-10-07T18:48:04","guid":{"rendered":"https:\/\/viamorenno.com.br\/?post_type=product&#038;p=6470"},"modified":"2026-04-10T08:55:13","modified_gmt":"2026-04-10T08:55:13","slug":"vestido-tati","status":"publish","type":"product","link":"https:\/\/viamorenno.com.br\/en\/product\/vestido-tati\/","title":{"rendered":"Vestido Tati"},"content":{"rendered":"<p>Vestido lady like no tecido crepe twill. Possui decote hexagonal e manga sino com punho fechado. Possui aplica\u00e7\u00e3o de bot\u00f5es encapados no busto e acompanha faixa com renda guipir para amarra\u00e7\u00e3o. Saia no modelo evas\u00ea com 2 marias marcadas com babados e renda guipir. Possui z\u00edper nas costas. Possui forro.<\/p>\n<p>Tamanhos e Medidas:<\/p>\n<p>M\u00a0 Busto: 96\u00a0 \u00a0 \u00a0 Cintura: 78\u00a0 \u00a0 \u00a0 Quadril: Evas\u00ea\u00a0 \u00a0 Comprimento: 111<\/p>\n<p>G\u00a0 \u00a0Busto: 100\u00a0 \u00a0 Cintura: 82\u00a0 \u00a0 \u00a0Quadril: Evas\u00ea\u00a0 \u00a0 Comprimento: 112<\/p>","protected":false},"excerpt":{"rendered":"<p>Vestido lady like no tecido crepe twill. Possui decote hexagonal e manga sino com punho fechado. Possui aplica\u00e7\u00e3o de bot\u00f5es encapados no busto e acompanha faixa com renda guipir para amarra\u00e7\u00e3o. Saia no modelo evas\u00ea com 2 marias marcadas com babados e renda guipir. Possui z\u00edper nas costas. Possui forro. Tamanhos e Medidas: M\u00a0 Busto: [&hellip;]<\/p>\n","protected":false},"featured_media":6666,"comment_status":"open","ping_status":"closed","template":"","meta":{"_joinchat":[]},"product_brand":[],"product_cat":[373,374,116],"product_tag":[],"class_list":{"0":"post-6470","1":"product","2":"type-product","3":"status-publish","4":"has-post-thumbnail","6":"product_cat-trico-modal","7":"product_cat-trico-modal-trico-modal","8":"product_cat-vestidos","10":"first","11":"instock","12":"sale","13":"shipping-taxable","14":"purchasable","15":"product-type-variable"},"_links":{"self":[{"href":"https:\/\/viamorenno.com.br\/en\/wp-json\/wp\/v2\/product\/6470","targetHints":{"allow":["GET"]}}],"collection":[{"href":"https:\/\/viamorenno.com.br\/en\/wp-json\/wp\/v2\/product"}],"about":[{"href":"https:\/\/viamorenno.com.br\/en\/wp-json\/wp\/v2\/types\/product"}],"replies":[{"embeddable":true,"href":"https:\/\/viamorenno.com.br\/en\/wp-json\/wp\/v2\/comments?post=6470"}],"version-history":[{"count":0,"href":"https:\/\/viamorenno.com.br\/en\/wp-json\/wp\/v2\/product\/6470\/revisions"}],"wp:featuredmedia":[{"embeddable":true,"href":"https:\/\/viamorenno.com.br\/en\/wp-json\/wp\/v2\/media\/6666"}],"wp:attachment":[{"href":"https:\/\/viamorenno.com.br\/en\/wp-json\/wp\/v2\/media?parent=6470"}],"wp:term":[{"taxonomy":"product_brand","embeddable":true,"href":"https:\/\/viamorenno.com.br\/en\/wp-json\/wp\/v2\/product_brand?post=6470"},{"taxonomy":"product_cat","embeddable":true,"href":"https:\/\/viamorenno.com.br\/en\/wp-json\/wp\/v2\/product_cat?post=6470"},{"taxonomy":"product_tag","embeddable":true,"href":"https:\/\/viamorenno.com.br\/en\/wp-json\/wp\/v2\/product_tag?post=6470"}],"curies":[{"name":"wp","href":"https:\/\/api.w.org\/{rel}","templated":true}]}}