{"id":6481,"date":"2025-10-07T21:03:15","date_gmt":"2025-10-07T21:03:15","guid":{"rendered":"https:\/\/viamorenno.com.br\/?post_type=product&#038;p=6481"},"modified":"2026-03-14T15:15:00","modified_gmt":"2026-03-14T15:15:00","slug":"conjunto-criss","status":"publish","type":"product","link":"https:\/\/viamorenno.com.br\/en\/product\/conjunto-criss\/","title":{"rendered":"Conjunto Criss"},"content":{"rendered":"<p>Conjunto 2 pe\u00e7as no tecido de alfaiataria marant. Possui decote em \u201cV\u201d e manga bufante com punho fechado. Possui aplica\u00e7\u00e3o de flores 3D em croch\u00ea no ombro e na cintura.<br \/>\nSaia no modelo evas\u00ea com aplica\u00e7\u00e3o de 1 maria feita com pregas macho. Possui z\u00edper nas costas da saia e do cropped. Possui forro.<\/p>\n<p>Tamanho e Medidas:<\/p>\n<p>P\u00a0 \u00a0 Busto: 92\u00a0 \u00a0 \u00a0 \u00a0Cintura: 70\u00a0 \u00a0 \u00a0 Quadril: Evas\u00ea\u00a0 \u00a0 \u00a0Comprimento: 70<\/p>","protected":false},"excerpt":{"rendered":"<p>Conjunto 2 pe\u00e7as no tecido de alfaiataria marant. Possui decote em \u201cV\u201d e manga bufante com punho fechado. Possui aplica\u00e7\u00e3o de flores 3D em croch\u00ea no ombro e na cintura. Saia no modelo evas\u00ea com aplica\u00e7\u00e3o de 1 maria feita com pregas macho. Possui z\u00edper nas costas da saia e do cropped. Possui forro. Tamanho [&hellip;]<\/p>\n","protected":false},"featured_media":6482,"comment_status":"open","ping_status":"closed","template":"","meta":{"_joinchat":[]},"product_brand":[],"product_cat":[105],"product_tag":[],"class_list":{"0":"post-6481","1":"product","2":"type-product","3":"status-publish","4":"has-post-thumbnail","6":"product_cat-conjuntos","8":"first","9":"instock","10":"sale","11":"shipping-taxable","12":"purchasable","13":"product-type-variable"},"_links":{"self":[{"href":"https:\/\/viamorenno.com.br\/en\/wp-json\/wp\/v2\/product\/6481","targetHints":{"allow":["GET"]}}],"collection":[{"href":"https:\/\/viamorenno.com.br\/en\/wp-json\/wp\/v2\/product"}],"about":[{"href":"https:\/\/viamorenno.com.br\/en\/wp-json\/wp\/v2\/types\/product"}],"replies":[{"embeddable":true,"href":"https:\/\/viamorenno.com.br\/en\/wp-json\/wp\/v2\/comments?post=6481"}],"version-history":[{"count":0,"href":"https:\/\/viamorenno.com.br\/en\/wp-json\/wp\/v2\/product\/6481\/revisions"}],"wp:featuredmedia":[{"embeddable":true,"href":"https:\/\/viamorenno.com.br\/en\/wp-json\/wp\/v2\/media\/6482"}],"wp:attachment":[{"href":"https:\/\/viamorenno.com.br\/en\/wp-json\/wp\/v2\/media?parent=6481"}],"wp:term":[{"taxonomy":"product_brand","embeddable":true,"href":"https:\/\/viamorenno.com.br\/en\/wp-json\/wp\/v2\/product_brand?post=6481"},{"taxonomy":"product_cat","embeddable":true,"href":"https:\/\/viamorenno.com.br\/en\/wp-json\/wp\/v2\/product_cat?post=6481"},{"taxonomy":"product_tag","embeddable":true,"href":"https:\/\/viamorenno.com.br\/en\/wp-json\/wp\/v2\/product_tag?post=6481"}],"curies":[{"name":"wp","href":"https:\/\/api.w.org\/{rel}","templated":true}]}}