{"id":6532,"date":"2025-10-29T14:32:55","date_gmt":"2025-10-29T14:32:55","guid":{"rendered":"https:\/\/viamorenno.com.br\/?post_type=product&#038;p=6532"},"modified":"2025-12-10T05:04:16","modified_gmt":"2025-12-10T05:04:16","slug":"vestido-paloma","status":"publish","type":"product","link":"https:\/\/viamorenno.com.br\/en\/product\/vestido-paloma\/","title":{"rendered":"Vestido Paloma"},"content":{"rendered":"<p>Vestido no modelo Lady Like no tecido de cambraia lisa. Possui decote quadrado com detalhes de bordado maquinetado e manga princesa com el\u00e1stico no punho. Possui lastex nas costas e acompanha faixa para amarra\u00e7\u00e3o. Saia no modelo evas\u00ea com 2 Marias e possui forro.<\/p>\n<p>Tamanhos e Medidas:<\/p>\n<p>P\u00a0 \u00a0Busto: 90\u00a0 \u00a0 \u00a0 \u00a0Cintura: 74\u00a0 \u00a0 \u00a0 \u00a0Quadril: EVAS\u00ca\u00a0 \u00a0 \u00a0 \u00a0 Comprimento: 110<\/p>\n<p>M\u00a0 \u00a0Busto: 94\u00a0 \u00a0 \u00a0 Cintura: 78\u00a0 \u00a0 \u00a0 \u00a0Quadril: EVAS\u00ca\u00a0 \u00a0 \u00a0 \u00a0 Comprimento: 111<\/p>\n<p>&nbsp;<\/p>","protected":false},"excerpt":{"rendered":"<p>Vestido no modelo Lady Like no tecido de cambraia lisa. Possui decote quadrado com detalhes de bordado maquinetado e manga princesa com el\u00e1stico no punho. Possui lastex nas costas e acompanha faixa para amarra\u00e7\u00e3o. Saia no modelo evas\u00ea com 2 Marias e possui forro. Tamanhos e Medidas: P\u00a0 \u00a0Busto: 90\u00a0 \u00a0 \u00a0 \u00a0Cintura: 74\u00a0 \u00a0 [&hellip;]<\/p>\n","protected":false},"featured_media":6704,"comment_status":"open","ping_status":"closed","template":"","meta":{"_joinchat":[]},"product_brand":[],"product_cat":[117,116],"product_tag":[],"class_list":{"0":"post-6532","1":"product","2":"type-product","3":"status-publish","4":"has-post-thumbnail","6":"product_cat-vestido-curto","7":"product_cat-vestidos","9":"first","10":"instock","11":"shipping-taxable","12":"purchasable","13":"product-type-variable"},"_links":{"self":[{"href":"https:\/\/viamorenno.com.br\/en\/wp-json\/wp\/v2\/product\/6532","targetHints":{"allow":["GET"]}}],"collection":[{"href":"https:\/\/viamorenno.com.br\/en\/wp-json\/wp\/v2\/product"}],"about":[{"href":"https:\/\/viamorenno.com.br\/en\/wp-json\/wp\/v2\/types\/product"}],"replies":[{"embeddable":true,"href":"https:\/\/viamorenno.com.br\/en\/wp-json\/wp\/v2\/comments?post=6532"}],"version-history":[{"count":0,"href":"https:\/\/viamorenno.com.br\/en\/wp-json\/wp\/v2\/product\/6532\/revisions"}],"wp:featuredmedia":[{"embeddable":true,"href":"https:\/\/viamorenno.com.br\/en\/wp-json\/wp\/v2\/media\/6704"}],"wp:attachment":[{"href":"https:\/\/viamorenno.com.br\/en\/wp-json\/wp\/v2\/media?parent=6532"}],"wp:term":[{"taxonomy":"product_brand","embeddable":true,"href":"https:\/\/viamorenno.com.br\/en\/wp-json\/wp\/v2\/product_brand?post=6532"},{"taxonomy":"product_cat","embeddable":true,"href":"https:\/\/viamorenno.com.br\/en\/wp-json\/wp\/v2\/product_cat?post=6532"},{"taxonomy":"product_tag","embeddable":true,"href":"https:\/\/viamorenno.com.br\/en\/wp-json\/wp\/v2\/product_tag?post=6532"}],"curies":[{"name":"wp","href":"https:\/\/api.w.org\/{rel}","templated":true}]}}