{"id":6552,"date":"2025-10-29T16:34:03","date_gmt":"2025-10-29T16:34:03","guid":{"rendered":"https:\/\/viamorenno.com.br\/?post_type=product&#038;p=6552"},"modified":"2026-03-22T22:16:12","modified_gmt":"2026-03-22T22:16:12","slug":"vestido-mara-plus","status":"publish","type":"product","link":"https:\/\/viamorenno.com.br\/en\/product\/vestido-mara-plus\/","title":{"rendered":"Vestido Mara Plus"},"content":{"rendered":"<p>Vestido no modelo Plus Zise. No tecido Musseline Estampado. Possui gola colarim e aplica\u00e7\u00e3o de bot\u00f5es funcionais na frente. Possui aplica\u00e7\u00e3o de babado e renda guipir no busto e mangas bufantes com detalhe de fenda e punho fechado. Saia no modelo God\u00ea com 1 Maria e aplica\u00e7\u00e3o de babadinho. Possui lastex na cintura. Possui forro.<\/p>\n<p>Tamanhos e Medidas:<br \/>\nG1\u00a0 \u00a0 \u00a0Busto: 126\u00a0 \u00a0 \u00a0 Cintura: Lastex\u00a0 \u00a0 \u00a0 \u00a0Quadril: God\u00ea\u00a0 \u00a0 \u00a0 Comprimento: 115<\/p>\n<p>G2\u00a0 \u00a0 \u00a0Busto: 130\u00a0 \u00a0 \u00a0Cintura: Lastex\u00a0 \u00a0 \u00a0 \u00a0Quadril: God\u00ea\u00a0 \u00a0 \u00a0 Comprimento: 116<\/p>","protected":false},"excerpt":{"rendered":"<p>Vestido no modelo Plus Zise. No tecido Musseline Estampado. Possui gola colarim e aplica\u00e7\u00e3o de bot\u00f5es funcionais na frente. Possui aplica\u00e7\u00e3o de babado e renda guipir no busto e mangas bufantes com detalhe de fenda e punho fechado. Saia no modelo God\u00ea com 1 Maria e aplica\u00e7\u00e3o de babadinho. Possui lastex na cintura. Possui forro. [&hellip;]<\/p>\n","protected":false},"featured_media":6554,"comment_status":"open","ping_status":"closed","template":"","meta":{"_joinchat":[]},"product_brand":[],"product_cat":[296,116],"product_tag":[],"class_list":{"0":"post-6552","1":"product","2":"type-product","3":"status-publish","4":"has-post-thumbnail","6":"product_cat-vestido-plus-size","7":"product_cat-vestidos","9":"first","10":"instock","11":"shipping-taxable","12":"purchasable","13":"product-type-variable"},"_links":{"self":[{"href":"https:\/\/viamorenno.com.br\/en\/wp-json\/wp\/v2\/product\/6552","targetHints":{"allow":["GET"]}}],"collection":[{"href":"https:\/\/viamorenno.com.br\/en\/wp-json\/wp\/v2\/product"}],"about":[{"href":"https:\/\/viamorenno.com.br\/en\/wp-json\/wp\/v2\/types\/product"}],"replies":[{"embeddable":true,"href":"https:\/\/viamorenno.com.br\/en\/wp-json\/wp\/v2\/comments?post=6552"}],"version-history":[{"count":0,"href":"https:\/\/viamorenno.com.br\/en\/wp-json\/wp\/v2\/product\/6552\/revisions"}],"wp:featuredmedia":[{"embeddable":true,"href":"https:\/\/viamorenno.com.br\/en\/wp-json\/wp\/v2\/media\/6554"}],"wp:attachment":[{"href":"https:\/\/viamorenno.com.br\/en\/wp-json\/wp\/v2\/media?parent=6552"}],"wp:term":[{"taxonomy":"product_brand","embeddable":true,"href":"https:\/\/viamorenno.com.br\/en\/wp-json\/wp\/v2\/product_brand?post=6552"},{"taxonomy":"product_cat","embeddable":true,"href":"https:\/\/viamorenno.com.br\/en\/wp-json\/wp\/v2\/product_cat?post=6552"},{"taxonomy":"product_tag","embeddable":true,"href":"https:\/\/viamorenno.com.br\/en\/wp-json\/wp\/v2\/product_tag?post=6552"}],"curies":[{"name":"wp","href":"https:\/\/api.w.org\/{rel}","templated":true}]}}