{"id":6558,"date":"2025-11-07T18:02:44","date_gmt":"2025-11-07T18:02:44","guid":{"rendered":"https:\/\/viamorenno.com.br\/?post_type=product&#038;p=6558"},"modified":"2026-04-10T06:35:25","modified_gmt":"2026-04-10T06:35:25","slug":"conjunto-vania-plus","status":"publish","type":"product","link":"https:\/\/viamorenno.com.br\/en\/product\/conjunto-vania-plus\/","title":{"rendered":"Conjunto V\u00e2nia Plus"},"content":{"rendered":"<p>Conjunto 2 pe\u00e7as no modelo plus size Confym na malha de linho. Cropped com decote canoa e mangas princesas levemente bufantes com lastex no punho. Saia no modelo tubinho com el\u00e1stico no c\u00f3s e aplica\u00e7\u00e3o de bot\u00f5es n\u00e3o funcionais em cima do recorte. Possui bolsos funcionais. Possui forro.<\/p>\n<p>Tamanhos e Medidas:<\/p>\n<p>G1\u00a0 \u00a0 Busto: 126\u00a0 \u00a0 \u00a0Cintura: 94\u00a0 \u00a0 \u00a0 Quadril: 130\u00a0 \u00a0 \u00a0 Comprimento Saia: 64<\/p>\n<p>G2\u00a0 \u00a0 Busto: 130\u00a0 \u00a0 \u00a0Cintura: 98\u00a0 \u00a0 \u00a0 Quadril: 134\u00a0 \u00a0 Comprimento Saia: 64<\/p>\n<p>&nbsp;<\/p>","protected":false},"excerpt":{"rendered":"<p>Conjunto 2 pe\u00e7as no modelo plus size Confym na malha de linho. Cropped com decote canoa e mangas princesas levemente bufantes com lastex no punho. Saia no modelo tubinho com el\u00e1stico no c\u00f3s e aplica\u00e7\u00e3o de bot\u00f5es n\u00e3o funcionais em cima do recorte. Possui bolsos funcionais. Possui forro. Tamanhos e Medidas: G1\u00a0 \u00a0 Busto: 126\u00a0 [&hellip;]<\/p>\n","protected":false},"featured_media":6754,"comment_status":"open","ping_status":"closed","template":"","meta":{"_joinchat":[]},"product_brand":[],"product_cat":[105],"product_tag":[],"class_list":{"0":"post-6558","1":"product","2":"type-product","3":"status-publish","4":"has-post-thumbnail","6":"product_cat-conjuntos","8":"first","9":"instock","10":"shipping-taxable","11":"purchasable","12":"product-type-variable"},"_links":{"self":[{"href":"https:\/\/viamorenno.com.br\/en\/wp-json\/wp\/v2\/product\/6558","targetHints":{"allow":["GET"]}}],"collection":[{"href":"https:\/\/viamorenno.com.br\/en\/wp-json\/wp\/v2\/product"}],"about":[{"href":"https:\/\/viamorenno.com.br\/en\/wp-json\/wp\/v2\/types\/product"}],"replies":[{"embeddable":true,"href":"https:\/\/viamorenno.com.br\/en\/wp-json\/wp\/v2\/comments?post=6558"}],"version-history":[{"count":0,"href":"https:\/\/viamorenno.com.br\/en\/wp-json\/wp\/v2\/product\/6558\/revisions"}],"wp:featuredmedia":[{"embeddable":true,"href":"https:\/\/viamorenno.com.br\/en\/wp-json\/wp\/v2\/media\/6754"}],"wp:attachment":[{"href":"https:\/\/viamorenno.com.br\/en\/wp-json\/wp\/v2\/media?parent=6558"}],"wp:term":[{"taxonomy":"product_brand","embeddable":true,"href":"https:\/\/viamorenno.com.br\/en\/wp-json\/wp\/v2\/product_brand?post=6558"},{"taxonomy":"product_cat","embeddable":true,"href":"https:\/\/viamorenno.com.br\/en\/wp-json\/wp\/v2\/product_cat?post=6558"},{"taxonomy":"product_tag","embeddable":true,"href":"https:\/\/viamorenno.com.br\/en\/wp-json\/wp\/v2\/product_tag?post=6558"}],"curies":[{"name":"wp","href":"https:\/\/api.w.org\/{rel}","templated":true}]}}