{"id":6617,"date":"2025-11-07T16:59:46","date_gmt":"2025-11-07T16:59:46","guid":{"rendered":"https:\/\/viamorenno.com.br\/?post_type=product&#038;p=6617"},"modified":"2026-02-04T15:48:22","modified_gmt":"2026-02-04T15:48:22","slug":"vestido-stacie","status":"publish","type":"product","link":"https:\/\/viamorenno.com.br\/en\/product\/vestido-stacie\/","title":{"rendered":"Vestido Stacie"},"content":{"rendered":"<p>Vestido midi no tecido musseline bordado com o barrado em bordado guipir. Possui decote quadrado com pregas thomas verticais no busto com aplica\u00e7\u00e3o de bot\u00f5es encapados fakes. Possui manga bufante no mesmo tecido da pe\u00e7a e com o mesmo barrado e possui aplica\u00e7\u00e3o de lastex no ombro. Saia no modelo evas\u00ea com aplica\u00e7\u00e3o de 1 marias. Barrado do pr\u00f3prio tecido da pe\u00e7a. Possui z\u00edper nas costas. Possui forro.<\/p>\n<p>Tamanhos e Medidas:<\/p>\n<p>G\u00a0 \u00a0Busto: 100\u00a0 \u00a0 Cintura: 82\u00a0 \u00a0 \u00a0Quadril: Evas\u00ea\u00a0 \u00a0 \u00a0 Comprimento: 117<\/p>","protected":false},"excerpt":{"rendered":"<p>Vestido midi no tecido musseline bordado com o barrado em bordado guipir. Possui decote quadrado com pregas thomas verticais no busto com aplica\u00e7\u00e3o de bot\u00f5es encapados fakes. Possui manga bufante no mesmo tecido da pe\u00e7a e com o mesmo barrado e possui aplica\u00e7\u00e3o de lastex no ombro. Saia no modelo evas\u00ea com aplica\u00e7\u00e3o de 1 [&hellip;]<\/p>\n","protected":false},"featured_media":6687,"comment_status":"open","ping_status":"closed","template":"","meta":{"_joinchat":[]},"product_brand":[],"product_cat":[116],"product_tag":[],"class_list":{"0":"post-6617","1":"product","2":"type-product","3":"status-publish","4":"has-post-thumbnail","6":"product_cat-vestidos","8":"first","9":"instock","10":"sale","11":"shipping-taxable","12":"purchasable","13":"product-type-variable"},"_links":{"self":[{"href":"https:\/\/viamorenno.com.br\/en\/wp-json\/wp\/v2\/product\/6617","targetHints":{"allow":["GET"]}}],"collection":[{"href":"https:\/\/viamorenno.com.br\/en\/wp-json\/wp\/v2\/product"}],"about":[{"href":"https:\/\/viamorenno.com.br\/en\/wp-json\/wp\/v2\/types\/product"}],"replies":[{"embeddable":true,"href":"https:\/\/viamorenno.com.br\/en\/wp-json\/wp\/v2\/comments?post=6617"}],"version-history":[{"count":0,"href":"https:\/\/viamorenno.com.br\/en\/wp-json\/wp\/v2\/product\/6617\/revisions"}],"wp:featuredmedia":[{"embeddable":true,"href":"https:\/\/viamorenno.com.br\/en\/wp-json\/wp\/v2\/media\/6687"}],"wp:attachment":[{"href":"https:\/\/viamorenno.com.br\/en\/wp-json\/wp\/v2\/media?parent=6617"}],"wp:term":[{"taxonomy":"product_brand","embeddable":true,"href":"https:\/\/viamorenno.com.br\/en\/wp-json\/wp\/v2\/product_brand?post=6617"},{"taxonomy":"product_cat","embeddable":true,"href":"https:\/\/viamorenno.com.br\/en\/wp-json\/wp\/v2\/product_cat?post=6617"},{"taxonomy":"product_tag","embeddable":true,"href":"https:\/\/viamorenno.com.br\/en\/wp-json\/wp\/v2\/product_tag?post=6617"}],"curies":[{"name":"wp","href":"https:\/\/api.w.org\/{rel}","templated":true}]}}