{"id":6677,"date":"2025-11-07T15:37:00","date_gmt":"2025-11-07T15:37:00","guid":{"rendered":"https:\/\/viamorenno.com.br\/?post_type=product&#038;p=6677"},"modified":"2026-03-15T09:56:47","modified_gmt":"2026-03-15T09:56:47","slug":"vestido-ariel","status":"publish","type":"product","link":"https:\/\/viamorenno.com.br\/en\/product\/vestido-ariel\/","title":{"rendered":"Vestido Ariel"},"content":{"rendered":"<p><strong>Modelos da Promo\u00e7\u00e3o N\u00e3o Tem Troca!<\/strong><\/p>\n<p>Vestido Ariel<br \/>\nVestido lady like na sedinha estampada. Possui decote cora\u00e7\u00e3o com aplica\u00e7\u00e3o de pregas Thomas horizontais na cintura. Possui manga balon\u00ea no mesmo tecido da pe\u00e7a com aplica\u00e7\u00e3o de el\u00e1stico no punho. Saia no modelo god\u00ea. Possui z\u00edper nas costas. Possui forro.<\/p>\n<p>Tamanhos e Medidas<\/p>\n<p>PP Busto: 88\u00a0 \u00a0 \u00a0 Cintura: 70\u00a0 \u00a0 \u00a0Quadril: God\u00ea\u00a0 \u00a0 \u00a0Comprimento: 99<br \/>\nP\u00a0 \u00a0 Busto: 92\u00a0 \u00a0 \u00a0 Cintura: 74\u00a0 \u00a0 \u00a0Quadril: God\u00ea\u00a0 \u00a0 Comprimento: 100<br \/>\nM\u00a0 \u00a0Busto: 96\u00a0 \u00a0 \u00a0 Cintura: 78\u00a0 \u00a0 \u00a0Quadril: God\u00ea\u00a0 \u00a0 Comprimento: 101<br \/>\nG\u00a0 \u00a0 Busto: 100\u00a0 \u00a0 Cintura: 82\u00a0 \u00a0 \u00a0Quadril: God\u00ea\u00a0 \u00a0 Comprimento: 102<\/p>\n<p>&nbsp;<\/p>","protected":false},"excerpt":{"rendered":"<p>Modelos da Promo\u00e7\u00e3o N\u00e3o Tem Troca! Vestido Ariel Vestido lady like na sedinha estampada. Possui decote cora\u00e7\u00e3o com aplica\u00e7\u00e3o de pregas Thomas horizontais na cintura. Possui manga balon\u00ea no mesmo tecido da pe\u00e7a com aplica\u00e7\u00e3o de el\u00e1stico no punho. Saia no modelo god\u00ea. Possui z\u00edper nas costas. Possui forro. Tamanhos e Medidas PP Busto: 88\u00a0 [&hellip;]<\/p>\n","protected":false},"featured_media":6678,"comment_status":"open","ping_status":"closed","template":"","meta":{"_joinchat":[]},"product_brand":[],"product_cat":[393,374,373,117,116],"product_tag":[],"class_list":{"0":"post-6677","1":"product","2":"type-product","3":"status-publish","4":"has-post-thumbnail","6":"product_cat-black-friday","7":"product_cat-trico-modal-trico-modal","8":"product_cat-trico-modal","9":"product_cat-vestido-curto","10":"product_cat-vestidos","12":"first","13":"instock","14":"sale","15":"shipping-taxable","16":"purchasable","17":"product-type-variable"},"_links":{"self":[{"href":"https:\/\/viamorenno.com.br\/en\/wp-json\/wp\/v2\/product\/6677","targetHints":{"allow":["GET"]}}],"collection":[{"href":"https:\/\/viamorenno.com.br\/en\/wp-json\/wp\/v2\/product"}],"about":[{"href":"https:\/\/viamorenno.com.br\/en\/wp-json\/wp\/v2\/types\/product"}],"replies":[{"embeddable":true,"href":"https:\/\/viamorenno.com.br\/en\/wp-json\/wp\/v2\/comments?post=6677"}],"version-history":[{"count":0,"href":"https:\/\/viamorenno.com.br\/en\/wp-json\/wp\/v2\/product\/6677\/revisions"}],"wp:featuredmedia":[{"embeddable":true,"href":"https:\/\/viamorenno.com.br\/en\/wp-json\/wp\/v2\/media\/6678"}],"wp:attachment":[{"href":"https:\/\/viamorenno.com.br\/en\/wp-json\/wp\/v2\/media?parent=6677"}],"wp:term":[{"taxonomy":"product_brand","embeddable":true,"href":"https:\/\/viamorenno.com.br\/en\/wp-json\/wp\/v2\/product_brand?post=6677"},{"taxonomy":"product_cat","embeddable":true,"href":"https:\/\/viamorenno.com.br\/en\/wp-json\/wp\/v2\/product_cat?post=6677"},{"taxonomy":"product_tag","embeddable":true,"href":"https:\/\/viamorenno.com.br\/en\/wp-json\/wp\/v2\/product_tag?post=6677"}],"curies":[{"name":"wp","href":"https:\/\/api.w.org\/{rel}","templated":true}]}}