{"id":6740,"date":"2025-11-11T15:26:22","date_gmt":"2025-11-11T15:26:22","guid":{"rendered":"https:\/\/viamorenno.com.br\/?post_type=product&#038;p=6740"},"modified":"2025-12-13T18:31:31","modified_gmt":"2025-12-13T18:31:31","slug":"vestido-nina","status":"publish","type":"product","link":"https:\/\/viamorenno.com.br\/en\/product\/vestido-nina\/","title":{"rendered":"Vestido Nina"},"content":{"rendered":"<p>Vestido no Modelo Lady Like no tecido de crepe estampado. Possui decote quadrado e manga no modelo sino com babados god\u00ea. Acompanha cinto de couro com fivela dourada ajust\u00e1vel. Saia no modelo evas\u00ea com pregas no modelo colegial. Possui z\u00edper nas costas e possui forro.<\/p>\n<p>Tamanhos e Medidas:<\/p>\n<p>PP\u00a0 \u00a0 Busto: 90\u00a0 \u00a0 \u00a0Cintura: 72\u00a0 \u00a0 Quadril: 100\u00a0 \u00a0 \u00a0Comprimento: 99<\/p>\n<p>&nbsp;<\/p>","protected":false},"excerpt":{"rendered":"<p>Vestido no Modelo Lady Like no tecido de crepe estampado. Possui decote quadrado e manga no modelo sino com babados god\u00ea. Acompanha cinto de couro com fivela dourada ajust\u00e1vel. Saia no modelo evas\u00ea com pregas no modelo colegial. Possui z\u00edper nas costas e possui forro. Tamanhos e Medidas: PP\u00a0 \u00a0 Busto: 90\u00a0 \u00a0 \u00a0Cintura: 72\u00a0 [&hellip;]<\/p>\n","protected":false},"featured_media":6741,"comment_status":"open","ping_status":"closed","template":"","meta":{"_joinchat":[]},"product_brand":[],"product_cat":[117,116],"product_tag":[],"class_list":{"0":"post-6740","1":"product","2":"type-product","3":"status-publish","4":"has-post-thumbnail","6":"product_cat-vestido-curto","7":"product_cat-vestidos","9":"first","10":"instock","11":"shipping-taxable","12":"purchasable","13":"product-type-variable"},"_links":{"self":[{"href":"https:\/\/viamorenno.com.br\/en\/wp-json\/wp\/v2\/product\/6740","targetHints":{"allow":["GET"]}}],"collection":[{"href":"https:\/\/viamorenno.com.br\/en\/wp-json\/wp\/v2\/product"}],"about":[{"href":"https:\/\/viamorenno.com.br\/en\/wp-json\/wp\/v2\/types\/product"}],"replies":[{"embeddable":true,"href":"https:\/\/viamorenno.com.br\/en\/wp-json\/wp\/v2\/comments?post=6740"}],"version-history":[{"count":0,"href":"https:\/\/viamorenno.com.br\/en\/wp-json\/wp\/v2\/product\/6740\/revisions"}],"wp:featuredmedia":[{"embeddable":true,"href":"https:\/\/viamorenno.com.br\/en\/wp-json\/wp\/v2\/media\/6741"}],"wp:attachment":[{"href":"https:\/\/viamorenno.com.br\/en\/wp-json\/wp\/v2\/media?parent=6740"}],"wp:term":[{"taxonomy":"product_brand","embeddable":true,"href":"https:\/\/viamorenno.com.br\/en\/wp-json\/wp\/v2\/product_brand?post=6740"},{"taxonomy":"product_cat","embeddable":true,"href":"https:\/\/viamorenno.com.br\/en\/wp-json\/wp\/v2\/product_cat?post=6740"},{"taxonomy":"product_tag","embeddable":true,"href":"https:\/\/viamorenno.com.br\/en\/wp-json\/wp\/v2\/product_tag?post=6740"}],"curies":[{"name":"wp","href":"https:\/\/api.w.org\/{rel}","templated":true}]}}