{"id":6743,"date":"2025-11-11T15:31:32","date_gmt":"2025-11-11T15:31:32","guid":{"rendered":"https:\/\/viamorenno.com.br\/?post_type=product&#038;p=6743"},"modified":"2026-04-06T14:54:26","modified_gmt":"2026-04-06T14:54:26","slug":"vestido-cristina","status":"publish","type":"product","link":"https:\/\/viamorenno.com.br\/en\/product\/vestido-cristina\/","title":{"rendered":"Vestido Cristina"},"content":{"rendered":"<p>Vestido no modelo longo no tecido tricoline listrado. Possui decote cora\u00e7\u00e3o com aplica\u00e7\u00e3o de babado no ombro. Possui manga tulipa e aplica\u00e7\u00e3o de bordado maquinetrado no busto. Saia no modelo evas\u00ea com 2 marias largas. Possui z\u00edper nas costas. Possui forro.<\/p>\n<p>Tamanhos e Medidas:<\/p>\n<p>P\u00a0 \u00a0 \u00a0 Busto: 92\u00a0 \u00a0 Cintura: 74\u00a0 \u00a0 \u00a0Quadril: Evas\u00ea\u00a0 \u00a0 \u00a0Comprimento: 140<\/p>\n<p>M\u00a0 \u00a0 \u00a0Busto: 96\u00a0 \u00a0 Cintura: 78\u00a0 \u00a0 \u00a0Quadril: Evas\u00ea\u00a0 \u00a0 \u00a0Comprimento: 141<\/p>\n<p>G\u00a0 \u00a0 \u00a0 Busto: 100\u00a0 \u00a0 Cintura: 82\u00a0 \u00a0Quadril: Evas\u00ea\u00a0 \u00a0 \u00a0Comprimento: 142.<\/p>\n<p>&nbsp;<\/p>","protected":false},"excerpt":{"rendered":"<p>Vestido no modelo longo no tecido tricoline listrado. Possui decote cora\u00e7\u00e3o com aplica\u00e7\u00e3o de babado no ombro. Possui manga tulipa e aplica\u00e7\u00e3o de bordado maquinetrado no busto. Saia no modelo evas\u00ea com 2 marias largas. Possui z\u00edper nas costas. Possui forro. Tamanhos e Medidas: P\u00a0 \u00a0 \u00a0 Busto: 92\u00a0 \u00a0 Cintura: 74\u00a0 \u00a0 \u00a0Quadril: Evas\u00ea\u00a0 [&hellip;]<\/p>\n","protected":false},"featured_media":6749,"comment_status":"open","ping_status":"closed","template":"","meta":{"_joinchat":[]},"product_brand":[],"product_cat":[116],"product_tag":[],"class_list":{"0":"post-6743","1":"product","2":"type-product","3":"status-publish","4":"has-post-thumbnail","6":"product_cat-vestidos","8":"first","9":"instock","10":"sale","11":"shipping-taxable","12":"purchasable","13":"product-type-variable"},"_links":{"self":[{"href":"https:\/\/viamorenno.com.br\/en\/wp-json\/wp\/v2\/product\/6743","targetHints":{"allow":["GET"]}}],"collection":[{"href":"https:\/\/viamorenno.com.br\/en\/wp-json\/wp\/v2\/product"}],"about":[{"href":"https:\/\/viamorenno.com.br\/en\/wp-json\/wp\/v2\/types\/product"}],"replies":[{"embeddable":true,"href":"https:\/\/viamorenno.com.br\/en\/wp-json\/wp\/v2\/comments?post=6743"}],"version-history":[{"count":0,"href":"https:\/\/viamorenno.com.br\/en\/wp-json\/wp\/v2\/product\/6743\/revisions"}],"wp:featuredmedia":[{"embeddable":true,"href":"https:\/\/viamorenno.com.br\/en\/wp-json\/wp\/v2\/media\/6749"}],"wp:attachment":[{"href":"https:\/\/viamorenno.com.br\/en\/wp-json\/wp\/v2\/media?parent=6743"}],"wp:term":[{"taxonomy":"product_brand","embeddable":true,"href":"https:\/\/viamorenno.com.br\/en\/wp-json\/wp\/v2\/product_brand?post=6743"},{"taxonomy":"product_cat","embeddable":true,"href":"https:\/\/viamorenno.com.br\/en\/wp-json\/wp\/v2\/product_cat?post=6743"},{"taxonomy":"product_tag","embeddable":true,"href":"https:\/\/viamorenno.com.br\/en\/wp-json\/wp\/v2\/product_tag?post=6743"}],"curies":[{"name":"wp","href":"https:\/\/api.w.org\/{rel}","templated":true}]}}