{"id":6755,"date":"2025-11-11T17:57:05","date_gmt":"2025-11-11T17:57:05","guid":{"rendered":"https:\/\/viamorenno.com.br\/?post_type=product&#038;p=6755"},"modified":"2026-03-06T12:13:43","modified_gmt":"2026-03-06T12:13:43","slug":"conjunto-lena","status":"publish","type":"product","link":"https:\/\/viamorenno.com.br\/en\/product\/conjunto-lena\/","title":{"rendered":"Conjunto Lena"},"content":{"rendered":"<p>Conjunto 2 pe\u00e7as no tecido crepe de linho. Possui blusa no modelo cropped com gola &#8220;O&#8221; e aplica\u00e7\u00e3o de flores 3D confeccionadas a m\u00e3o no busto. Possui manga curta e lastex na cintura. Saia no modelo Evas\u00ea com bolsos funcionais e bot\u00e3o e z\u00edper funcional na frente. Saia possui forro<\/p>\n<p>Tamanhos e Medidas:<\/p>\n<p>P\u00a0 \u00a0Busto: 98\u00a0 \u00a0 \u00a0Cintura: 74\u00a0 \u00a0 Quadril: Evas\u00ea\u00a0 \u00a0 \u00a0Comprimento: 70<\/p>\n<p>M\u00a0 \u00a0Busto: 102\u00a0 \u00a0Cintura: 78\u00a0 \u00a0Quadril: Evas\u00ea\u00a0 \u00a0 Comprimento: 71<\/p>\n<p>G\u00a0 \u00a0Busto: 106\u00a0 \u00a0 Cintura: 82\u00a0 \u00a0 Quadril: Evas\u00ea\u00a0 \u00a0 \u00a0Comprimento: 72<\/p>\n<p>GG\u00a0 \u00a0Busto: 110\u00a0 \u00a0 Cintura: 86\u00a0 \u00a0 Quadril: Evas\u00ea\u00a0 \u00a0 Comprimento: 73<\/p>","protected":false},"excerpt":{"rendered":"<p>Conjunto 2 pe\u00e7as no tecido crepe de linho. Possui blusa no modelo cropped com gola &#8220;O&#8221; e aplica\u00e7\u00e3o de flores 3D confeccionadas a m\u00e3o no busto. Possui manga curta e lastex na cintura. Saia no modelo Evas\u00ea com bolsos funcionais e bot\u00e3o e z\u00edper funcional na frente. Saia possui forro Tamanhos e Medidas: P\u00a0 \u00a0Busto: [&hellip;]<\/p>\n","protected":false},"featured_media":6767,"comment_status":"open","ping_status":"closed","template":"","meta":{"_joinchat":[]},"product_brand":[],"product_cat":[105],"product_tag":[],"class_list":{"0":"post-6755","1":"product","2":"type-product","3":"status-publish","4":"has-post-thumbnail","6":"product_cat-conjuntos","8":"first","9":"instock","10":"sale","11":"shipping-taxable","12":"purchasable","13":"product-type-variable"},"_links":{"self":[{"href":"https:\/\/viamorenno.com.br\/en\/wp-json\/wp\/v2\/product\/6755","targetHints":{"allow":["GET"]}}],"collection":[{"href":"https:\/\/viamorenno.com.br\/en\/wp-json\/wp\/v2\/product"}],"about":[{"href":"https:\/\/viamorenno.com.br\/en\/wp-json\/wp\/v2\/types\/product"}],"replies":[{"embeddable":true,"href":"https:\/\/viamorenno.com.br\/en\/wp-json\/wp\/v2\/comments?post=6755"}],"version-history":[{"count":0,"href":"https:\/\/viamorenno.com.br\/en\/wp-json\/wp\/v2\/product\/6755\/revisions"}],"wp:featuredmedia":[{"embeddable":true,"href":"https:\/\/viamorenno.com.br\/en\/wp-json\/wp\/v2\/media\/6767"}],"wp:attachment":[{"href":"https:\/\/viamorenno.com.br\/en\/wp-json\/wp\/v2\/media?parent=6755"}],"wp:term":[{"taxonomy":"product_brand","embeddable":true,"href":"https:\/\/viamorenno.com.br\/en\/wp-json\/wp\/v2\/product_brand?post=6755"},{"taxonomy":"product_cat","embeddable":true,"href":"https:\/\/viamorenno.com.br\/en\/wp-json\/wp\/v2\/product_cat?post=6755"},{"taxonomy":"product_tag","embeddable":true,"href":"https:\/\/viamorenno.com.br\/en\/wp-json\/wp\/v2\/product_tag?post=6755"}],"curies":[{"name":"wp","href":"https:\/\/api.w.org\/{rel}","templated":true}]}}