{"id":6769,"date":"2025-11-11T18:30:31","date_gmt":"2025-11-11T18:30:31","guid":{"rendered":"https:\/\/viamorenno.com.br\/?post_type=product&#038;p=6769"},"modified":"2026-04-06T14:53:17","modified_gmt":"2026-04-06T14:53:17","slug":"vestido-petala","status":"publish","type":"product","link":"https:\/\/viamorenno.com.br\/en\/product\/vestido-petala\/","title":{"rendered":"Vestido P\u00e9tala"},"content":{"rendered":"<p>Vestido no modelo chemise no tecido tricoline com elastano. Possui gola boneca e possui aplica\u00e7\u00e3o de bot\u00f5es todos funcionais. Um lindo bordado maquinetado de rosas no busto e na parte da saia. Manga princesa com pregas e el\u00e1stico no punho. Acompanha faixa para amarra\u00e7\u00e3o com o mesmo tecido. Saia no modelo tubinho com detalhe de mini fendas laterais. Possui forro e bolsos.<\/p>\n<p>Tamanhos e Medidas:<\/p>\n<p>P\u00a0 \u00a0Busto: 96\u00a0 \u00a0 Cintura: 80\u00a0 \u00a0 Quadril: 104\u00a0 \u00a0 Comprimento: 100<\/p>\n<p>M\u00a0 \u00a0Busto: 100\u00a0 \u00a0 Cintura: 84\u00a0 \u00a0 Quadril: 108\u00a0 \u00a0Comprimento: 101<\/p>","protected":false},"excerpt":{"rendered":"<p>Vestido no modelo chemise no tecido tricoline com elastano. Possui gola boneca e possui aplica\u00e7\u00e3o de bot\u00f5es todos funcionais. Um lindo bordado maquinetado de rosas no busto e na parte da saia. Manga princesa com pregas e el\u00e1stico no punho. Acompanha faixa para amarra\u00e7\u00e3o com o mesmo tecido. Saia no modelo tubinho com detalhe de [&hellip;]<\/p>\n","protected":false},"featured_media":6770,"comment_status":"open","ping_status":"closed","template":"","meta":{"_joinchat":[]},"product_brand":[],"product_cat":[117,116],"product_tag":[],"class_list":{"0":"post-6769","1":"product","2":"type-product","3":"status-publish","4":"has-post-thumbnail","6":"product_cat-vestido-curto","7":"product_cat-vestidos","9":"first","10":"instock","11":"sale","12":"shipping-taxable","13":"purchasable","14":"product-type-variable"},"_links":{"self":[{"href":"https:\/\/viamorenno.com.br\/en\/wp-json\/wp\/v2\/product\/6769","targetHints":{"allow":["GET"]}}],"collection":[{"href":"https:\/\/viamorenno.com.br\/en\/wp-json\/wp\/v2\/product"}],"about":[{"href":"https:\/\/viamorenno.com.br\/en\/wp-json\/wp\/v2\/types\/product"}],"replies":[{"embeddable":true,"href":"https:\/\/viamorenno.com.br\/en\/wp-json\/wp\/v2\/comments?post=6769"}],"version-history":[{"count":1,"href":"https:\/\/viamorenno.com.br\/en\/wp-json\/wp\/v2\/product\/6769\/revisions"}],"predecessor-version":[{"id":7923,"href":"https:\/\/viamorenno.com.br\/en\/wp-json\/wp\/v2\/product\/6769\/revisions\/7923"}],"wp:featuredmedia":[{"embeddable":true,"href":"https:\/\/viamorenno.com.br\/en\/wp-json\/wp\/v2\/media\/6770"}],"wp:attachment":[{"href":"https:\/\/viamorenno.com.br\/en\/wp-json\/wp\/v2\/media?parent=6769"}],"wp:term":[{"taxonomy":"product_brand","embeddable":true,"href":"https:\/\/viamorenno.com.br\/en\/wp-json\/wp\/v2\/product_brand?post=6769"},{"taxonomy":"product_cat","embeddable":true,"href":"https:\/\/viamorenno.com.br\/en\/wp-json\/wp\/v2\/product_cat?post=6769"},{"taxonomy":"product_tag","embeddable":true,"href":"https:\/\/viamorenno.com.br\/en\/wp-json\/wp\/v2\/product_tag?post=6769"}],"curies":[{"name":"wp","href":"https:\/\/api.w.org\/{rel}","templated":true}]}}