{"id":6775,"date":"2025-11-11T19:04:02","date_gmt":"2025-11-11T19:04:02","guid":{"rendered":"https:\/\/viamorenno.com.br\/?post_type=product&#038;p=6775"},"modified":"2026-03-14T15:17:37","modified_gmt":"2026-03-14T15:17:37","slug":"vestido-thalita","status":"publish","type":"product","link":"https:\/\/viamorenno.com.br\/en\/product\/vestido-thalita\/","title":{"rendered":"Vestido Thalita"},"content":{"rendered":"<p>Vestido no Modelo chemise no tecido alafaiataria TWIL. Possui bola boneca e bot\u00f5es funcionais encapados em toda a frente do vestido. Possui manga balon\u00ea e acompanha faixa para amarra\u00e7\u00e3o. Saia no modelo God\u00ea. N\u00e3o possui z\u00edper e possui forro.<\/p>\n<p>Tamanhos e Medidas:<\/p>\n<p>P\u00a0 \u00a0Busto:\u00a0 98\u00a0 \u00a0 Cintura: 78\u00a0 \u00a0 Quadril: God\u00ea\u00a0 \u00a0 \u00a0Comprimento: 113<\/p>\n<p>M\u00a0 \u00a0Busto: 102\u00a0 \u00a0 \u00a0Cintura: 82\u00a0 \u00a0 \u00a0Quadril: God\u00ea\u00a0 \u00a0 Comprimento: 114.<\/p>","protected":false},"excerpt":{"rendered":"<p>Vestido no Modelo chemise no tecido alafaiataria TWIL. Possui bola boneca e bot\u00f5es funcionais encapados em toda a frente do vestido. Possui manga balon\u00ea e acompanha faixa para amarra\u00e7\u00e3o. Saia no modelo God\u00ea. N\u00e3o possui z\u00edper e possui forro. Tamanhos e Medidas: P\u00a0 \u00a0Busto:\u00a0 98\u00a0 \u00a0 Cintura: 78\u00a0 \u00a0 Quadril: God\u00ea\u00a0 \u00a0 \u00a0Comprimento: 113 M\u00a0 [&hellip;]<\/p>\n","protected":false},"featured_media":6776,"comment_status":"open","ping_status":"closed","template":"","meta":{"_joinchat":[]},"product_brand":[],"product_cat":[210,116],"product_tag":[],"class_list":{"0":"post-6775","1":"product","2":"type-product","3":"status-publish","4":"has-post-thumbnail","6":"product_cat-vestido-midi","7":"product_cat-vestidos","9":"first","10":"instock","11":"sale","12":"shipping-taxable","13":"purchasable","14":"product-type-variable"},"_links":{"self":[{"href":"https:\/\/viamorenno.com.br\/en\/wp-json\/wp\/v2\/product\/6775","targetHints":{"allow":["GET"]}}],"collection":[{"href":"https:\/\/viamorenno.com.br\/en\/wp-json\/wp\/v2\/product"}],"about":[{"href":"https:\/\/viamorenno.com.br\/en\/wp-json\/wp\/v2\/types\/product"}],"replies":[{"embeddable":true,"href":"https:\/\/viamorenno.com.br\/en\/wp-json\/wp\/v2\/comments?post=6775"}],"version-history":[{"count":0,"href":"https:\/\/viamorenno.com.br\/en\/wp-json\/wp\/v2\/product\/6775\/revisions"}],"wp:featuredmedia":[{"embeddable":true,"href":"https:\/\/viamorenno.com.br\/en\/wp-json\/wp\/v2\/media\/6776"}],"wp:attachment":[{"href":"https:\/\/viamorenno.com.br\/en\/wp-json\/wp\/v2\/media?parent=6775"}],"wp:term":[{"taxonomy":"product_brand","embeddable":true,"href":"https:\/\/viamorenno.com.br\/en\/wp-json\/wp\/v2\/product_brand?post=6775"},{"taxonomy":"product_cat","embeddable":true,"href":"https:\/\/viamorenno.com.br\/en\/wp-json\/wp\/v2\/product_cat?post=6775"},{"taxonomy":"product_tag","embeddable":true,"href":"https:\/\/viamorenno.com.br\/en\/wp-json\/wp\/v2\/product_tag?post=6775"}],"curies":[{"name":"wp","href":"https:\/\/api.w.org\/{rel}","templated":true}]}}