{"id":6782,"date":"2025-11-11T19:19:56","date_gmt":"2025-11-11T19:19:56","guid":{"rendered":"https:\/\/viamorenno.com.br\/?post_type=product&#038;p=6782"},"modified":"2026-03-26T08:14:32","modified_gmt":"2026-03-26T08:14:32","slug":"vestido-milena","status":"publish","type":"product","link":"https:\/\/viamorenno.com.br\/en\/product\/vestido-milena\/","title":{"rendered":"Vestido Milena Plus"},"content":{"rendered":"<p>Vestido plus no modelo tubinho em cambraia bordada, com barrado do pr\u00f3prio tecido. Possui decote princesa com aplica\u00e7\u00e3o de bot\u00f5es encapados n\u00e3o funcionais e guipir vertical no busto. Possui manga levemente bufante com aplica\u00e7\u00e3o de last\u00e9x no punho. Saia no modelo tubinho com barrado do pr\u00f3prio tecido. Possui z\u00edper nas costas e forro.<\/p>\n<p>Tamanhos e Medidas:<\/p>\n<p>G1\u00a0 \u00a0Busto: 110\u00a0 \u00a0 \u00a0 Cintura: 92\u00a0 \u00a0 Quadril: 120\u00a0 \u00a0 \u00a0Comprimento: 123<\/p>\n<p>G2\u00a0 \u00a0Busto: 114\u00a0 \u00a0 \u00a0 Cintura: 96\u00a0 \u00a0 \u00a0Quadril: 124\u00a0 \u00a0 \u00a0Comprimento: 124<\/p>\n<p>G3\u00a0 \u00a0Busto: 118\u00a0 \u00a0 \u00a0Cintura: 100\u00a0 \u00a0 \u00a0 Quadril: 128\u00a0 \u00a0 Comprimento: 125<\/p>","protected":false},"excerpt":{"rendered":"<p>Vestido plus no modelo tubinho em cambraia bordada, com barrado do pr\u00f3prio tecido. Possui decote princesa com aplica\u00e7\u00e3o de bot\u00f5es encapados n\u00e3o funcionais e guipir vertical no busto. Possui manga levemente bufante com aplica\u00e7\u00e3o de last\u00e9x no punho. Saia no modelo tubinho com barrado do pr\u00f3prio tecido. Possui z\u00edper nas costas e forro. Tamanhos e [&hellip;]<\/p>\n","protected":false},"featured_media":6783,"comment_status":"open","ping_status":"closed","template":"","meta":{"_joinchat":[]},"product_brand":[],"product_cat":[296,116,398],"product_tag":[],"class_list":{"0":"post-6782","1":"product","2":"type-product","3":"status-publish","4":"has-post-thumbnail","6":"product_cat-vestido-plus-size","7":"product_cat-vestidos","8":"product_cat-vestidos-plus-size","10":"first","11":"instock","12":"shipping-taxable","13":"purchasable","14":"product-type-variable"},"_links":{"self":[{"href":"https:\/\/viamorenno.com.br\/en\/wp-json\/wp\/v2\/product\/6782","targetHints":{"allow":["GET"]}}],"collection":[{"href":"https:\/\/viamorenno.com.br\/en\/wp-json\/wp\/v2\/product"}],"about":[{"href":"https:\/\/viamorenno.com.br\/en\/wp-json\/wp\/v2\/types\/product"}],"replies":[{"embeddable":true,"href":"https:\/\/viamorenno.com.br\/en\/wp-json\/wp\/v2\/comments?post=6782"}],"version-history":[{"count":0,"href":"https:\/\/viamorenno.com.br\/en\/wp-json\/wp\/v2\/product\/6782\/revisions"}],"wp:featuredmedia":[{"embeddable":true,"href":"https:\/\/viamorenno.com.br\/en\/wp-json\/wp\/v2\/media\/6783"}],"wp:attachment":[{"href":"https:\/\/viamorenno.com.br\/en\/wp-json\/wp\/v2\/media?parent=6782"}],"wp:term":[{"taxonomy":"product_brand","embeddable":true,"href":"https:\/\/viamorenno.com.br\/en\/wp-json\/wp\/v2\/product_brand?post=6782"},{"taxonomy":"product_cat","embeddable":true,"href":"https:\/\/viamorenno.com.br\/en\/wp-json\/wp\/v2\/product_cat?post=6782"},{"taxonomy":"product_tag","embeddable":true,"href":"https:\/\/viamorenno.com.br\/en\/wp-json\/wp\/v2\/product_tag?post=6782"}],"curies":[{"name":"wp","href":"https:\/\/api.w.org\/{rel}","templated":true}]}}