{"id":6791,"date":"2025-11-12T16:31:16","date_gmt":"2025-11-12T16:31:16","guid":{"rendered":"https:\/\/viamorenno.com.br\/?post_type=product&#038;p=6791"},"modified":"2026-03-31T22:14:53","modified_gmt":"2026-03-31T22:14:53","slug":"vestido-catarina","status":"publish","type":"product","link":"https:\/\/viamorenno.com.br\/en\/product\/vestido-catarina\/","title":{"rendered":"Vestido Catarina"},"content":{"rendered":"<p>Vestido no modelo tubinho em cambraia bordada, com barrado do pr\u00f3prio tecido. Possui decote princesa com aplica\u00e7\u00e3o de bot\u00f5es perolados n\u00e3o funcionais no busto. Tem manga levemente bufante com aplica\u00e7\u00e3o de pregas Thomas e babado no punho. A saia \u00e9 no modelo tubinho com barrado do pr\u00f3prio tecido. Possui z\u00edper nas costas e forro.<\/p>\n<p>Tamanhos e Medidas:<\/p>\n<p>M: Busto 94 cm | Cintura 78 cm | Quadril 108 cm | Comprimento 112 cm<br \/>\nG: Busto 98 cm | Cintura 82 cm | Quadril 112 cm | Comprimento 113 cm<\/p>","protected":false},"excerpt":{"rendered":"<p>Vestido no modelo tubinho em cambraia bordada, com barrado do pr\u00f3prio tecido. Possui decote princesa com aplica\u00e7\u00e3o de bot\u00f5es perolados n\u00e3o funcionais no busto. Tem manga levemente bufante com aplica\u00e7\u00e3o de pregas Thomas e babado no punho. A saia \u00e9 no modelo tubinho com barrado do pr\u00f3prio tecido. Possui z\u00edper nas costas e forro. Tamanhos [&hellip;]<\/p>\n","protected":false},"featured_media":6792,"comment_status":"open","ping_status":"closed","template":"","meta":{"_joinchat":[]},"product_brand":[],"product_cat":[210,116],"product_tag":[],"class_list":{"0":"post-6791","1":"product","2":"type-product","3":"status-publish","4":"has-post-thumbnail","6":"product_cat-vestido-midi","7":"product_cat-vestidos","9":"first","10":"instock","11":"shipping-taxable","12":"purchasable","13":"product-type-variable"},"_links":{"self":[{"href":"https:\/\/viamorenno.com.br\/en\/wp-json\/wp\/v2\/product\/6791","targetHints":{"allow":["GET"]}}],"collection":[{"href":"https:\/\/viamorenno.com.br\/en\/wp-json\/wp\/v2\/product"}],"about":[{"href":"https:\/\/viamorenno.com.br\/en\/wp-json\/wp\/v2\/types\/product"}],"replies":[{"embeddable":true,"href":"https:\/\/viamorenno.com.br\/en\/wp-json\/wp\/v2\/comments?post=6791"}],"version-history":[{"count":0,"href":"https:\/\/viamorenno.com.br\/en\/wp-json\/wp\/v2\/product\/6791\/revisions"}],"wp:featuredmedia":[{"embeddable":true,"href":"https:\/\/viamorenno.com.br\/en\/wp-json\/wp\/v2\/media\/6792"}],"wp:attachment":[{"href":"https:\/\/viamorenno.com.br\/en\/wp-json\/wp\/v2\/media?parent=6791"}],"wp:term":[{"taxonomy":"product_brand","embeddable":true,"href":"https:\/\/viamorenno.com.br\/en\/wp-json\/wp\/v2\/product_brand?post=6791"},{"taxonomy":"product_cat","embeddable":true,"href":"https:\/\/viamorenno.com.br\/en\/wp-json\/wp\/v2\/product_cat?post=6791"},{"taxonomy":"product_tag","embeddable":true,"href":"https:\/\/viamorenno.com.br\/en\/wp-json\/wp\/v2\/product_tag?post=6791"}],"curies":[{"name":"wp","href":"https:\/\/api.w.org\/{rel}","templated":true}]}}