{"id":6795,"date":"2025-11-12T16:40:35","date_gmt":"2025-11-12T16:40:35","guid":{"rendered":"https:\/\/viamorenno.com.br\/?post_type=product&#038;p=6795"},"modified":"2026-04-05T20:25:44","modified_gmt":"2026-04-05T20:25:44","slug":"vestido-ayla-plus","status":"publish","type":"product","link":"https:\/\/viamorenno.com.br\/en\/product\/vestido-ayla-plus\/","title":{"rendered":"Vestido Ayla Plus"},"content":{"rendered":"<p>Vestido plus no modelo lady like. Possui decote quadrado com aplica\u00e7\u00e3o de babado e possui manga levemente bufante com el\u00e1stico no punho e detalhe de bordado maquineta\u0301do. Possui aplica\u00e7\u00e3o de bot\u00f5es n\u00e3o funcionais no busto e aplica\u00e7\u00e3o de renda guipir na cintura. Saia no modelo god\u00ea com duas marias e aplica\u00e7\u00e3o de babado e guipir sobre maria. Possui z\u00edper nas costas. Possui forro.<\/p>\n<p>Tamanhos e Medidas:<\/p>\n<p>G1\u00a0 \u00a0Busto: 104\u00a0 \u00a0 \u00a0 \u00a0Cintura: 86\u00a0 \u00a0 \u00a0 \u00a0Quadril: Evas\u00ea\u00a0 \u00a0 \u00a0 Comprimento: 120<br \/>\nG2\u00a0 \u00a0Busto: 108\u00a0 \u00a0 \u00a0 \u00a0Cintura: 90\u00a0 \u00a0 \u00a0 \u00a0Quadril: Evs\u00ea\u00a0 \u00a0 \u00a0 \u00a0 Comprimento: 121.<\/p>","protected":false},"excerpt":{"rendered":"<p>Vestido plus no modelo lady like. Possui decote quadrado com aplica\u00e7\u00e3o de babado e possui manga levemente bufante com el\u00e1stico no punho e detalhe de bordado maquineta\u0301do. Possui aplica\u00e7\u00e3o de bot\u00f5es n\u00e3o funcionais no busto e aplica\u00e7\u00e3o de renda guipir na cintura. Saia no modelo god\u00ea com duas marias e aplica\u00e7\u00e3o de babado e guipir [&hellip;]<\/p>\n","protected":false},"featured_media":6796,"comment_status":"open","ping_status":"closed","template":"","meta":{"_joinchat":[]},"product_brand":[],"product_cat":[210,296,116],"product_tag":[],"class_list":{"0":"post-6795","1":"product","2":"type-product","3":"status-publish","4":"has-post-thumbnail","6":"product_cat-vestido-midi","7":"product_cat-vestido-plus-size","8":"product_cat-vestidos","10":"first","11":"instock","12":"shipping-taxable","13":"purchasable","14":"product-type-variable"},"_links":{"self":[{"href":"https:\/\/viamorenno.com.br\/en\/wp-json\/wp\/v2\/product\/6795","targetHints":{"allow":["GET"]}}],"collection":[{"href":"https:\/\/viamorenno.com.br\/en\/wp-json\/wp\/v2\/product"}],"about":[{"href":"https:\/\/viamorenno.com.br\/en\/wp-json\/wp\/v2\/types\/product"}],"replies":[{"embeddable":true,"href":"https:\/\/viamorenno.com.br\/en\/wp-json\/wp\/v2\/comments?post=6795"}],"version-history":[{"count":0,"href":"https:\/\/viamorenno.com.br\/en\/wp-json\/wp\/v2\/product\/6795\/revisions"}],"wp:featuredmedia":[{"embeddable":true,"href":"https:\/\/viamorenno.com.br\/en\/wp-json\/wp\/v2\/media\/6796"}],"wp:attachment":[{"href":"https:\/\/viamorenno.com.br\/en\/wp-json\/wp\/v2\/media?parent=6795"}],"wp:term":[{"taxonomy":"product_brand","embeddable":true,"href":"https:\/\/viamorenno.com.br\/en\/wp-json\/wp\/v2\/product_brand?post=6795"},{"taxonomy":"product_cat","embeddable":true,"href":"https:\/\/viamorenno.com.br\/en\/wp-json\/wp\/v2\/product_cat?post=6795"},{"taxonomy":"product_tag","embeddable":true,"href":"https:\/\/viamorenno.com.br\/en\/wp-json\/wp\/v2\/product_tag?post=6795"}],"curies":[{"name":"wp","href":"https:\/\/api.w.org\/{rel}","templated":true}]}}