{"id":6863,"date":"2025-11-24T19:36:04","date_gmt":"2025-11-24T19:36:04","guid":{"rendered":"https:\/\/viamorenno.com.br\/?post_type=product&#038;p=6863"},"modified":"2026-03-27T15:15:55","modified_gmt":"2026-03-27T15:15:55","slug":"vestido-lilian","status":"publish","type":"product","link":"https:\/\/viamorenno.com.br\/en\/product\/vestido-lilian\/","title":{"rendered":"Vestido Lilian"},"content":{"rendered":"<p>Vestido modelo midi com marias no tule de po\u00e1. Possui gola \u201cO\u201d com babado e busto em tule, com detalhe de la\u00e7o em fita de veludo. Possui manga princesa em tule de po\u00e1 com punho em tule Thomas e aplica\u00e7\u00e3o de babado no tule.<br \/>\nA pe\u00e7a tem renda trabalhada com paet\u00ea de brilho no corpo. A saia \u00e9 modelo evas\u00ea, com aplica\u00e7\u00e3o de duas marias em tule de po\u00e1 e renda guipir no barrado. Possui z\u00edper nas costas e forro.<\/p>\n<p>P Busto: 86\u00a0 \u00a0 \u00a0 \u00a0Cintura: 68\u00a0 \u00a0 Quadril: Evas\u00ea\u00a0 \u00a0 \u00a0 \u00a0Comprimento: 110<br \/>\nM Busto: 90\u00a0 \u00a0 \u00a0 Cintura: 72\u00a0 \u00a0 \u00a0Quadril: Evas\u00ea\u00a0 \u00a0 \u00a0 \u00a0Comprimento: 111<br \/>\nG\u00a0 Busto: 94\u00a0 \u00a0 \u00a0 Cintura: 76\u00a0 \u00a0 \u00a0 Quadril: Evas\u00ea\u00a0 \u00a0 \u00a0 \u00a0Comprimento: 112<\/p>","protected":false},"excerpt":{"rendered":"<p>Vestido modelo midi com marias no tule de po\u00e1. Possui gola \u201cO\u201d com babado e busto em tule, com detalhe de la\u00e7o em fita de veludo. Possui manga princesa em tule de po\u00e1 com punho em tule Thomas e aplica\u00e7\u00e3o de babado no tule. A pe\u00e7a tem renda trabalhada com paet\u00ea de brilho no corpo. [&hellip;]<\/p>\n","protected":false},"featured_media":7052,"comment_status":"open","ping_status":"closed","template":"","meta":{"_joinchat":[]},"product_brand":[],"product_cat":[116],"product_tag":[],"class_list":{"0":"post-6863","1":"product","2":"type-product","3":"status-publish","4":"has-post-thumbnail","6":"product_cat-vestidos","8":"first","9":"instock","10":"shipping-taxable","11":"purchasable","12":"product-type-variable"},"_links":{"self":[{"href":"https:\/\/viamorenno.com.br\/en\/wp-json\/wp\/v2\/product\/6863","targetHints":{"allow":["GET"]}}],"collection":[{"href":"https:\/\/viamorenno.com.br\/en\/wp-json\/wp\/v2\/product"}],"about":[{"href":"https:\/\/viamorenno.com.br\/en\/wp-json\/wp\/v2\/types\/product"}],"replies":[{"embeddable":true,"href":"https:\/\/viamorenno.com.br\/en\/wp-json\/wp\/v2\/comments?post=6863"}],"version-history":[{"count":0,"href":"https:\/\/viamorenno.com.br\/en\/wp-json\/wp\/v2\/product\/6863\/revisions"}],"wp:featuredmedia":[{"embeddable":true,"href":"https:\/\/viamorenno.com.br\/en\/wp-json\/wp\/v2\/media\/7052"}],"wp:attachment":[{"href":"https:\/\/viamorenno.com.br\/en\/wp-json\/wp\/v2\/media?parent=6863"}],"wp:term":[{"taxonomy":"product_brand","embeddable":true,"href":"https:\/\/viamorenno.com.br\/en\/wp-json\/wp\/v2\/product_brand?post=6863"},{"taxonomy":"product_cat","embeddable":true,"href":"https:\/\/viamorenno.com.br\/en\/wp-json\/wp\/v2\/product_cat?post=6863"},{"taxonomy":"product_tag","embeddable":true,"href":"https:\/\/viamorenno.com.br\/en\/wp-json\/wp\/v2\/product_tag?post=6863"}],"curies":[{"name":"wp","href":"https:\/\/api.w.org\/{rel}","templated":true}]}}