{"id":6868,"date":"2025-11-24T19:57:00","date_gmt":"2025-11-24T19:57:00","guid":{"rendered":"https:\/\/viamorenno.com.br\/?post_type=product&#038;p=6868"},"modified":"2026-01-27T13:28:48","modified_gmt":"2026-01-27T13:28:48","slug":"vestido-rebeca","status":"publish","type":"product","link":"https:\/\/viamorenno.com.br\/en\/product\/vestido-rebeca\/","title":{"rendered":"Vestido Rebeca"},"content":{"rendered":"<p>Vestido no modelo lady like, confeccionado em cambraia bordada. Possui decote quadrado com aplica\u00e7\u00e3o de renda guipir na horizontal, localizada tamb\u00e9m na cintura. Conta com mangas bufantes, punho transpassado e el\u00e1stico no ombro.<br \/>\nA saia \u00e9 no modelo god\u00ea com pregas e uma \u201cmaria\u201d na frente, finalizada com barrado no pr\u00f3prio tecido.<br \/>\nPossui forro e z\u00edper nas costas.<\/p>\n<p>Tabela de medidas:<br \/>\n\u2022 PP: Busto 88 cm | Cintura 70 cm | Quadril (god\u00ea) | Comprimento 102 cm<br \/>\n\u2022 P: Busto 92 cm | Cintura 74 cm | Quadril (god\u00ea) | Comprimento 103 cm<\/p>","protected":false},"excerpt":{"rendered":"<p>Vestido no modelo lady like, confeccionado em cambraia bordada. Possui decote quadrado com aplica\u00e7\u00e3o de renda guipir na horizontal, localizada tamb\u00e9m na cintura. Conta com mangas bufantes, punho transpassado e el\u00e1stico no ombro. A saia \u00e9 no modelo god\u00ea com pregas e uma \u201cmaria\u201d na frente, finalizada com barrado no pr\u00f3prio tecido. Possui forro e [&hellip;]<\/p>\n","protected":false},"featured_media":6869,"comment_status":"open","ping_status":"closed","template":"","meta":{"_joinchat":[]},"product_brand":[],"product_cat":[15],"product_tag":[],"class_list":{"0":"post-6868","1":"product","2":"type-product","3":"status-publish","4":"has-post-thumbnail","6":"product_cat-sem-categoria","8":"first","9":"instock","10":"shipping-taxable","11":"purchasable","12":"product-type-variable"},"_links":{"self":[{"href":"https:\/\/viamorenno.com.br\/en\/wp-json\/wp\/v2\/product\/6868","targetHints":{"allow":["GET"]}}],"collection":[{"href":"https:\/\/viamorenno.com.br\/en\/wp-json\/wp\/v2\/product"}],"about":[{"href":"https:\/\/viamorenno.com.br\/en\/wp-json\/wp\/v2\/types\/product"}],"replies":[{"embeddable":true,"href":"https:\/\/viamorenno.com.br\/en\/wp-json\/wp\/v2\/comments?post=6868"}],"version-history":[{"count":0,"href":"https:\/\/viamorenno.com.br\/en\/wp-json\/wp\/v2\/product\/6868\/revisions"}],"wp:featuredmedia":[{"embeddable":true,"href":"https:\/\/viamorenno.com.br\/en\/wp-json\/wp\/v2\/media\/6869"}],"wp:attachment":[{"href":"https:\/\/viamorenno.com.br\/en\/wp-json\/wp\/v2\/media?parent=6868"}],"wp:term":[{"taxonomy":"product_brand","embeddable":true,"href":"https:\/\/viamorenno.com.br\/en\/wp-json\/wp\/v2\/product_brand?post=6868"},{"taxonomy":"product_cat","embeddable":true,"href":"https:\/\/viamorenno.com.br\/en\/wp-json\/wp\/v2\/product_cat?post=6868"},{"taxonomy":"product_tag","embeddable":true,"href":"https:\/\/viamorenno.com.br\/en\/wp-json\/wp\/v2\/product_tag?post=6868"}],"curies":[{"name":"wp","href":"https:\/\/api.w.org\/{rel}","templated":true}]}}