{"id":6875,"date":"2025-11-24T20:14:42","date_gmt":"2025-11-24T20:14:42","guid":{"rendered":"https:\/\/viamorenno.com.br\/?post_type=product&#038;p=6875"},"modified":"2025-12-29T14:17:16","modified_gmt":"2025-12-29T14:17:16","slug":"vestido-bianca","status":"publish","type":"product","link":"https:\/\/viamorenno.com.br\/en\/product\/vestido-bianca\/","title":{"rendered":"Vestido Bianca"},"content":{"rendered":"<p>Vestido confeccionado em cambraia bordada 3D. Possui gola colarinho e bot\u00f5es funcionais no busto. Conta com mangas bufantes e saia evas\u00ea, com aplica\u00e7\u00e3o de uma \u201cmaria\u201d no mesmo tecido, acompanhada de bordados 3D e barrado Thomas. Possui z\u00edper nas costas e \u00e9 totalmente forrado.<\/p>\n<p>&nbsp;<\/p>\n<p>Tabela de medidas:<br \/>\n\u2022 P: Busto 96 cm | Cintura 74 cm | Quadril 104 cm | Comprimento 110 cm<br \/>\n\u2022 M: Busto 100 cm | Cintura 78 cm | Quadril 108 cm | Comprimento 111 cm<br \/>\n\u2022 G: Busto 104 cm | Cintura 82 cm | Quadril 112 cm | Comprimento 112 cm<\/p>","protected":false},"excerpt":{"rendered":"<p>Vestido confeccionado em cambraia bordada 3D. Possui gola colarinho e bot\u00f5es funcionais no busto. Conta com mangas bufantes e saia evas\u00ea, com aplica\u00e7\u00e3o de uma \u201cmaria\u201d no mesmo tecido, acompanhada de bordados 3D e barrado Thomas. Possui z\u00edper nas costas e \u00e9 totalmente forrado. &nbsp; Tabela de medidas: \u2022 P: Busto 96 cm | Cintura [&hellip;]<\/p>\n","protected":false},"featured_media":6876,"comment_status":"open","ping_status":"closed","template":"","meta":{"_joinchat":[]},"product_brand":[],"product_cat":[116],"product_tag":[],"class_list":{"0":"post-6875","1":"product","2":"type-product","3":"status-publish","4":"has-post-thumbnail","6":"product_cat-vestidos","8":"first","9":"instock","10":"shipping-taxable","11":"purchasable","12":"product-type-variable"},"_links":{"self":[{"href":"https:\/\/viamorenno.com.br\/en\/wp-json\/wp\/v2\/product\/6875","targetHints":{"allow":["GET"]}}],"collection":[{"href":"https:\/\/viamorenno.com.br\/en\/wp-json\/wp\/v2\/product"}],"about":[{"href":"https:\/\/viamorenno.com.br\/en\/wp-json\/wp\/v2\/types\/product"}],"replies":[{"embeddable":true,"href":"https:\/\/viamorenno.com.br\/en\/wp-json\/wp\/v2\/comments?post=6875"}],"version-history":[{"count":0,"href":"https:\/\/viamorenno.com.br\/en\/wp-json\/wp\/v2\/product\/6875\/revisions"}],"wp:featuredmedia":[{"embeddable":true,"href":"https:\/\/viamorenno.com.br\/en\/wp-json\/wp\/v2\/media\/6876"}],"wp:attachment":[{"href":"https:\/\/viamorenno.com.br\/en\/wp-json\/wp\/v2\/media?parent=6875"}],"wp:term":[{"taxonomy":"product_brand","embeddable":true,"href":"https:\/\/viamorenno.com.br\/en\/wp-json\/wp\/v2\/product_brand?post=6875"},{"taxonomy":"product_cat","embeddable":true,"href":"https:\/\/viamorenno.com.br\/en\/wp-json\/wp\/v2\/product_cat?post=6875"},{"taxonomy":"product_tag","embeddable":true,"href":"https:\/\/viamorenno.com.br\/en\/wp-json\/wp\/v2\/product_tag?post=6875"}],"curies":[{"name":"wp","href":"https:\/\/api.w.org\/{rel}","templated":true}]}}