{"id":6880,"date":"2025-11-24T20:21:57","date_gmt":"2025-11-24T20:21:57","guid":{"rendered":"https:\/\/viamorenno.com.br\/?post_type=product&#038;p=6880"},"modified":"2026-03-24T13:56:55","modified_gmt":"2026-03-24T13:56:55","slug":"vestido-keila","status":"publish","type":"product","link":"https:\/\/viamorenno.com.br\/en\/product\/vestido-keila\/","title":{"rendered":"Vestido Keila"},"content":{"rendered":"<p>Vestido no modelo tubinho no tecido de alfaiataria premium. Possui decote cora\u00e7\u00e3o com aplica\u00e7\u00e3o de bot\u00f5es n\u00e3o funcionais no busto. Possui manga balon\u00ea com aplica\u00e7\u00e3o de bordado Richelieu. Saia no modelo tubinho com mini fenda atr\u00e1s. Possui forro. Possui z\u00edper nas costas.<\/p>\n<p>Tamanhos e Medidas;<\/p>\n<p>Tamanho PP<\/p>\n<p>Busto: 88<br \/>\nCintura: 74<br \/>\nQuadril: 100<br \/>\nComprimento: 107<\/p>\n<p>&nbsp;<\/p>\n<p>Tamanho G<\/p>\n<p>Busto:100<br \/>\ncintura 86<\/p>\n<p>Quadril: 112<br \/>\nComprimento 110<\/p>","protected":false},"excerpt":{"rendered":"<p>Vestido no modelo tubinho no tecido de alfaiataria premium. Possui decote cora\u00e7\u00e3o com aplica\u00e7\u00e3o de bot\u00f5es n\u00e3o funcionais no busto. Possui manga balon\u00ea com aplica\u00e7\u00e3o de bordado Richelieu. Saia no modelo tubinho com mini fenda atr\u00e1s. Possui forro. Possui z\u00edper nas costas. Tamanhos e Medidas; Tamanho PP Busto: 88 Cintura: 74 Quadril: 100 Comprimento: 107 [&hellip;]<\/p>\n","protected":false},"featured_media":6881,"comment_status":"open","ping_status":"closed","template":"","meta":{"_joinchat":[]},"product_brand":[],"product_cat":[210,116],"product_tag":[],"class_list":{"0":"post-6880","1":"product","2":"type-product","3":"status-publish","4":"has-post-thumbnail","6":"product_cat-vestido-midi","7":"product_cat-vestidos","9":"first","10":"instock","11":"shipping-taxable","12":"purchasable","13":"product-type-variable"},"_links":{"self":[{"href":"https:\/\/viamorenno.com.br\/en\/wp-json\/wp\/v2\/product\/6880","targetHints":{"allow":["GET"]}}],"collection":[{"href":"https:\/\/viamorenno.com.br\/en\/wp-json\/wp\/v2\/product"}],"about":[{"href":"https:\/\/viamorenno.com.br\/en\/wp-json\/wp\/v2\/types\/product"}],"replies":[{"embeddable":true,"href":"https:\/\/viamorenno.com.br\/en\/wp-json\/wp\/v2\/comments?post=6880"}],"version-history":[{"count":0,"href":"https:\/\/viamorenno.com.br\/en\/wp-json\/wp\/v2\/product\/6880\/revisions"}],"wp:featuredmedia":[{"embeddable":true,"href":"https:\/\/viamorenno.com.br\/en\/wp-json\/wp\/v2\/media\/6881"}],"wp:attachment":[{"href":"https:\/\/viamorenno.com.br\/en\/wp-json\/wp\/v2\/media?parent=6880"}],"wp:term":[{"taxonomy":"product_brand","embeddable":true,"href":"https:\/\/viamorenno.com.br\/en\/wp-json\/wp\/v2\/product_brand?post=6880"},{"taxonomy":"product_cat","embeddable":true,"href":"https:\/\/viamorenno.com.br\/en\/wp-json\/wp\/v2\/product_cat?post=6880"},{"taxonomy":"product_tag","embeddable":true,"href":"https:\/\/viamorenno.com.br\/en\/wp-json\/wp\/v2\/product_tag?post=6880"}],"curies":[{"name":"wp","href":"https:\/\/api.w.org\/{rel}","templated":true}]}}