{"id":6928,"date":"2025-12-01T20:50:29","date_gmt":"2025-12-01T20:50:29","guid":{"rendered":"https:\/\/viamorenno.com.br\/?post_type=product&#038;p=6928"},"modified":"2026-03-30T22:09:41","modified_gmt":"2026-03-30T22:09:41","slug":"vestido-valquiria","status":"publish","type":"product","link":"https:\/\/viamorenno.com.br\/en\/product\/vestido-valquiria\/","title":{"rendered":"Vestido Valqu\u00edria"},"content":{"rendered":"<p>Vestido no modelo lady like no tecido linho bordado com fios de brilho. Possui decote quadrado com aplica\u00e7\u00e3o de recortes com pregas no busto e manga bufante com punho fechado. Saia no modelo god\u00ea com pregas. Detalhe de fenda gota nas costas com aplica\u00e7\u00e3o de bot\u00f5es funcionais.<\/p>\n<p>M\u00a0 \u00a0 \u00a0Busto: 94\u00a0 \u00a0 \u00a0 Cintura: 78\u00a0 \u00a0 \u00a0 \u00a0 Quadril:\u00a0 God\u00ea\u00a0 \u00a0 \u00a0 Comprimento: 101<br \/>\nG\u00a0 \u00a0 \u00a0 Busto: 98\u00a0 \u00a0 \u00a0 Cintura: 82\u00a0 \u00a0 \u00a0 \u00a0 Quadril: God\u00ea\u00a0 \u00a0 \u00a0 \u00a0Comprimento: 102<\/p>","protected":false},"excerpt":{"rendered":"<p>Vestido no modelo lady like no tecido linho bordado com fios de brilho. Possui decote quadrado com aplica\u00e7\u00e3o de recortes com pregas no busto e manga bufante com punho fechado. Saia no modelo god\u00ea com pregas. Detalhe de fenda gota nas costas com aplica\u00e7\u00e3o de bot\u00f5es funcionais. M\u00a0 \u00a0 \u00a0Busto: 94\u00a0 \u00a0 \u00a0 Cintura: 78\u00a0 [&hellip;]<\/p>\n","protected":false},"featured_media":6929,"comment_status":"open","ping_status":"closed","template":"","meta":{"_joinchat":[]},"product_brand":[],"product_cat":[116],"product_tag":[],"class_list":{"0":"post-6928","1":"product","2":"type-product","3":"status-publish","4":"has-post-thumbnail","6":"product_cat-vestidos","8":"first","9":"outofstock","10":"shipping-taxable","11":"purchasable","12":"product-type-simple"},"_links":{"self":[{"href":"https:\/\/viamorenno.com.br\/en\/wp-json\/wp\/v2\/product\/6928","targetHints":{"allow":["GET"]}}],"collection":[{"href":"https:\/\/viamorenno.com.br\/en\/wp-json\/wp\/v2\/product"}],"about":[{"href":"https:\/\/viamorenno.com.br\/en\/wp-json\/wp\/v2\/types\/product"}],"replies":[{"embeddable":true,"href":"https:\/\/viamorenno.com.br\/en\/wp-json\/wp\/v2\/comments?post=6928"}],"version-history":[{"count":0,"href":"https:\/\/viamorenno.com.br\/en\/wp-json\/wp\/v2\/product\/6928\/revisions"}],"wp:featuredmedia":[{"embeddable":true,"href":"https:\/\/viamorenno.com.br\/en\/wp-json\/wp\/v2\/media\/6929"}],"wp:attachment":[{"href":"https:\/\/viamorenno.com.br\/en\/wp-json\/wp\/v2\/media?parent=6928"}],"wp:term":[{"taxonomy":"product_brand","embeddable":true,"href":"https:\/\/viamorenno.com.br\/en\/wp-json\/wp\/v2\/product_brand?post=6928"},{"taxonomy":"product_cat","embeddable":true,"href":"https:\/\/viamorenno.com.br\/en\/wp-json\/wp\/v2\/product_cat?post=6928"},{"taxonomy":"product_tag","embeddable":true,"href":"https:\/\/viamorenno.com.br\/en\/wp-json\/wp\/v2\/product_tag?post=6928"}],"curies":[{"name":"wp","href":"https:\/\/api.w.org\/{rel}","templated":true}]}}