{"id":6933,"date":"2025-12-01T20:54:51","date_gmt":"2025-12-01T20:54:51","guid":{"rendered":"https:\/\/viamorenno.com.br\/?post_type=product&#038;p=6933"},"modified":"2026-02-02T19:14:10","modified_gmt":"2026-02-02T19:14:10","slug":"vestido-tatiana","status":"publish","type":"product","link":"https:\/\/viamorenno.com.br\/en\/product\/vestido-tatiana\/","title":{"rendered":"Vestido Tatiana Plus"},"content":{"rendered":"<p>Vestido plus no modelo lady like no tecido crepinho. Possui decote cora\u00e7\u00e3o e aplica\u00e7\u00e3o de bot\u00f5es n\u00e3o funcionais encapados no busto. Manga no modelo bufante com detalhe de punho aberto com fenda em \u201cV\u201d. Manga e busto forrados com renda trabalhada com brilho. Saia no modelo god\u00ea e acompanha cinto\/faixa para amarra\u00e7\u00e3o. Possui forro. Possui z\u00edper nas costas.<\/p>","protected":false},"excerpt":{"rendered":"<p>Vestido plus no modelo lady like no tecido crepinho. Possui decote cora\u00e7\u00e3o e aplica\u00e7\u00e3o de bot\u00f5es n\u00e3o funcionais encapados no busto. Manga no modelo bufante com detalhe de punho aberto com fenda em \u201cV\u201d. Manga e busto forrados com renda trabalhada com brilho. Saia no modelo god\u00ea e acompanha cinto\/faixa para amarra\u00e7\u00e3o. Possui forro. Possui [&hellip;]<\/p>\n","protected":false},"featured_media":7000,"comment_status":"open","ping_status":"closed","template":"","meta":{"_joinchat":[]},"product_brand":[],"product_cat":[397,116],"product_tag":[],"class_list":{"0":"post-6933","1":"product","2":"type-product","3":"status-publish","4":"has-post-thumbnail","6":"product_cat-modelos-plus-size","7":"product_cat-vestidos","9":"first","10":"instock","11":"shipping-taxable","12":"purchasable","13":"product-type-variable"},"_links":{"self":[{"href":"https:\/\/viamorenno.com.br\/en\/wp-json\/wp\/v2\/product\/6933","targetHints":{"allow":["GET"]}}],"collection":[{"href":"https:\/\/viamorenno.com.br\/en\/wp-json\/wp\/v2\/product"}],"about":[{"href":"https:\/\/viamorenno.com.br\/en\/wp-json\/wp\/v2\/types\/product"}],"replies":[{"embeddable":true,"href":"https:\/\/viamorenno.com.br\/en\/wp-json\/wp\/v2\/comments?post=6933"}],"version-history":[{"count":0,"href":"https:\/\/viamorenno.com.br\/en\/wp-json\/wp\/v2\/product\/6933\/revisions"}],"wp:featuredmedia":[{"embeddable":true,"href":"https:\/\/viamorenno.com.br\/en\/wp-json\/wp\/v2\/media\/7000"}],"wp:attachment":[{"href":"https:\/\/viamorenno.com.br\/en\/wp-json\/wp\/v2\/media?parent=6933"}],"wp:term":[{"taxonomy":"product_brand","embeddable":true,"href":"https:\/\/viamorenno.com.br\/en\/wp-json\/wp\/v2\/product_brand?post=6933"},{"taxonomy":"product_cat","embeddable":true,"href":"https:\/\/viamorenno.com.br\/en\/wp-json\/wp\/v2\/product_cat?post=6933"},{"taxonomy":"product_tag","embeddable":true,"href":"https:\/\/viamorenno.com.br\/en\/wp-json\/wp\/v2\/product_tag?post=6933"}],"curies":[{"name":"wp","href":"https:\/\/api.w.org\/{rel}","templated":true}]}}