{"id":6937,"date":"2025-12-01T20:59:19","date_gmt":"2025-12-01T20:59:19","guid":{"rendered":"https:\/\/viamorenno.com.br\/?post_type=product&#038;p=6937"},"modified":"2025-12-13T17:38:27","modified_gmt":"2025-12-13T17:38:27","slug":"vestido-bianca-2","status":"publish","type":"product","link":"https:\/\/viamorenno.com.br\/en\/product\/vestido-bianca-2\/","title":{"rendered":"Vestido Bianca"},"content":{"rendered":"<p>Vestido na cambraia bordada 3D. Possui gola colarim e bot\u00f5es funcionais no busto. Possui manga balon\u00ea. Saia no modelo evas\u00ea com aplica\u00e7\u00e3o de 1 maria com o mesmo tecido com bordados 3D marcada com barrado Thomas.<\/p>\n<p>Tamanhos e Medidas:<\/p>\n<p>M\u00a0 \u00a0 Busto: 100\u00a0 \u00a0 \u00a0 Cintura: 78\u00a0 \u00a0 \u00a0 \u00a0Quadril: 108\u00a0 \u00a0 \u00a0 Comprimento: 111<\/p>\n<p>G\u00a0 \u00a0 \u00a0Busto: 104\u00a0 \u00a0 \u00a0 Cintura: 82\u00a0 \u00a0 \u00a0 \u00a0Quadril: 112\u00a0 \u00a0 \u00a0 \u00a0Comprimento: 112.<\/p>","protected":false},"excerpt":{"rendered":"<p>Vestido na cambraia bordada 3D. Possui gola colarim e bot\u00f5es funcionais no busto. Possui manga balon\u00ea. Saia no modelo evas\u00ea com aplica\u00e7\u00e3o de 1 maria com o mesmo tecido com bordados 3D marcada com barrado Thomas. Tamanhos e Medidas: M\u00a0 \u00a0 Busto: 100\u00a0 \u00a0 \u00a0 Cintura: 78\u00a0 \u00a0 \u00a0 \u00a0Quadril: 108\u00a0 \u00a0 \u00a0 Comprimento: 111 [&hellip;]<\/p>\n","protected":false},"featured_media":6938,"comment_status":"open","ping_status":"closed","template":"","meta":{"_joinchat":[]},"product_brand":[],"product_cat":[15],"product_tag":[],"class_list":{"0":"post-6937","1":"product","2":"type-product","3":"status-publish","4":"has-post-thumbnail","6":"product_cat-sem-categoria","8":"first","9":"instock","10":"shipping-taxable","11":"purchasable","12":"product-type-variable"},"_links":{"self":[{"href":"https:\/\/viamorenno.com.br\/en\/wp-json\/wp\/v2\/product\/6937","targetHints":{"allow":["GET"]}}],"collection":[{"href":"https:\/\/viamorenno.com.br\/en\/wp-json\/wp\/v2\/product"}],"about":[{"href":"https:\/\/viamorenno.com.br\/en\/wp-json\/wp\/v2\/types\/product"}],"replies":[{"embeddable":true,"href":"https:\/\/viamorenno.com.br\/en\/wp-json\/wp\/v2\/comments?post=6937"}],"version-history":[{"count":0,"href":"https:\/\/viamorenno.com.br\/en\/wp-json\/wp\/v2\/product\/6937\/revisions"}],"wp:featuredmedia":[{"embeddable":true,"href":"https:\/\/viamorenno.com.br\/en\/wp-json\/wp\/v2\/media\/6938"}],"wp:attachment":[{"href":"https:\/\/viamorenno.com.br\/en\/wp-json\/wp\/v2\/media?parent=6937"}],"wp:term":[{"taxonomy":"product_brand","embeddable":true,"href":"https:\/\/viamorenno.com.br\/en\/wp-json\/wp\/v2\/product_brand?post=6937"},{"taxonomy":"product_cat","embeddable":true,"href":"https:\/\/viamorenno.com.br\/en\/wp-json\/wp\/v2\/product_cat?post=6937"},{"taxonomy":"product_tag","embeddable":true,"href":"https:\/\/viamorenno.com.br\/en\/wp-json\/wp\/v2\/product_tag?post=6937"}],"curies":[{"name":"wp","href":"https:\/\/api.w.org\/{rel}","templated":true}]}}