{"id":6974,"date":"2025-12-09T20:19:51","date_gmt":"2025-12-09T20:19:51","guid":{"rendered":"https:\/\/viamorenno.com.br\/?post_type=product&#038;p=6974"},"modified":"2025-12-18T20:24:20","modified_gmt":"2025-12-18T20:24:20","slug":"vestido-laisa","status":"publish","type":"product","link":"https:\/\/viamorenno.com.br\/en\/product\/vestido-laisa\/","title":{"rendered":"Vestido Laisa"},"content":{"rendered":"<p>Vestido lady like em tule trabalhado com flores e forrado com sedinha. Possui decote cora\u00e7\u00e3o e mangas estilo princesa com el\u00e1stico no punho. A saia \u00e9 evas\u00ea, com camadas de babados no tule e forro adicional al\u00e9m da sedinha. Possui z\u00edper nas costas.<\/p>\n<p>Tabela de medidas:<br \/>\nM: Busto 100 cm | Cintura 84 cm | Quadril evas\u00ea | Comprimento 104 cm<br \/>\nG: Busto 104 cm | Cintura 88 cm | Quadril evas\u00ea | Comprimento 105 cm<\/p>","protected":false},"excerpt":{"rendered":"<p>Vestido lady like em tule trabalhado com flores e forrado com sedinha. Possui decote cora\u00e7\u00e3o e mangas estilo princesa com el\u00e1stico no punho. A saia \u00e9 evas\u00ea, com camadas de babados no tule e forro adicional al\u00e9m da sedinha. Possui z\u00edper nas costas. Tabela de medidas: M: Busto 100 cm | Cintura 84 cm | [&hellip;]<\/p>\n","protected":false},"featured_media":6975,"comment_status":"open","ping_status":"closed","template":"","meta":{"_joinchat":[]},"product_brand":[],"product_cat":[15],"product_tag":[],"class_list":{"0":"post-6974","1":"product","2":"type-product","3":"status-publish","4":"has-post-thumbnail","6":"product_cat-sem-categoria","8":"first","9":"instock","10":"shipping-taxable","11":"purchasable","12":"product-type-variable"},"_links":{"self":[{"href":"https:\/\/viamorenno.com.br\/en\/wp-json\/wp\/v2\/product\/6974","targetHints":{"allow":["GET"]}}],"collection":[{"href":"https:\/\/viamorenno.com.br\/en\/wp-json\/wp\/v2\/product"}],"about":[{"href":"https:\/\/viamorenno.com.br\/en\/wp-json\/wp\/v2\/types\/product"}],"replies":[{"embeddable":true,"href":"https:\/\/viamorenno.com.br\/en\/wp-json\/wp\/v2\/comments?post=6974"}],"version-history":[{"count":0,"href":"https:\/\/viamorenno.com.br\/en\/wp-json\/wp\/v2\/product\/6974\/revisions"}],"wp:featuredmedia":[{"embeddable":true,"href":"https:\/\/viamorenno.com.br\/en\/wp-json\/wp\/v2\/media\/6975"}],"wp:attachment":[{"href":"https:\/\/viamorenno.com.br\/en\/wp-json\/wp\/v2\/media?parent=6974"}],"wp:term":[{"taxonomy":"product_brand","embeddable":true,"href":"https:\/\/viamorenno.com.br\/en\/wp-json\/wp\/v2\/product_brand?post=6974"},{"taxonomy":"product_cat","embeddable":true,"href":"https:\/\/viamorenno.com.br\/en\/wp-json\/wp\/v2\/product_cat?post=6974"},{"taxonomy":"product_tag","embeddable":true,"href":"https:\/\/viamorenno.com.br\/en\/wp-json\/wp\/v2\/product_tag?post=6974"}],"curies":[{"name":"wp","href":"https:\/\/api.w.org\/{rel}","templated":true}]}}