{"id":6982,"date":"2025-12-09T21:00:12","date_gmt":"2025-12-09T21:00:12","guid":{"rendered":"https:\/\/viamorenno.com.br\/?post_type=product&#038;p=6982"},"modified":"2026-02-26T18:55:04","modified_gmt":"2026-02-26T18:55:04","slug":"vestido-mirela","status":"publish","type":"product","link":"https:\/\/viamorenno.com.br\/en\/product\/vestido-mirela\/","title":{"rendered":"Vestido Mirela"},"content":{"rendered":"<p>Vestido no modelo tubinho, confeccionado em malha lurex com elastano, trabalhada com pontos de brilho. Possui decote \u201cV\u201d transpassado, formando um leve franzido no busto. As mangas s\u00e3o 3\/4, levemente bufantes, com punho fechado.<br \/>\nA saia segue o modelo tubinho, com aplica\u00e7\u00e3o de babado frontal vertical e aplica\u00e7\u00e3o de flor em broche opcional. Possui forro.<\/p>\n<p>P\u00a0 \u00a0 \u00a0Busto: 88 cm\u00a0 \u00a0 \u00a0 Cintura: 66 cm\u00a0 \u00a0 \u00a0 \u00a0Quadril: 90 cm\u00a0 \u00a0 \u00a0 Comprimento:\u00a0 115 cm<br \/>\nM\u00a0 \u00a0 Busto: 92 cm\u00a0 \u00a0 \u00a0 Cintura: 70 cm\u00a0 \u00a0 \u00a0 \u00a0 Quadril: 94 cm\u00a0 \u00a0 \u00a0 Comprimento: 116 cm<br \/>\nG\u00a0 \u00a0 \u00a0Busto: 96 cm\u00a0 \u00a0 \u00a0 Cintura: 74 cm\u00a0 \u00a0 \u00a0 \u00a0 Quadril: 98 cm\u00a0 \u00a0 \u00a0 \u00a0Comprimemnto: 117 cm<\/p>","protected":false},"excerpt":{"rendered":"<p>Vestido no modelo tubinho, confeccionado em malha lurex com elastano, trabalhada com pontos de brilho. Possui decote \u201cV\u201d transpassado, formando um leve franzido no busto. As mangas s\u00e3o 3\/4, levemente bufantes, com punho fechado. A saia segue o modelo tubinho, com aplica\u00e7\u00e3o de babado frontal vertical e aplica\u00e7\u00e3o de flor em broche opcional. Possui forro. [&hellip;]<\/p>\n","protected":false},"featured_media":6999,"comment_status":"open","ping_status":"closed","template":"","meta":{"_joinchat":[]},"product_brand":[],"product_cat":[116],"product_tag":[],"class_list":{"0":"post-6982","1":"product","2":"type-product","3":"status-publish","4":"has-post-thumbnail","6":"product_cat-vestidos","8":"first","9":"instock","10":"sale","11":"shipping-taxable","12":"purchasable","13":"product-type-variable"},"_links":{"self":[{"href":"https:\/\/viamorenno.com.br\/en\/wp-json\/wp\/v2\/product\/6982","targetHints":{"allow":["GET"]}}],"collection":[{"href":"https:\/\/viamorenno.com.br\/en\/wp-json\/wp\/v2\/product"}],"about":[{"href":"https:\/\/viamorenno.com.br\/en\/wp-json\/wp\/v2\/types\/product"}],"replies":[{"embeddable":true,"href":"https:\/\/viamorenno.com.br\/en\/wp-json\/wp\/v2\/comments?post=6982"}],"version-history":[{"count":0,"href":"https:\/\/viamorenno.com.br\/en\/wp-json\/wp\/v2\/product\/6982\/revisions"}],"wp:featuredmedia":[{"embeddable":true,"href":"https:\/\/viamorenno.com.br\/en\/wp-json\/wp\/v2\/media\/6999"}],"wp:attachment":[{"href":"https:\/\/viamorenno.com.br\/en\/wp-json\/wp\/v2\/media?parent=6982"}],"wp:term":[{"taxonomy":"product_brand","embeddable":true,"href":"https:\/\/viamorenno.com.br\/en\/wp-json\/wp\/v2\/product_brand?post=6982"},{"taxonomy":"product_cat","embeddable":true,"href":"https:\/\/viamorenno.com.br\/en\/wp-json\/wp\/v2\/product_cat?post=6982"},{"taxonomy":"product_tag","embeddable":true,"href":"https:\/\/viamorenno.com.br\/en\/wp-json\/wp\/v2\/product_tag?post=6982"}],"curies":[{"name":"wp","href":"https:\/\/api.w.org\/{rel}","templated":true}]}}