{"id":6990,"date":"2025-12-12T16:00:35","date_gmt":"2025-12-12T16:00:35","guid":{"rendered":"https:\/\/viamorenno.com.br\/?post_type=product&#038;p=6990"},"modified":"2026-03-30T21:42:22","modified_gmt":"2026-03-30T21:42:22","slug":"vestido-vanusa","status":"publish","type":"product","link":"https:\/\/viamorenno.com.br\/en\/product\/vestido-vanusa\/","title":{"rendered":"Vestido Vanusa"},"content":{"rendered":"<p>Vestido no modelo midi no tecido de alfaiataria premium. Possui decote em \u201cV\u201d com gola redonda e manga curta levemente bufante com punho fechado. Acompanha faixa com aplica\u00e7\u00e3o de la\u00e7o para usar na cintura com bot\u00f5es funcionais. Saia no modelo god\u00ea com nesgas. Possui z\u00edper nas costas<\/p>\n<p>Tamanhos e Medidas:<\/p>\n<p>Tamanho Busto Cintura Quadril Comprimento<\/p>\n<p>PP\u00a0 \u00a0 Busto: 92\u00a0 \u00a0 \u00a0 Cintura: 72\u00a0 \u00a0 \u00a0 \u00a0Quadril: God\u00ea\u00a0 \u00a0 \u00a0 Comprimento: 118<br \/>\nP\u00a0 \u00a0 \u00a0 \u00a0Busto: 96\u00a0 \u00a0 \u00a0 Cintura: 76\u00a0 \u00a0 \u00a0 \u00a0 Quadril: God\u00ea\u00a0 \u00a0 \u00a0Comprimenro: 119<br \/>\nM\u00a0 \u00a0 \u00a0 Busto: 100\u00a0 \u00a0 Cintura: 80\u00a0 \u00a0 \u00a0 \u00a0Quadril: God\u00ea\u00a0 \u00a0 \u00a0Comprimento: 120<\/p>","protected":false},"excerpt":{"rendered":"<p>Vestido no modelo midi no tecido de alfaiataria premium. Possui decote em \u201cV\u201d com gola redonda e manga curta levemente bufante com punho fechado. Acompanha faixa com aplica\u00e7\u00e3o de la\u00e7o para usar na cintura com bot\u00f5es funcionais. Saia no modelo god\u00ea com nesgas. Possui z\u00edper nas costas Tamanhos e Medidas: Tamanho Busto Cintura Quadril Comprimento [&hellip;]<\/p>\n","protected":false},"featured_media":6991,"comment_status":"open","ping_status":"closed","template":"","meta":{"_joinchat":[]},"product_brand":[],"product_cat":[210,116],"product_tag":[],"class_list":{"0":"post-6990","1":"product","2":"type-product","3":"status-publish","4":"has-post-thumbnail","6":"product_cat-vestido-midi","7":"product_cat-vestidos","9":"first","10":"instock","11":"sale","12":"shipping-taxable","13":"purchasable","14":"product-type-variable"},"_links":{"self":[{"href":"https:\/\/viamorenno.com.br\/en\/wp-json\/wp\/v2\/product\/6990","targetHints":{"allow":["GET"]}}],"collection":[{"href":"https:\/\/viamorenno.com.br\/en\/wp-json\/wp\/v2\/product"}],"about":[{"href":"https:\/\/viamorenno.com.br\/en\/wp-json\/wp\/v2\/types\/product"}],"replies":[{"embeddable":true,"href":"https:\/\/viamorenno.com.br\/en\/wp-json\/wp\/v2\/comments?post=6990"}],"version-history":[{"count":0,"href":"https:\/\/viamorenno.com.br\/en\/wp-json\/wp\/v2\/product\/6990\/revisions"}],"wp:featuredmedia":[{"embeddable":true,"href":"https:\/\/viamorenno.com.br\/en\/wp-json\/wp\/v2\/media\/6991"}],"wp:attachment":[{"href":"https:\/\/viamorenno.com.br\/en\/wp-json\/wp\/v2\/media?parent=6990"}],"wp:term":[{"taxonomy":"product_brand","embeddable":true,"href":"https:\/\/viamorenno.com.br\/en\/wp-json\/wp\/v2\/product_brand?post=6990"},{"taxonomy":"product_cat","embeddable":true,"href":"https:\/\/viamorenno.com.br\/en\/wp-json\/wp\/v2\/product_cat?post=6990"},{"taxonomy":"product_tag","embeddable":true,"href":"https:\/\/viamorenno.com.br\/en\/wp-json\/wp\/v2\/product_tag?post=6990"}],"curies":[{"name":"wp","href":"https:\/\/api.w.org\/{rel}","templated":true}]}}