{"id":6996,"date":"2025-12-12T16:19:29","date_gmt":"2025-12-12T16:19:29","guid":{"rendered":"https:\/\/viamorenno.com.br\/?post_type=product&#038;p=6996"},"modified":"2026-01-22T14:40:07","modified_gmt":"2026-01-22T14:40:07","slug":"vestido-cleide","status":"publish","type":"product","link":"https:\/\/viamorenno.com.br\/en\/product\/vestido-cleide\/","title":{"rendered":"Vestido Cleide"},"content":{"rendered":"<p>Vestido longo no novo modelo feito em sedinha estampada. Possui decote cora\u00e7\u00e3o e aplica\u00e7\u00e3o de renda guipir no busto e na cintura. Tem manga princesa levemente bufante com aplica\u00e7\u00e3o de babado no ombro. A saia \u00e9 no modelo mullet com aplica\u00e7\u00e3o de babado transpassado. Possui z\u00edper nas costas e \u00e9 forrado.<\/p>\n<p>Tamanhos e Medidas:<\/p>\n<p>M<br \/>\nBusto: 96 cm<br \/>\nCintura: 76 cm<br \/>\nQuadril: Evas\u00ea<br \/>\nComprimento: 114 cm<\/p>","protected":false},"excerpt":{"rendered":"<p>Vestido longo no novo modelo feito em sedinha estampada. Possui decote cora\u00e7\u00e3o e aplica\u00e7\u00e3o de renda guipir no busto e na cintura. Tem manga princesa levemente bufante com aplica\u00e7\u00e3o de babado no ombro. A saia \u00e9 no modelo mullet com aplica\u00e7\u00e3o de babado transpassado. Possui z\u00edper nas costas e \u00e9 forrado. Tamanhos e Medidas: M [&hellip;]<\/p>\n","protected":false},"featured_media":6998,"comment_status":"open","ping_status":"closed","template":"","meta":{"_joinchat":[]},"product_brand":[],"product_cat":[118,116],"product_tag":[],"class_list":{"0":"post-6996","1":"product","2":"type-product","3":"status-publish","4":"has-post-thumbnail","6":"product_cat-vestido-longo","7":"product_cat-vestidos","9":"first","10":"instock","11":"shipping-taxable","12":"purchasable","13":"product-type-variable"},"_links":{"self":[{"href":"https:\/\/viamorenno.com.br\/en\/wp-json\/wp\/v2\/product\/6996","targetHints":{"allow":["GET"]}}],"collection":[{"href":"https:\/\/viamorenno.com.br\/en\/wp-json\/wp\/v2\/product"}],"about":[{"href":"https:\/\/viamorenno.com.br\/en\/wp-json\/wp\/v2\/types\/product"}],"replies":[{"embeddable":true,"href":"https:\/\/viamorenno.com.br\/en\/wp-json\/wp\/v2\/comments?post=6996"}],"version-history":[{"count":0,"href":"https:\/\/viamorenno.com.br\/en\/wp-json\/wp\/v2\/product\/6996\/revisions"}],"wp:featuredmedia":[{"embeddable":true,"href":"https:\/\/viamorenno.com.br\/en\/wp-json\/wp\/v2\/media\/6998"}],"wp:attachment":[{"href":"https:\/\/viamorenno.com.br\/en\/wp-json\/wp\/v2\/media?parent=6996"}],"wp:term":[{"taxonomy":"product_brand","embeddable":true,"href":"https:\/\/viamorenno.com.br\/en\/wp-json\/wp\/v2\/product_brand?post=6996"},{"taxonomy":"product_cat","embeddable":true,"href":"https:\/\/viamorenno.com.br\/en\/wp-json\/wp\/v2\/product_cat?post=6996"},{"taxonomy":"product_tag","embeddable":true,"href":"https:\/\/viamorenno.com.br\/en\/wp-json\/wp\/v2\/product_tag?post=6996"}],"curies":[{"name":"wp","href":"https:\/\/api.w.org\/{rel}","templated":true}]}}